{"id":45516,"date":"2023-05-12T11:23:50","date_gmt":"2023-05-12T08:23:50","guid":{"rendered":"https:\/\/exlibris.ee\/toode\/ouduste-kolakoda-tartu-raekoja-katusel\/"},"modified":"2026-04-25T21:32:14","modified_gmt":"2026-04-25T18:32:14","slug":"ouduste-kolakoda-tartu-raekoja-katusel","status":"publish","type":"product","link":"https:\/\/exlibris.ee\/en\/product\/ouduste-kolakoda-tartu-raekoja-katusel\/","title":{"rendered":"\u00d5uduste k\u00f5lakoda Tartu raekoja katusel"},"content":{"rendered":"<p>Autori s\u00f5nul on &#8220;\u00d5uduste k\u00f5lakoda Tartu Raekoja katusel&#8221; unejutte julgetele. See on enneolematu v\u00e4ljas\u00f5it teadmata sihtkohta, loomulikult antakse start reedel, 13. kuup\u00e4eval. Reis algab Tartu raekoja katuselt, aga julgust pole siin vaja mitte katusele ronimiseks, vaid selleks, mis hiljem ees ootab. See retk pole vaate imetlemine harjumatust k\u00f5rgusest, vaid haarav teekond, hulk spontaanseid r\u00e4nnakuid elumerel v\u00f5i -maanteel. Iga tegelane rullib lahti jupi elatud elust, et seda publiku osalusel uuesti l\u00e4bi elada. Siis keritakse kulunud elukangas j\u00e4lle rulli ning teatepulk liigub j\u00e4rgmisele jutustajale, kes avab ukse oma maailma. Lugeja, kes r\u00e4ndab koos jutustajatega ootamatutesse paikadesse, tahaks ehk m\u00f5ne j\u00e4rsema k\u00e4\u00e4naku vahelegi j\u00e4tta, peatust k\u00fcsida ja koju pageda, kuid p\u00f5nevus ei lase. Uudishimu kannustab, s\u00f5it kestab ja kiirus kasvab. \u00dcllatusi j\u00e4tkub. Jagub ka hirmu ja valu, v\u00e4rve ja vaimukust. Kui pikalt vait p\u00fcsinud T\u00fcdruk viimaks suu avab, saab teekond hoopis uue sihi &#8230;<\/p>\n","protected":false},"excerpt":{"rendered":"<p>Autori s\u00f5nul on &#8220;\u00d5uduste k\u00f5lakoda Tartu Raekoja katusel&#8221; unejutte julgetele. See on enneolematu v\u00e4ljas\u00f5it teadmata sihtkohta, loomulikult antakse start reedel, 13. kuup\u00e4eval. Reis algab Tartu raekoja katuselt, aga julgust pole siin vaja mitte katusele ronimiseks, vaid selleks, mis hiljem ees&#8230;<\/p>\n","protected":false},"featured_media":189537,"template":"","meta":{"_acf_changed":false,"inline_featured_image":false},"product_brand":[],"product_cat":[2429],"product_tag":[],"series":[],"publisher":[{"id":1089,"name":"Sulemees","slug":"sulemees"}],"class_list":{"0":"post-45516","1":"product","2":"type-product","3":"status-publish","4":"has-post-thumbnail","6":"product_cat-rpro-eesti","7":"publisher-sulemees","9":"first","10":"instock","11":"taxable","12":"shipping-taxable","13":"purchasable","14":"product-type-simple"},"acf":[],"_links":{"self":[{"href":"https:\/\/exlibris.ee\/en\/wp-json\/wp\/v2\/product\/45516","targetHints":{"allow":["GET"]}}],"collection":[{"href":"https:\/\/exlibris.ee\/en\/wp-json\/wp\/v2\/product"}],"about":[{"href":"https:\/\/exlibris.ee\/en\/wp-json\/wp\/v2\/types\/product"}],"wp:featuredmedia":[{"embeddable":true,"href":"https:\/\/exlibris.ee\/en\/wp-json\/wp\/v2\/media\/189537"}],"wp:attachment":[{"href":"https:\/\/exlibris.ee\/en\/wp-json\/wp\/v2\/media?parent=45516"}],"wp:term":[{"taxonomy":"product_brand","embeddable":true,"href":"https:\/\/exlibris.ee\/en\/wp-json\/wp\/v2\/product_brand?post=45516"},{"taxonomy":"product_cat","embeddable":true,"href":"https:\/\/exlibris.ee\/en\/wp-json\/wp\/v2\/product_cat?post=45516"},{"taxonomy":"product_tag","embeddable":true,"href":"https:\/\/exlibris.ee\/en\/wp-json\/wp\/v2\/product_tag?post=45516"},{"taxonomy":"series","embeddable":true,"href":"https:\/\/exlibris.ee\/en\/wp-json\/wp\/v2\/series?post=45516"},{"taxonomy":"publisher","embeddable":true,"href":"https:\/\/exlibris.ee\/en\/wp-json\/wp\/v2\/publisher?post=45516"}],"curies":[{"name":"wp","href":"https:\/\/api.w.org\/{rel}","templated":true}]}}