{"id":45520,"date":"2023-05-12T11:23:52","date_gmt":"2023-05-12T08:23:52","guid":{"rendered":"https:\/\/exlibris.ee\/toode\/%d0%bb%d0%b0%d1%82%d1%8b%d1%88%d1%81%d0%ba%d0%b8%d0%b9-%d1%8f%d0%b7%d1%8b%d0%ba-%d0%b4%d0%bb%d1%8f-%d0%b2%d1%81%d0%b5%d1%85\/"},"modified":"2026-04-05T19:38:47","modified_gmt":"2026-04-05T16:38:47","slug":"%d0%bb%d0%b0%d1%82%d1%8b%d1%88%d1%81%d0%ba%d0%b8%d0%b9-%d1%8f%d0%b7%d1%8b%d0%ba-%d0%b4%d0%bb%d1%8f-%d0%b2%d1%81%d0%b5%d1%85","status":"publish","type":"product","link":"https:\/\/exlibris.ee\/en\/product\/%d0%bb%d0%b0%d1%82%d1%8b%d1%88%d1%81%d0%ba%d0%b8%d0%b9-%d1%8f%d0%b7%d1%8b%d0%ba-%d0%b4%d0%bb%d1%8f-%d0%b2%d1%81%d0%b5%d1%85\/","title":{"rendered":"\u041b\u0430\u0442\u044b\u0448\u0441\u043a\u0438\u0439 \u044f\u0437\u044b\u043a \u0434\u043b\u044f \u0432\u0441\u0435\u0445"},"content":{"rendered":"","protected":false},"excerpt":{"rendered":"","protected":false},"featured_media":106864,"template":"","meta":{"_acf_changed":false,"inline_featured_image":false},"product_brand":[],"product_cat":[721],"product_tag":[],"series":[{"id":1090,"name":"Laipa. Latvie\u0161u valoda","slug":"laipa-latviesu-valoda"}],"publisher":[{"id":1091,"name":"Latvie\u0161u valodas a\u0123ent\u016bra","slug":"latviesu-valodas-agentura"}],"class_list":{"0":"post-45520","1":"product","2":"type-product","3":"status-publish","4":"has-post-thumbnail","6":"product_cat-lati-keel","7":"series-laipa-latviesu-valoda","8":"publisher-latviesu-valodas-agentura","10":"first","11":"instock","12":"taxable","13":"shipping-taxable","14":"purchasable","15":"product-type-simple"},"acf":[],"_links":{"self":[{"href":"https:\/\/exlibris.ee\/en\/wp-json\/wp\/v2\/product\/45520","targetHints":{"allow":["GET"]}}],"collection":[{"href":"https:\/\/exlibris.ee\/en\/wp-json\/wp\/v2\/product"}],"about":[{"href":"https:\/\/exlibris.ee\/en\/wp-json\/wp\/v2\/types\/product"}],"wp:featuredmedia":[{"embeddable":true,"href":"https:\/\/exlibris.ee\/en\/wp-json\/wp\/v2\/media\/106864"}],"wp:attachment":[{"href":"https:\/\/exlibris.ee\/en\/wp-json\/wp\/v2\/media?parent=45520"}],"wp:term":[{"taxonomy":"product_brand","embeddable":true,"href":"https:\/\/exlibris.ee\/en\/wp-json\/wp\/v2\/product_brand?post=45520"},{"taxonomy":"product_cat","embeddable":true,"href":"https:\/\/exlibris.ee\/en\/wp-json\/wp\/v2\/product_cat?post=45520"},{"taxonomy":"product_tag","embeddable":true,"href":"https:\/\/exlibris.ee\/en\/wp-json\/wp\/v2\/product_tag?post=45520"},{"taxonomy":"series","embeddable":true,"href":"https:\/\/exlibris.ee\/en\/wp-json\/wp\/v2\/series?post=45520"},{"taxonomy":"publisher","embeddable":true,"href":"https:\/\/exlibris.ee\/en\/wp-json\/wp\/v2\/publisher?post=45520"}],"curies":[{"name":"wp","href":"https:\/\/api.w.org\/{rel}","templated":true}]}}