{"id":45530,"date":"2023-05-12T11:23:57","date_gmt":"2023-05-12T08:23:57","guid":{"rendered":"https:\/\/exlibris.ee\/toode\/laipa-latviesu-valoda-b2\/"},"modified":"2026-04-05T19:38:48","modified_gmt":"2026-04-05T16:38:48","slug":"laipa-latviesu-valoda-b2","status":"publish","type":"product","link":"https:\/\/exlibris.ee\/en\/product\/laipa-latviesu-valoda-b2\/","title":{"rendered":"Laipa. Latvie\u0161u valoda B2"},"content":{"rendered":"","protected":false},"excerpt":{"rendered":"","protected":false},"featured_media":58897,"template":"","meta":{"_acf_changed":false,"inline_featured_image":false},"product_brand":[],"product_cat":[721],"product_tag":[],"series":[{"id":1090,"name":"Laipa. Latvie\u0161u valoda","slug":"laipa-latviesu-valoda"}],"publisher":[{"id":1091,"name":"Latvie\u0161u valodas a\u0123ent\u016bra","slug":"latviesu-valodas-agentura"}],"class_list":{"0":"post-45530","1":"product","2":"type-product","3":"status-publish","4":"has-post-thumbnail","6":"product_cat-lati-keel","7":"series-laipa-latviesu-valoda","8":"publisher-latviesu-valodas-agentura","10":"first","11":"instock","12":"taxable","13":"shipping-taxable","14":"purchasable","15":"product-type-simple"},"acf":[],"_links":{"self":[{"href":"https:\/\/exlibris.ee\/en\/wp-json\/wp\/v2\/product\/45530","targetHints":{"allow":["GET"]}}],"collection":[{"href":"https:\/\/exlibris.ee\/en\/wp-json\/wp\/v2\/product"}],"about":[{"href":"https:\/\/exlibris.ee\/en\/wp-json\/wp\/v2\/types\/product"}],"wp:featuredmedia":[{"embeddable":true,"href":"https:\/\/exlibris.ee\/en\/wp-json\/wp\/v2\/media\/58897"}],"wp:attachment":[{"href":"https:\/\/exlibris.ee\/en\/wp-json\/wp\/v2\/media?parent=45530"}],"wp:term":[{"taxonomy":"product_brand","embeddable":true,"href":"https:\/\/exlibris.ee\/en\/wp-json\/wp\/v2\/product_brand?post=45530"},{"taxonomy":"product_cat","embeddable":true,"href":"https:\/\/exlibris.ee\/en\/wp-json\/wp\/v2\/product_cat?post=45530"},{"taxonomy":"product_tag","embeddable":true,"href":"https:\/\/exlibris.ee\/en\/wp-json\/wp\/v2\/product_tag?post=45530"},{"taxonomy":"series","embeddable":true,"href":"https:\/\/exlibris.ee\/en\/wp-json\/wp\/v2\/series?post=45530"},{"taxonomy":"publisher","embeddable":true,"href":"https:\/\/exlibris.ee\/en\/wp-json\/wp\/v2\/publisher?post=45530"}],"curies":[{"name":"wp","href":"https:\/\/api.w.org\/{rel}","templated":true}]}}