{"id":47031,"date":"2023-05-19T12:23:07","date_gmt":"2023-05-19T09:23:07","guid":{"rendered":"https:\/\/exlibris.ee\/toode\/pingpong-neu-3-dein-deutschbuch-lehrbuch\/"},"modified":"2026-04-05T15:25:44","modified_gmt":"2026-04-05T12:25:44","slug":"pingpong-neu-3-dein-deutschbuch-lehrbuch","status":"publish","type":"product","link":"https:\/\/exlibris.ee\/en\/product\/pingpong-neu-3-dein-deutschbuch-lehrbuch\/","title":{"rendered":"Pingpong Neu 3  Dein Deutschbuch \/ Lehrbuch"},"content":{"rendered":"<p>Zielgruppe: Jugendliche Lerner im In- und Ausland ohne Vorkenntnisse im Deutschen. Lernziel: Der Kurs f\u00fchrt in drei B\u00e4nden zum Niveau des Zertifikats Deutsch. Pingpong neu geht auf die Anforderungen ein, die ein moderner Sprachunterricht an ein Lehrwerk f\u00fcr Jugendliche stellt. Anhand von jugendnahen Themen und Situationen wird eine authentische Alltagssprache vermittelt. Die Dialoge und Situationen sind so angelegt, dass die Lerner von der ersten Stunde an miteinander kommunizieren k\u00f6nnen. Aktives Lernen h\u00e4lt das Interesse an der neuen Sprache und ihrem Umfeld wach. Gruppenarbeit, Spiele und Lieder sorgen f\u00fcr Abwechslung und Anregung unterschiedlicher Lernimpulse. Der Lernstoff wird in kurzen, \u00fcberschaubaren Einheiten angeboten, die in sich abgeschlossen sind. Am Ende jeder Einheit gibt es einen am\u00fcsanten Lesetext mit \u00dcbungen zum Leseverstehen. Darauf folgen eine Zusammenfassung der erarbeiteten Grammatikstrukturen und des aktiven Wortschatzes. (So ist sich der Lerner in kleinen Schritten bewusst, was er bereits gelernt hat.) Lerntipps f\u00fchren von Anfang an zu einem selbstgesteuerten Lernen. Sie geben den Sch\u00fclern die M\u00f6glichkeit zu entdecken, wie sie ihren individuellen Lernprozess effektiver machen k\u00f6nnen. Damit ist ein Schritt hin zum selbstgesteuerten Lernen getan.Im Arbeitsbuch werden Tests angeboten, anhand derer der Lerner sich selbst kontrollieren kann. Das Lehrerhandbuch bietet dar\u00fcberhinaus Kopiervorlagen f\u00fcr weitere Tests an. Weitere Informationen und kostenlose Materialien finden Sie in unserem Lehrwerkservice.<\/p>\n","protected":false},"excerpt":{"rendered":"<p>Zielgruppe: Jugendliche Lerner im In- und Ausland ohne Vorkenntnisse im Deutschen. Lernziel: Der Kurs f\u00fchrt in drei B\u00e4nden zum Niveau des Zertifikats Deutsch. Pingpong neu geht auf die Anforderungen ein, die ein moderner Sprachunterricht an ein Lehrwerk f\u00fcr Jugendliche stellt&#8230;.<\/p>\n","protected":false},"featured_media":55471,"template":"","meta":{"_acf_changed":false,"inline_featured_image":false},"product_brand":[],"product_cat":[477],"product_tag":[],"series":[{"id":1123,"name":"Pingpong Neu","slug":"pingpong-neu"}],"publisher":[{"id":497,"name":"Hueber Verlag","slug":"hueber-verlag"}],"class_list":{"0":"post-47031","1":"product","2":"type-product","3":"status-publish","4":"has-post-thumbnail","6":"product_cat-lehrwerke-fur-jugendliche","7":"series-pingpong-neu","8":"publisher-hueber-verlag","10":"first","11":"instock","12":"taxable","13":"shipping-taxable","14":"purchasable","15":"product-type-simple"},"acf":[],"_links":{"self":[{"href":"https:\/\/exlibris.ee\/en\/wp-json\/wp\/v2\/product\/47031","targetHints":{"allow":["GET"]}}],"collection":[{"href":"https:\/\/exlibris.ee\/en\/wp-json\/wp\/v2\/product"}],"about":[{"href":"https:\/\/exlibris.ee\/en\/wp-json\/wp\/v2\/types\/product"}],"wp:featuredmedia":[{"embeddable":true,"href":"https:\/\/exlibris.ee\/en\/wp-json\/wp\/v2\/media\/55471"}],"wp:attachment":[{"href":"https:\/\/exlibris.ee\/en\/wp-json\/wp\/v2\/media?parent=47031"}],"wp:term":[{"taxonomy":"product_brand","embeddable":true,"href":"https:\/\/exlibris.ee\/en\/wp-json\/wp\/v2\/product_brand?post=47031"},{"taxonomy":"product_cat","embeddable":true,"href":"https:\/\/exlibris.ee\/en\/wp-json\/wp\/v2\/product_cat?post=47031"},{"taxonomy":"product_tag","embeddable":true,"href":"https:\/\/exlibris.ee\/en\/wp-json\/wp\/v2\/product_tag?post=47031"},{"taxonomy":"series","embeddable":true,"href":"https:\/\/exlibris.ee\/en\/wp-json\/wp\/v2\/series?post=47031"},{"taxonomy":"publisher","embeddable":true,"href":"https:\/\/exlibris.ee\/en\/wp-json\/wp\/v2\/publisher?post=47031"}],"curies":[{"name":"wp","href":"https:\/\/api.w.org\/{rel}","templated":true}]}}