{"id":47038,"date":"2023-05-19T12:23:09","date_gmt":"2023-05-19T09:23:09","guid":{"rendered":"https:\/\/exlibris.ee\/toode\/miteinander-deutsch-fur-alltag-und-beruf-a1-1-kurs-und-arbeitsbuch-plus-interaktive-version\/"},"modified":"2026-04-07T03:28:57","modified_gmt":"2026-04-07T00:28:57","slug":"miteinander-deutsch-fur-alltag-und-beruf-a1-1-kurs-und-arbeitsbuch-plus-interaktive-version","status":"publish","type":"product","link":"https:\/\/exlibris.ee\/en\/product\/miteinander-deutsch-fur-alltag-und-beruf-a1-1-kurs-und-arbeitsbuch-plus-interaktive-version\/","title":{"rendered":"Miteinander! Deutsch f\u00fcr Alltag und Beruf A1.1  Kurs- und Arbeitsbuch plus interaktive Version"},"content":{"rendered":"<p>Miteinander! \u2013 das neue Lehrwerk f\u00fcr Integrationskurse (A1 &#8211; B1) f\u00fcr Deutsch als Zweitsprache Kurs- und Arbeitsbuch Miteinander! A1.1 \u2013 inklusive Startcode f\u00fcr die interaktive Version Zielgruppe: Erwachsene und Jugendliche ab 16 Jahren ohne Vorkenntnisse in Integrationskursen A1.1 in Deutschland Auch als regionale Ausgaben erh\u00e4ltlich. Miteinander! enth\u00e4lt eine interaktive Version und bietet eine optimale Verzahnung von Print und Digital f\u00fcr Online- und Pr\u00e4senzunterricht.<\/p>\n","protected":false},"excerpt":{"rendered":"<p>Miteinander! \u2013 das neue Lehrwerk f\u00fcr Integrationskurse (A1 &#8211; B1) f\u00fcr Deutsch als Zweitsprache Kurs- und Arbeitsbuch Miteinander! A1.1 \u2013 inklusive Startcode f\u00fcr die interaktive Version Zielgruppe: Erwachsene und Jugendliche ab 16 Jahren ohne Vorkenntnisse in Integrationskursen A1.1 in Deutschland&#8230;<\/p>\n","protected":false},"featured_media":55576,"template":"","meta":{"_acf_changed":false,"inline_featured_image":false},"product_brand":[],"product_cat":[885],"product_tag":[],"series":[{"id":1132,"name":"Miteinander","slug":"miteinander"}],"publisher":[{"id":497,"name":"Hueber Verlag","slug":"hueber-verlag"}],"class_list":{"0":"post-47038","1":"product","2":"type-product","3":"status-publish","4":"has-post-thumbnail","6":"product_cat-berufssprache","7":"series-miteinander","8":"publisher-hueber-verlag","10":"first","11":"onbackorder","12":"taxable","13":"shipping-taxable","14":"purchasable","15":"product-type-simple"},"acf":[],"_links":{"self":[{"href":"https:\/\/exlibris.ee\/en\/wp-json\/wp\/v2\/product\/47038","targetHints":{"allow":["GET"]}}],"collection":[{"href":"https:\/\/exlibris.ee\/en\/wp-json\/wp\/v2\/product"}],"about":[{"href":"https:\/\/exlibris.ee\/en\/wp-json\/wp\/v2\/types\/product"}],"wp:featuredmedia":[{"embeddable":true,"href":"https:\/\/exlibris.ee\/en\/wp-json\/wp\/v2\/media\/55576"}],"wp:attachment":[{"href":"https:\/\/exlibris.ee\/en\/wp-json\/wp\/v2\/media?parent=47038"}],"wp:term":[{"taxonomy":"product_brand","embeddable":true,"href":"https:\/\/exlibris.ee\/en\/wp-json\/wp\/v2\/product_brand?post=47038"},{"taxonomy":"product_cat","embeddable":true,"href":"https:\/\/exlibris.ee\/en\/wp-json\/wp\/v2\/product_cat?post=47038"},{"taxonomy":"product_tag","embeddable":true,"href":"https:\/\/exlibris.ee\/en\/wp-json\/wp\/v2\/product_tag?post=47038"},{"taxonomy":"series","embeddable":true,"href":"https:\/\/exlibris.ee\/en\/wp-json\/wp\/v2\/series?post=47038"},{"taxonomy":"publisher","embeddable":true,"href":"https:\/\/exlibris.ee\/en\/wp-json\/wp\/v2\/publisher?post=47038"}],"curies":[{"name":"wp","href":"https:\/\/api.w.org\/{rel}","templated":true}]}}