{"id":47048,"date":"2023-05-19T12:23:11","date_gmt":"2023-05-19T09:23:11","guid":{"rendered":"https:\/\/exlibris.ee\/toode\/lara-frankfurt-epub-download\/"},"modified":"2026-04-04T03:15:55","modified_gmt":"2026-04-04T00:15:55","slug":"lara-frankfurt-epub-download","status":"publish","type":"product","link":"https:\/\/exlibris.ee\/en\/product\/lara-frankfurt-epub-download\/","title":{"rendered":"Lara, Frankfurt  EPUB-Download"},"content":{"rendered":"<p>Echte Lekt\u00fcre auf der Niveaustufe A1! Kurze, einfache S\u00e4tze lassen vor dem inneren Auge des Lesers einen Film erstehen \u2013 Menschen, die mit ihren Gef\u00fchlen, ihren Hoffnungen, ihren Tr\u00e4umen und Begehrlichkeiten aufeinander treffen und ihr gegenseitiges Schicksal beeinflussen. Die Hueber Lese-Novelas bieten echten Lesestoff auf einem denkbar einfachen sprachlichen Niveau: Lesespa\u00df, der nicht durch didaktische Ma\u00dfnahmen ged\u00e4mpft wird; das gro\u00dfartige Gef\u00fchl, schon auf dieser fr\u00fchen Stufe des Lernens authentische Lese-Erlebnisse genie\u00dfen zu k\u00f6nnen; die Chance, sich einfach von den Geschehnissen mitrei\u00dfen zu lassen und dabei schon fast zu vergessen, dass es sich um Lekt\u00fcre in der \u201eschwierigen\u201c Zielsprache handelt: Lara bewirbt sich um einen Job bei einer exklusiven Privatbank in Frankfurt. Sie lernt Peter kennen, einen der Direktoren dieser Bank. Er f\u00fchrt sie in den Frankfurter Jetset ein, und die beiden kommen sich n\u00e4her. Allerdings gibt es da auch noch den geheimnisvollen Fremden im Caf\u00e9 \u201eRothschild\u201c \u2026<\/p>\n","protected":false},"excerpt":{"rendered":"<p>Echte Lekt\u00fcre auf der Niveaustufe A1! Kurze, einfache S\u00e4tze lassen vor dem inneren Auge des Lesers einen Film erstehen \u2013 Menschen, die mit ihren Gef\u00fchlen, ihren Hoffnungen, ihren Tr\u00e4umen und Begehrlichkeiten aufeinander treffen und ihr gegenseitiges Schicksal beeinflussen. Die Hueber&#8230;<\/p>\n","protected":false},"featured_media":55660,"template":"","meta":{"_acf_changed":false,"inline_featured_image":false},"product_brand":[],"product_cat":[851],"product_tag":[],"series":[{"id":1140,"name":"Lara, Frankfurt","slug":"lara-frankfurt"}],"publisher":[{"id":497,"name":"Hueber Verlag","slug":"hueber-verlag"}],"class_list":{"0":"post-47048","1":"product","2":"type-product","3":"status-publish","4":"has-post-thumbnail","6":"product_cat-lesetexte-deutsch","7":"series-lara-frankfurt","8":"publisher-hueber-verlag","10":"first","11":"onbackorder","12":"taxable","13":"shipping-taxable","14":"purchasable","15":"product-type-simple"},"acf":[],"_links":{"self":[{"href":"https:\/\/exlibris.ee\/en\/wp-json\/wp\/v2\/product\/47048","targetHints":{"allow":["GET"]}}],"collection":[{"href":"https:\/\/exlibris.ee\/en\/wp-json\/wp\/v2\/product"}],"about":[{"href":"https:\/\/exlibris.ee\/en\/wp-json\/wp\/v2\/types\/product"}],"wp:featuredmedia":[{"embeddable":true,"href":"https:\/\/exlibris.ee\/en\/wp-json\/wp\/v2\/media\/55660"}],"wp:attachment":[{"href":"https:\/\/exlibris.ee\/en\/wp-json\/wp\/v2\/media?parent=47048"}],"wp:term":[{"taxonomy":"product_brand","embeddable":true,"href":"https:\/\/exlibris.ee\/en\/wp-json\/wp\/v2\/product_brand?post=47048"},{"taxonomy":"product_cat","embeddable":true,"href":"https:\/\/exlibris.ee\/en\/wp-json\/wp\/v2\/product_cat?post=47048"},{"taxonomy":"product_tag","embeddable":true,"href":"https:\/\/exlibris.ee\/en\/wp-json\/wp\/v2\/product_tag?post=47048"},{"taxonomy":"series","embeddable":true,"href":"https:\/\/exlibris.ee\/en\/wp-json\/wp\/v2\/series?post=47048"},{"taxonomy":"publisher","embeddable":true,"href":"https:\/\/exlibris.ee\/en\/wp-json\/wp\/v2\/publisher?post=47048"}],"curies":[{"name":"wp","href":"https:\/\/api.w.org\/{rel}","templated":true}]}}