{"id":47055,"date":"2023-05-19T12:23:13","date_gmt":"2023-05-19T09:23:13","guid":{"rendered":"https:\/\/exlibris.ee\/toode\/lagune-2-arbeitsbuch\/"},"modified":"2026-04-05T15:27:11","modified_gmt":"2026-04-05T12:27:11","slug":"lagune-2-arbeitsbuch","status":"publish","type":"product","link":"https:\/\/exlibris.ee\/en\/product\/lagune-2-arbeitsbuch\/","title":{"rendered":"Lagune 2  Arbeitsbuch"},"content":{"rendered":"<p>Das Arbeitsbuch zu Lagune 2 bietet ein umfangreiches \u00dcbungsangebot in einem attraktiven vierfarbigen Layout. Am Ende jeder Lerneinheit gibt es eine Grammatik\u00fcbersicht und eine Auflistung des Lernwortschatzes. In der Rubrik &#8220;Das kann ich jetzt&#8221; k\u00f6nnen die Lernenden ihre Lernfortschritte selbst einsch\u00e4tzen (Selbstevaluation). Der integrierte L\u00f6sungsschl\u00fcssel im Arbeistbuch erleichtert das selbstst\u00e4ndige Lernen zu Hause.<\/p>\n","protected":false},"excerpt":{"rendered":"<p>Das Arbeitsbuch zu Lagune 2 bietet ein umfangreiches \u00dcbungsangebot in einem attraktiven vierfarbigen Layout. Am Ende jeder Lerneinheit gibt es eine Grammatik\u00fcbersicht und eine Auflistung des Lernwortschatzes. In der Rubrik &#8220;Das kann ich jetzt&#8221; k\u00f6nnen die Lernenden ihre Lernfortschritte selbst&#8230;<\/p>\n","protected":false},"featured_media":131006,"template":"","meta":{"_acf_changed":false,"inline_featured_image":false},"product_brand":[],"product_cat":[1121],"product_tag":[],"series":[{"id":1122,"name":"Lagune","slug":"lagune"}],"publisher":[{"id":497,"name":"Hueber Verlag","slug":"hueber-verlag"}],"class_list":{"0":"post-47055","1":"product","2":"type-product","3":"status-publish","4":"has-post-thumbnail","6":"product_cat-lehrwerke-fur-jugendliche-und-erwachsene","7":"series-lagune","8":"publisher-hueber-verlag","10":"first","11":"instock","12":"taxable","13":"shipping-taxable","14":"purchasable","15":"product-type-simple"},"acf":[],"_links":{"self":[{"href":"https:\/\/exlibris.ee\/en\/wp-json\/wp\/v2\/product\/47055","targetHints":{"allow":["GET"]}}],"collection":[{"href":"https:\/\/exlibris.ee\/en\/wp-json\/wp\/v2\/product"}],"about":[{"href":"https:\/\/exlibris.ee\/en\/wp-json\/wp\/v2\/types\/product"}],"wp:featuredmedia":[{"embeddable":true,"href":"https:\/\/exlibris.ee\/en\/wp-json\/wp\/v2\/media\/131006"}],"wp:attachment":[{"href":"https:\/\/exlibris.ee\/en\/wp-json\/wp\/v2\/media?parent=47055"}],"wp:term":[{"taxonomy":"product_brand","embeddable":true,"href":"https:\/\/exlibris.ee\/en\/wp-json\/wp\/v2\/product_brand?post=47055"},{"taxonomy":"product_cat","embeddable":true,"href":"https:\/\/exlibris.ee\/en\/wp-json\/wp\/v2\/product_cat?post=47055"},{"taxonomy":"product_tag","embeddable":true,"href":"https:\/\/exlibris.ee\/en\/wp-json\/wp\/v2\/product_tag?post=47055"},{"taxonomy":"series","embeddable":true,"href":"https:\/\/exlibris.ee\/en\/wp-json\/wp\/v2\/series?post=47055"},{"taxonomy":"publisher","embeddable":true,"href":"https:\/\/exlibris.ee\/en\/wp-json\/wp\/v2\/publisher?post=47055"}],"curies":[{"name":"wp","href":"https:\/\/api.w.org\/{rel}","templated":true}]}}