{"id":47058,"date":"2023-05-19T12:23:14","date_gmt":"2023-05-19T09:23:14","guid":{"rendered":"https:\/\/exlibris.ee\/toode\/pingpong-neu-2-arbeitsbuch\/"},"modified":"2026-04-05T15:27:11","modified_gmt":"2026-04-05T12:27:11","slug":"pingpong-neu-2-arbeitsbuch","status":"publish","type":"product","link":"https:\/\/exlibris.ee\/en\/product\/pingpong-neu-2-arbeitsbuch\/","title":{"rendered":"Pingpong Neu 2  Arbeitsbuch"},"content":{"rendered":"<p>Die \u00dcbungen im Arbeitsbuch zu Pingpong Neu 2 sind den Lernschritten im Lehrbuch eindeutig zugeordnet. Jede Lektion enth\u00e4lt Lesetexte mit Aufgaben, die das Leseverstehen schulen, sowie Tests, mit denen die Lerner selbst ihren Lernerfolg \u00fcberpr\u00fcfen k\u00f6nnen. \u00dcbungen zur Aussprache schlie\u00dfen jede Lektion ab.Die \u00dcbungen des Arbeitsbuchs eignen sich sowohl f\u00fcr den Einsatz im Unterricht als auch f\u00fcr die selbstst\u00e4ndige Arbeit zu Hause.<\/p>\n","protected":false},"excerpt":{"rendered":"<p>Die \u00dcbungen im Arbeitsbuch zu Pingpong Neu 2 sind den Lernschritten im Lehrbuch eindeutig zugeordnet. Jede Lektion enth\u00e4lt Lesetexte mit Aufgaben, die das Leseverstehen schulen, sowie Tests, mit denen die Lerner selbst ihren Lernerfolg \u00fcberpr\u00fcfen k\u00f6nnen. \u00dcbungen zur Aussprache schlie\u00dfen&#8230;<\/p>\n","protected":false},"featured_media":55705,"template":"","meta":{"_acf_changed":false,"inline_featured_image":false},"product_brand":[],"product_cat":[477],"product_tag":[],"series":[{"id":1123,"name":"Pingpong Neu","slug":"pingpong-neu"}],"publisher":[{"id":497,"name":"Hueber Verlag","slug":"hueber-verlag"}],"class_list":{"0":"post-47058","1":"product","2":"type-product","3":"status-publish","4":"has-post-thumbnail","6":"product_cat-lehrwerke-fur-jugendliche","7":"series-pingpong-neu","8":"publisher-hueber-verlag","10":"first","11":"instock","12":"taxable","13":"shipping-taxable","14":"purchasable","15":"product-type-simple"},"acf":[],"_links":{"self":[{"href":"https:\/\/exlibris.ee\/en\/wp-json\/wp\/v2\/product\/47058","targetHints":{"allow":["GET"]}}],"collection":[{"href":"https:\/\/exlibris.ee\/en\/wp-json\/wp\/v2\/product"}],"about":[{"href":"https:\/\/exlibris.ee\/en\/wp-json\/wp\/v2\/types\/product"}],"wp:featuredmedia":[{"embeddable":true,"href":"https:\/\/exlibris.ee\/en\/wp-json\/wp\/v2\/media\/55705"}],"wp:attachment":[{"href":"https:\/\/exlibris.ee\/en\/wp-json\/wp\/v2\/media?parent=47058"}],"wp:term":[{"taxonomy":"product_brand","embeddable":true,"href":"https:\/\/exlibris.ee\/en\/wp-json\/wp\/v2\/product_brand?post=47058"},{"taxonomy":"product_cat","embeddable":true,"href":"https:\/\/exlibris.ee\/en\/wp-json\/wp\/v2\/product_cat?post=47058"},{"taxonomy":"product_tag","embeddable":true,"href":"https:\/\/exlibris.ee\/en\/wp-json\/wp\/v2\/product_tag?post=47058"},{"taxonomy":"series","embeddable":true,"href":"https:\/\/exlibris.ee\/en\/wp-json\/wp\/v2\/series?post=47058"},{"taxonomy":"publisher","embeddable":true,"href":"https:\/\/exlibris.ee\/en\/wp-json\/wp\/v2\/publisher?post=47058"}],"curies":[{"name":"wp","href":"https:\/\/api.w.org\/{rel}","templated":true}]}}