{"id":47065,"date":"2023-05-19T12:23:15","date_gmt":"2023-05-19T09:23:15","guid":{"rendered":"https:\/\/exlibris.ee\/toode\/mein-ort-in-deutschland-was-macht-einen-ort-zu-einem-besonderen-ort-in-unserem-leben-buch\/"},"modified":"2026-04-15T13:32:07","modified_gmt":"2026-04-15T10:32:07","slug":"mein-ort-in-deutschland-was-macht-einen-ort-zu-einem-besonderen-ort-in-unserem-leben-buch","status":"publish","type":"product","link":"https:\/\/exlibris.ee\/en\/product\/mein-ort-in-deutschland-was-macht-einen-ort-zu-einem-besonderen-ort-in-unserem-leben-buch\/","title":{"rendered":"Mein Ort in Deutschland  Was macht einen Ort zu einem besonderen Ort in unserem Leben? \/ Buch"},"content":{"rendered":"<p>F\u00fcr alle, die Deutschland von einer ganz anderen Seite kennenlernen m\u00f6chten Das Geschenkbuch Mein Ort in Deutschland &#8211; Was macht einen Ort zu einem besonderen Ort in unserem Leben versammelt die ca. 80 sch\u00f6nsten und interessantesten Einsendungen zum gleichnamigen internationalen Wettbewerb &#8220;Mein Ort in Deutschland&#8221;, bei dem Menschen aus aller Welt berichten, wie Parkb\u00e4nke, Wegkreuzungen, Stadtviertel, ganze St\u00e4dte, Landschaften oder v\u00f6llig andere kleine und gro\u00dfe Orte in Deutschland durch Atmosph\u00e4re, Architektur oder Begegnungen zu &#8220;ihrem&#8221; Ort geworden sind. Der Geschenkband enth\u00e4lt dar\u00fcber hinaus zahlreiche Beitr\u00e4ge prominenter Pers\u00f6nlichkeiten. Das Vorwort stammt aus der Feder von Prof. Dr. Klaus-Dieter Lehmann, dem Pr\u00e4sidenten des Goethe-Instituts. Qualitativ hochwertige Illustrationen in ansprechender Bildsprache runden die optische \u00c4sthetik ab.<\/p>\n","protected":false},"excerpt":{"rendered":"<p>F\u00fcr alle, die Deutschland von einer ganz anderen Seite kennenlernen m\u00f6chten Das Geschenkbuch Mein Ort in Deutschland &#8211; Was macht einen Ort zu einem besonderen Ort in unserem Leben versammelt die ca. 80 sch\u00f6nsten und interessantesten Einsendungen zum gleichnamigen internationalen&#8230;<\/p>\n","protected":false},"featured_media":55795,"template":"","meta":{"_acf_changed":false,"inline_featured_image":false},"product_brand":[],"product_cat":[897],"product_tag":[],"series":[{"id":551,"name":"Mein Leben in Deutschland","slug":"mein-leben-in-deutschland"}],"publisher":[{"id":497,"name":"Hueber Verlag","slug":"hueber-verlag"}],"class_list":{"0":"post-47065","1":"product","2":"type-product","3":"status-publish","4":"has-post-thumbnail","6":"product_cat-keeleope-leiunurk","7":"series-mein-leben-in-deutschland","8":"publisher-hueber-verlag","10":"first","11":"instock","12":"taxable","13":"shipping-taxable","14":"purchasable","15":"product-type-simple"},"acf":[],"_links":{"self":[{"href":"https:\/\/exlibris.ee\/en\/wp-json\/wp\/v2\/product\/47065","targetHints":{"allow":["GET"]}}],"collection":[{"href":"https:\/\/exlibris.ee\/en\/wp-json\/wp\/v2\/product"}],"about":[{"href":"https:\/\/exlibris.ee\/en\/wp-json\/wp\/v2\/types\/product"}],"wp:featuredmedia":[{"embeddable":true,"href":"https:\/\/exlibris.ee\/en\/wp-json\/wp\/v2\/media\/55795"}],"wp:attachment":[{"href":"https:\/\/exlibris.ee\/en\/wp-json\/wp\/v2\/media?parent=47065"}],"wp:term":[{"taxonomy":"product_brand","embeddable":true,"href":"https:\/\/exlibris.ee\/en\/wp-json\/wp\/v2\/product_brand?post=47065"},{"taxonomy":"product_cat","embeddable":true,"href":"https:\/\/exlibris.ee\/en\/wp-json\/wp\/v2\/product_cat?post=47065"},{"taxonomy":"product_tag","embeddable":true,"href":"https:\/\/exlibris.ee\/en\/wp-json\/wp\/v2\/product_tag?post=47065"},{"taxonomy":"series","embeddable":true,"href":"https:\/\/exlibris.ee\/en\/wp-json\/wp\/v2\/series?post=47065"},{"taxonomy":"publisher","embeddable":true,"href":"https:\/\/exlibris.ee\/en\/wp-json\/wp\/v2\/publisher?post=47065"}],"curies":[{"name":"wp","href":"https:\/\/api.w.org\/{rel}","templated":true}]}}