{"id":47069,"date":"2023-05-19T12:23:16","date_gmt":"2023-05-19T09:23:16","guid":{"rendered":"https:\/\/exlibris.ee\/toode\/pingpong-neu-1-dein-deutschbuch-lehrerhandbuch\/"},"modified":"2026-04-04T03:16:02","modified_gmt":"2026-04-04T00:16:02","slug":"pingpong-neu-1-dein-deutschbuch-lehrerhandbuch","status":"publish","type":"product","link":"https:\/\/exlibris.ee\/en\/product\/pingpong-neu-1-dein-deutschbuch-lehrerhandbuch\/","title":{"rendered":"Pingpong Neu 1  Dein Deutschbuch \/ Lehrerhandbuch"},"content":{"rendered":"<p>Wie kann es gelingen, dass 12-15-j\u00e4hrige mit Spa\u00df und mit Erfolg Deutsch lernen? Pingpong neu spricht \u00fcber Themen, die f\u00fcr Jugendliche interessant sind. In kurzen, \u00fcberschaubaren Einheiten, wird anhand von Alltagssituationen eine authentische Alltagssprache vermittelt. Dabei ist wichtig, dass die Lerner von der ersten Unterrichtsstunde an aktiv miteinander kommunizieren. Gruppen-\/Partnerarbeit und Spiele lockern den Unterricht auf. Lerntipps f\u00fchren von Anfang an zu einem selbstgesteuerten Lernen. Jede der kurzen Lerneinheiten ist in sich geschlossen. Zu jeder werden die erarbeitete Grammatik und der aktive Wortschatz einzeln ausgewiesen. Das Lehrerhandbuch gibt methodisch-didaktische Hilfen zu jeder \u00dcbung des Lehrbuchs. Kopiervorlagen mit Tests k\u00f6nnen zur Leistungskontrolle oder als zus\u00e4tzliche \u00dcbungen eingesetzt werden.<\/p>\n","protected":false},"excerpt":{"rendered":"<p>Wie kann es gelingen, dass 12-15-j\u00e4hrige mit Spa\u00df und mit Erfolg Deutsch lernen? Pingpong neu spricht \u00fcber Themen, die f\u00fcr Jugendliche interessant sind. In kurzen, \u00fcberschaubaren Einheiten, wird anhand von Alltagssituationen eine authentische Alltagssprache vermittelt. Dabei ist wichtig, dass die&#8230;<\/p>\n","protected":false},"featured_media":55840,"template":"","meta":{"_acf_changed":false,"inline_featured_image":false},"product_brand":[],"product_cat":[477],"product_tag":[],"series":[{"id":1123,"name":"Pingpong Neu","slug":"pingpong-neu"}],"publisher":[{"id":497,"name":"Hueber Verlag","slug":"hueber-verlag"}],"class_list":{"0":"post-47069","1":"product","2":"type-product","3":"status-publish","4":"has-post-thumbnail","6":"product_cat-lehrwerke-fur-jugendliche","7":"series-pingpong-neu","8":"publisher-hueber-verlag","10":"first","11":"instock","12":"taxable","13":"shipping-taxable","14":"purchasable","15":"product-type-simple"},"acf":[],"_links":{"self":[{"href":"https:\/\/exlibris.ee\/en\/wp-json\/wp\/v2\/product\/47069","targetHints":{"allow":["GET"]}}],"collection":[{"href":"https:\/\/exlibris.ee\/en\/wp-json\/wp\/v2\/product"}],"about":[{"href":"https:\/\/exlibris.ee\/en\/wp-json\/wp\/v2\/types\/product"}],"wp:featuredmedia":[{"embeddable":true,"href":"https:\/\/exlibris.ee\/en\/wp-json\/wp\/v2\/media\/55840"}],"wp:attachment":[{"href":"https:\/\/exlibris.ee\/en\/wp-json\/wp\/v2\/media?parent=47069"}],"wp:term":[{"taxonomy":"product_brand","embeddable":true,"href":"https:\/\/exlibris.ee\/en\/wp-json\/wp\/v2\/product_brand?post=47069"},{"taxonomy":"product_cat","embeddable":true,"href":"https:\/\/exlibris.ee\/en\/wp-json\/wp\/v2\/product_cat?post=47069"},{"taxonomy":"product_tag","embeddable":true,"href":"https:\/\/exlibris.ee\/en\/wp-json\/wp\/v2\/product_tag?post=47069"},{"taxonomy":"series","embeddable":true,"href":"https:\/\/exlibris.ee\/en\/wp-json\/wp\/v2\/series?post=47069"},{"taxonomy":"publisher","embeddable":true,"href":"https:\/\/exlibris.ee\/en\/wp-json\/wp\/v2\/publisher?post=47069"}],"curies":[{"name":"wp","href":"https:\/\/api.w.org\/{rel}","templated":true}]}}