{"id":47113,"date":"2023-05-19T12:23:39","date_gmt":"2023-05-19T09:23:39","guid":{"rendered":"https:\/\/exlibris.ee\/toode\/miteinander-deutsch-fur-alltag-und-beruf-a2-medienpaket\/"},"modified":"2026-04-11T17:33:25","modified_gmt":"2026-04-11T14:33:25","slug":"miteinander-deutsch-fur-alltag-und-beruf-a2-medienpaket","status":"publish","type":"product","link":"https:\/\/exlibris.ee\/en\/product\/miteinander-deutsch-fur-alltag-und-beruf-a2-medienpaket\/","title":{"rendered":"Miteinander! Deutsch f\u00fcr Alltag und Beruf A2  Medienpaket"},"content":{"rendered":"<p>Miteinander! \u2013 das neue Lehrwerk f\u00fcr Integrationskurse (A1 &#8211; B1) f\u00fcr Deutsch als Zweitsprache Miteinander! A2 Medienpaket f\u00fcr Kursleitende Das Medienpaket enth\u00e4lt: &#8211; eine DVD mit allen Beispielfilmen und Extrafilmen zu den Halbb\u00e4nden Miteinander! A2.1 und A2.2 &#8211; Audio-CDs mit allen H\u00f6rtexten zu den Kurs- und Arbeitsb\u00fcchern Miteinander! A2.1 und A2.2.<\/p>\n","protected":false},"excerpt":{"rendered":"<p>Miteinander! \u2013 das neue Lehrwerk f\u00fcr Integrationskurse (A1 &#8211; B1) f\u00fcr Deutsch als Zweitsprache Miteinander! A2 Medienpaket f\u00fcr Kursleitende Das Medienpaket enth\u00e4lt: &#8211; eine DVD mit allen Beispielfilmen und Extrafilmen zu den Halbb\u00e4nden Miteinander! A2.1 und A2.2 &#8211; Audio-CDs mit&#8230;<\/p>\n","protected":false},"featured_media":55906,"template":"","meta":{"_acf_changed":false,"inline_featured_image":false},"product_brand":[],"product_cat":[885],"product_tag":[],"series":[{"id":1132,"name":"Miteinander","slug":"miteinander"}],"publisher":[{"id":497,"name":"Hueber Verlag","slug":"hueber-verlag"}],"class_list":{"0":"post-47113","1":"product","2":"type-product","3":"status-publish","4":"has-post-thumbnail","6":"product_cat-berufssprache","7":"series-miteinander","8":"publisher-hueber-verlag","10":"first","11":"onbackorder","12":"taxable","13":"shipping-taxable","14":"purchasable","15":"product-type-simple"},"acf":[],"_links":{"self":[{"href":"https:\/\/exlibris.ee\/en\/wp-json\/wp\/v2\/product\/47113","targetHints":{"allow":["GET"]}}],"collection":[{"href":"https:\/\/exlibris.ee\/en\/wp-json\/wp\/v2\/product"}],"about":[{"href":"https:\/\/exlibris.ee\/en\/wp-json\/wp\/v2\/types\/product"}],"wp:featuredmedia":[{"embeddable":true,"href":"https:\/\/exlibris.ee\/en\/wp-json\/wp\/v2\/media\/55906"}],"wp:attachment":[{"href":"https:\/\/exlibris.ee\/en\/wp-json\/wp\/v2\/media?parent=47113"}],"wp:term":[{"taxonomy":"product_brand","embeddable":true,"href":"https:\/\/exlibris.ee\/en\/wp-json\/wp\/v2\/product_brand?post=47113"},{"taxonomy":"product_cat","embeddable":true,"href":"https:\/\/exlibris.ee\/en\/wp-json\/wp\/v2\/product_cat?post=47113"},{"taxonomy":"product_tag","embeddable":true,"href":"https:\/\/exlibris.ee\/en\/wp-json\/wp\/v2\/product_tag?post=47113"},{"taxonomy":"series","embeddable":true,"href":"https:\/\/exlibris.ee\/en\/wp-json\/wp\/v2\/series?post=47113"},{"taxonomy":"publisher","embeddable":true,"href":"https:\/\/exlibris.ee\/en\/wp-json\/wp\/v2\/publisher?post=47113"}],"curies":[{"name":"wp","href":"https:\/\/api.w.org\/{rel}","templated":true}]}}