{"id":47115,"date":"2023-05-19T12:23:41","date_gmt":"2023-05-19T09:23:41","guid":{"rendered":"https:\/\/exlibris.ee\/toode\/phonetik-ubungen-und-tipps-fur-eine-gute-aussprache-a2-buch-mit-audios-online-und-app-mit-videos\/"},"modified":"2026-04-12T11:28:23","modified_gmt":"2026-04-12T08:28:23","slug":"phonetik-ubungen-und-tipps-fur-eine-gute-aussprache-a2-buch-mit-audios-online-und-app-mit-videos","status":"publish","type":"product","link":"https:\/\/exlibris.ee\/en\/product\/phonetik-ubungen-und-tipps-fur-eine-gute-aussprache-a2-buch-mit-audios-online-und-app-mit-videos\/","title":{"rendered":"Phonetik \u2013 \u00dcbungen und Tipps f\u00fcr eine gute Aussprache A2  Buch mit Audios online und App mit Videos"},"content":{"rendered":"<p>Das Buch trainiert Aussprache und Betonung mit vielen abwechslungsreichen \u00dcbungen, wie z. B. Karaoke, Dialoge, spielerisch-kreative Reime, Zungenbrecher etc. Unterst\u00fctzt wird der Lernende zus\u00e4tzlich durch Illustrationen, Tipps sowie der App Hueber Media mit Audiodateien und Videos zur Festigung des Gelernten.<\/p>\n","protected":false},"excerpt":{"rendered":"<p>Das Buch trainiert Aussprache und Betonung mit vielen abwechslungsreichen \u00dcbungen, wie z. B. Karaoke, Dialoge, spielerisch-kreative Reime, Zungenbrecher etc. Unterst\u00fctzt wird der Lernende zus\u00e4tzlich durch Illustrationen, Tipps sowie der App Hueber Media mit Audiodateien und Videos zur Festigung des Gelernten.<\/p>\n","protected":false},"featured_media":55915,"template":"","meta":{"_acf_changed":false,"inline_featured_image":false},"product_brand":[],"product_cat":[558],"product_tag":[],"series":[{"id":1147,"name":"Phonetik","slug":"phonetik"}],"publisher":[{"id":497,"name":"Hueber Verlag","slug":"hueber-verlag"}],"class_list":{"0":"post-47115","1":"product","2":"type-product","3":"status-publish","4":"has-post-thumbnail","6":"product_cat-deutsch-uben","7":"series-phonetik","8":"publisher-hueber-verlag","10":"first","11":"instock","12":"taxable","13":"shipping-taxable","14":"purchasable","15":"product-type-simple"},"acf":[],"_links":{"self":[{"href":"https:\/\/exlibris.ee\/en\/wp-json\/wp\/v2\/product\/47115","targetHints":{"allow":["GET"]}}],"collection":[{"href":"https:\/\/exlibris.ee\/en\/wp-json\/wp\/v2\/product"}],"about":[{"href":"https:\/\/exlibris.ee\/en\/wp-json\/wp\/v2\/types\/product"}],"wp:featuredmedia":[{"embeddable":true,"href":"https:\/\/exlibris.ee\/en\/wp-json\/wp\/v2\/media\/55915"}],"wp:attachment":[{"href":"https:\/\/exlibris.ee\/en\/wp-json\/wp\/v2\/media?parent=47115"}],"wp:term":[{"taxonomy":"product_brand","embeddable":true,"href":"https:\/\/exlibris.ee\/en\/wp-json\/wp\/v2\/product_brand?post=47115"},{"taxonomy":"product_cat","embeddable":true,"href":"https:\/\/exlibris.ee\/en\/wp-json\/wp\/v2\/product_cat?post=47115"},{"taxonomy":"product_tag","embeddable":true,"href":"https:\/\/exlibris.ee\/en\/wp-json\/wp\/v2\/product_tag?post=47115"},{"taxonomy":"series","embeddable":true,"href":"https:\/\/exlibris.ee\/en\/wp-json\/wp\/v2\/series?post=47115"},{"taxonomy":"publisher","embeddable":true,"href":"https:\/\/exlibris.ee\/en\/wp-json\/wp\/v2\/publisher?post=47115"}],"curies":[{"name":"wp","href":"https:\/\/api.w.org\/{rel}","templated":true}]}}