{"id":47117,"date":"2023-05-19T12:23:42","date_gmt":"2023-05-19T09:23:42","guid":{"rendered":"https:\/\/exlibris.ee\/toode\/lagune-1-lehrerhandbuch\/"},"modified":"2026-04-05T15:28:38","modified_gmt":"2026-04-05T12:28:38","slug":"lagune-1-lehrerhandbuch","status":"publish","type":"product","link":"https:\/\/exlibris.ee\/en\/product\/lagune-1-lehrerhandbuch\/","title":{"rendered":"Lagune 1  Lehrerhandbuch"},"content":{"rendered":"<p>Das Lehrerhandbuch zu Lagune 1 enth\u00e4lt:- eine allgemeine Einf\u00fchrung in die Konzeption des Lehrwerks f\u00fcr Deutsch als Fremdsprache &#8211; praktische Tipps f\u00fcr den Unterricht &#8211; methodisch-didaktische Hinweise zu jeder Kursbuchseite &#8211; zahlreiche Kopiervorlagen mit Spielen und \u00dcbungen &#8211; einen Test zu jedem Themenkreis &#8211; die L\u00f6sungen zu den \u00dcbungen im Kursbuch.<\/p>\n","protected":false},"excerpt":{"rendered":"<p>Das Lehrerhandbuch zu Lagune 1 enth\u00e4lt:- eine allgemeine Einf\u00fchrung in die Konzeption des Lehrwerks f\u00fcr Deutsch als Fremdsprache &#8211; praktische Tipps f\u00fcr den Unterricht &#8211; methodisch-didaktische Hinweise zu jeder Kursbuchseite &#8211; zahlreiche Kopiervorlagen mit Spielen und \u00dcbungen &#8211; einen Test&#8230;<\/p>\n","protected":false},"featured_media":131021,"template":"","meta":{"_acf_changed":false,"inline_featured_image":false},"product_brand":[],"product_cat":[1121],"product_tag":[],"series":[{"id":1122,"name":"Lagune","slug":"lagune"}],"publisher":[{"id":497,"name":"Hueber Verlag","slug":"hueber-verlag"}],"class_list":{"0":"post-47117","1":"product","2":"type-product","3":"status-publish","4":"has-post-thumbnail","6":"product_cat-lehrwerke-fur-jugendliche-und-erwachsene","7":"series-lagune","8":"publisher-hueber-verlag","10":"first","11":"instock","12":"taxable","13":"shipping-taxable","14":"purchasable","15":"product-type-simple"},"acf":[],"_links":{"self":[{"href":"https:\/\/exlibris.ee\/en\/wp-json\/wp\/v2\/product\/47117","targetHints":{"allow":["GET"]}}],"collection":[{"href":"https:\/\/exlibris.ee\/en\/wp-json\/wp\/v2\/product"}],"about":[{"href":"https:\/\/exlibris.ee\/en\/wp-json\/wp\/v2\/types\/product"}],"wp:featuredmedia":[{"embeddable":true,"href":"https:\/\/exlibris.ee\/en\/wp-json\/wp\/v2\/media\/131021"}],"wp:attachment":[{"href":"https:\/\/exlibris.ee\/en\/wp-json\/wp\/v2\/media?parent=47117"}],"wp:term":[{"taxonomy":"product_brand","embeddable":true,"href":"https:\/\/exlibris.ee\/en\/wp-json\/wp\/v2\/product_brand?post=47117"},{"taxonomy":"product_cat","embeddable":true,"href":"https:\/\/exlibris.ee\/en\/wp-json\/wp\/v2\/product_cat?post=47117"},{"taxonomy":"product_tag","embeddable":true,"href":"https:\/\/exlibris.ee\/en\/wp-json\/wp\/v2\/product_tag?post=47117"},{"taxonomy":"series","embeddable":true,"href":"https:\/\/exlibris.ee\/en\/wp-json\/wp\/v2\/series?post=47117"},{"taxonomy":"publisher","embeddable":true,"href":"https:\/\/exlibris.ee\/en\/wp-json\/wp\/v2\/publisher?post=47117"}],"curies":[{"name":"wp","href":"https:\/\/api.w.org\/{rel}","templated":true}]}}