{"id":47127,"date":"2023-05-19T12:23:50","date_gmt":"2023-05-19T09:23:50","guid":{"rendered":"https:\/\/exlibris.ee\/toode\/phonetik-ubungen-und-tipps-fur-eine-gute-aussprache-b1-buch-mit-audios-online-und-app-mit-videos\/"},"modified":"2026-04-23T05:42:35","modified_gmt":"2026-04-23T02:42:35","slug":"phonetik-ubungen-und-tipps-fur-eine-gute-aussprache-b1-buch-mit-audios-online-und-app-mit-videos","status":"publish","type":"product","link":"https:\/\/exlibris.ee\/en\/product\/phonetik-ubungen-und-tipps-fur-eine-gute-aussprache-b1-buch-mit-audios-online-und-app-mit-videos\/","title":{"rendered":"Phonetik \u2013 \u00dcbungen und Tipps f\u00fcr eine gute Aussprache B1  Buch mit Audios online und App mit Videos"},"content":{"rendered":"<p>Zielgruppe: F\u00fcr Selbstlerner und f\u00fcr den Einsatz im Unterricht &#8211; wenig Theorie und viele \u00dcbungen f\u00fcr die richtige Betonung und Aussprache &#8211; lernf\u00f6rdernde, humorvolle Illustrationen &#8211; inklusive der App Hueber Media mit Audiodateien und Videos zur Festigung des Gelernten.<\/p>\n","protected":false},"excerpt":{"rendered":"<p>Zielgruppe: F\u00fcr Selbstlerner und f\u00fcr den Einsatz im Unterricht &#8211; wenig Theorie und viele \u00dcbungen f\u00fcr die richtige Betonung und Aussprache &#8211; lernf\u00f6rdernde, humorvolle Illustrationen &#8211; inklusive der App Hueber Media mit Audiodateien und Videos zur Festigung des Gelernten.<\/p>\n","protected":false},"featured_media":55987,"template":"","meta":{"_acf_changed":false,"inline_featured_image":false},"product_brand":[],"product_cat":[558],"product_tag":[],"series":[{"id":1147,"name":"Phonetik","slug":"phonetik"}],"publisher":[{"id":497,"name":"Hueber Verlag","slug":"hueber-verlag"}],"class_list":{"0":"post-47127","1":"product","2":"type-product","3":"status-publish","4":"has-post-thumbnail","6":"product_cat-deutsch-uben","7":"series-phonetik","8":"publisher-hueber-verlag","10":"first","11":"instock","12":"taxable","13":"shipping-taxable","14":"purchasable","15":"product-type-simple"},"acf":[],"_links":{"self":[{"href":"https:\/\/exlibris.ee\/en\/wp-json\/wp\/v2\/product\/47127","targetHints":{"allow":["GET"]}}],"collection":[{"href":"https:\/\/exlibris.ee\/en\/wp-json\/wp\/v2\/product"}],"about":[{"href":"https:\/\/exlibris.ee\/en\/wp-json\/wp\/v2\/types\/product"}],"wp:featuredmedia":[{"embeddable":true,"href":"https:\/\/exlibris.ee\/en\/wp-json\/wp\/v2\/media\/55987"}],"wp:attachment":[{"href":"https:\/\/exlibris.ee\/en\/wp-json\/wp\/v2\/media?parent=47127"}],"wp:term":[{"taxonomy":"product_brand","embeddable":true,"href":"https:\/\/exlibris.ee\/en\/wp-json\/wp\/v2\/product_brand?post=47127"},{"taxonomy":"product_cat","embeddable":true,"href":"https:\/\/exlibris.ee\/en\/wp-json\/wp\/v2\/product_cat?post=47127"},{"taxonomy":"product_tag","embeddable":true,"href":"https:\/\/exlibris.ee\/en\/wp-json\/wp\/v2\/product_tag?post=47127"},{"taxonomy":"series","embeddable":true,"href":"https:\/\/exlibris.ee\/en\/wp-json\/wp\/v2\/series?post=47127"},{"taxonomy":"publisher","embeddable":true,"href":"https:\/\/exlibris.ee\/en\/wp-json\/wp\/v2\/publisher?post=47127"}],"curies":[{"name":"wp","href":"https:\/\/api.w.org\/{rel}","templated":true}]}}