{"id":47130,"date":"2023-05-19T12:23:52","date_gmt":"2023-05-19T09:23:52","guid":{"rendered":"https:\/\/exlibris.ee\/toode\/paul-lisa-co-starter-deutsch-fur-kinder-interaktives-kursbuch-fur-whiteboard-und-beamer-dvd-rom\/"},"modified":"2026-04-10T03:26:00","modified_gmt":"2026-04-10T00:26:00","slug":"paul-lisa-co-starter-deutsch-fur-kinder-interaktives-kursbuch-fur-whiteboard-und-beamer-dvd-rom","status":"publish","type":"product","link":"https:\/\/exlibris.ee\/en\/product\/paul-lisa-co-starter-deutsch-fur-kinder-interaktives-kursbuch-fur-whiteboard-und-beamer-dvd-rom\/","title":{"rendered":"Paul, Lisa &amp; Co Starter  Deutsch f\u00fcr Kinder \/ Interaktives Kursbuch f\u00fcr Whiteboard und Beamer \u2013 DVD-ROM"},"content":{"rendered":"<p>modularer Aufbau: f\u00fcnf Module mit je zwei kurzen Lektionen &#8211; die attraktive Moduleinstiegsseite stellt jeweils einen oder mehrere Protagonisten in einer konkreten Lebenssituation vor und fasst die Lernziele des Moduls zusammen -die vielseitigen Modulendseiten greifen Gelerntes in Form von Projekten, Reimen, Liedern, Aussprache\u00fcbungen und einem altersgerechten Portfolio auf &#8211; die Lernziel\u00fcbersicht erfasst noch einmal \u00fcbersichtlich und transparent die Modulinhalte &#8211; intuitives Unterrichten: die Lektionen sind kleinschrittig aufgebaut und vermitteln Lernziele kontextualisiert und in einer flachen Progression &#8211; zahlreiche Spiele lockern den Unterricht auf &#8211; fakultative und erg\u00e4nzende Seiten im Anhang mit landeskundlichem Schwerpunkt &#8211; Starterband mit einem spielerischeren, leichten Einstieg in die deutsche Sprache: Paul, Lisa &amp; Co Starter erm\u00f6glicht einen besonders sanften und imitativen Einstieg in die deutsche Sprache ohne Grammatikvermittlung und bereitet auf Paul, Lisa &amp; Co A1.1 vor.<\/p>\n","protected":false},"excerpt":{"rendered":"<p>modularer Aufbau: f\u00fcnf Module mit je zwei kurzen Lektionen &#8211; die attraktive Moduleinstiegsseite stellt jeweils einen oder mehrere Protagonisten in einer konkreten Lebenssituation vor und fasst die Lernziele des Moduls zusammen -die vielseitigen Modulendseiten greifen Gelerntes in Form von Projekten,&#8230;<\/p>\n","protected":false},"featured_media":56023,"template":"","meta":{"_acf_changed":false,"inline_featured_image":false},"product_brand":[],"product_cat":[471],"product_tag":[],"series":[{"id":1119,"name":"Paul, Lisa &amp; Co","slug":"paul-lisa-co"}],"publisher":[{"id":497,"name":"Hueber Verlag","slug":"hueber-verlag"}],"class_list":{"0":"post-47130","1":"product","2":"type-product","3":"status-publish","4":"has-post-thumbnail","6":"product_cat-lehrwerke-fur-kinder","7":"series-paul-lisa-co","8":"publisher-hueber-verlag","10":"first","11":"onbackorder","12":"taxable","13":"shipping-taxable","14":"purchasable","15":"product-type-simple"},"acf":[],"_links":{"self":[{"href":"https:\/\/exlibris.ee\/en\/wp-json\/wp\/v2\/product\/47130","targetHints":{"allow":["GET"]}}],"collection":[{"href":"https:\/\/exlibris.ee\/en\/wp-json\/wp\/v2\/product"}],"about":[{"href":"https:\/\/exlibris.ee\/en\/wp-json\/wp\/v2\/types\/product"}],"wp:featuredmedia":[{"embeddable":true,"href":"https:\/\/exlibris.ee\/en\/wp-json\/wp\/v2\/media\/56023"}],"wp:attachment":[{"href":"https:\/\/exlibris.ee\/en\/wp-json\/wp\/v2\/media?parent=47130"}],"wp:term":[{"taxonomy":"product_brand","embeddable":true,"href":"https:\/\/exlibris.ee\/en\/wp-json\/wp\/v2\/product_brand?post=47130"},{"taxonomy":"product_cat","embeddable":true,"href":"https:\/\/exlibris.ee\/en\/wp-json\/wp\/v2\/product_cat?post=47130"},{"taxonomy":"product_tag","embeddable":true,"href":"https:\/\/exlibris.ee\/en\/wp-json\/wp\/v2\/product_tag?post=47130"},{"taxonomy":"series","embeddable":true,"href":"https:\/\/exlibris.ee\/en\/wp-json\/wp\/v2\/series?post=47130"},{"taxonomy":"publisher","embeddable":true,"href":"https:\/\/exlibris.ee\/en\/wp-json\/wp\/v2\/publisher?post=47130"}],"curies":[{"name":"wp","href":"https:\/\/api.w.org\/{rel}","templated":true}]}}