{"id":47134,"date":"2023-05-19T12:23:53","date_gmt":"2023-05-19T09:23:53","guid":{"rendered":"https:\/\/exlibris.ee\/toode\/planet-1-deutsch-fur-jugendliche-3-audio-cds-zum-kursbuch\/"},"modified":"2026-04-04T21:21:05","modified_gmt":"2026-04-04T18:21:05","slug":"planet-1-deutsch-fur-jugendliche-3-audio-cds-zum-kursbuch","status":"publish","type":"product","link":"https:\/\/exlibris.ee\/en\/product\/planet-1-deutsch-fur-jugendliche-3-audio-cds-zum-kursbuch\/","title":{"rendered":"Planet 1  Deutsch f\u00fcr Jugendliche \/ 3 Audio-CDs zum Kursbuch"},"content":{"rendered":"<p>3 Audio-CDs mit H\u00f6rtexten, H\u00f6r\u00fcbungen und Liedern sowie eine Audio-CD mit Aussprache\u00fcbungen.<\/p>\n","protected":false},"excerpt":{"rendered":"<p>3 Audio-CDs mit H\u00f6rtexten, H\u00f6r\u00fcbungen und Liedern sowie eine Audio-CD mit Aussprache\u00fcbungen.<\/p>\n","protected":false},"featured_media":56047,"template":"","meta":{"_acf_changed":false,"inline_featured_image":false},"product_brand":[],"product_cat":[477],"product_tag":[],"series":[{"id":1125,"name":"Planet","slug":"planet"}],"publisher":[{"id":497,"name":"Hueber Verlag","slug":"hueber-verlag"}],"class_list":{"0":"post-47134","1":"product","2":"type-product","3":"status-publish","4":"has-post-thumbnail","6":"product_cat-lehrwerke-fur-jugendliche","7":"series-planet","8":"publisher-hueber-verlag","10":"first","11":"instock","12":"taxable","13":"shipping-taxable","14":"purchasable","15":"product-type-simple"},"acf":[],"_links":{"self":[{"href":"https:\/\/exlibris.ee\/en\/wp-json\/wp\/v2\/product\/47134","targetHints":{"allow":["GET"]}}],"collection":[{"href":"https:\/\/exlibris.ee\/en\/wp-json\/wp\/v2\/product"}],"about":[{"href":"https:\/\/exlibris.ee\/en\/wp-json\/wp\/v2\/types\/product"}],"wp:featuredmedia":[{"embeddable":true,"href":"https:\/\/exlibris.ee\/en\/wp-json\/wp\/v2\/media\/56047"}],"wp:attachment":[{"href":"https:\/\/exlibris.ee\/en\/wp-json\/wp\/v2\/media?parent=47134"}],"wp:term":[{"taxonomy":"product_brand","embeddable":true,"href":"https:\/\/exlibris.ee\/en\/wp-json\/wp\/v2\/product_brand?post=47134"},{"taxonomy":"product_cat","embeddable":true,"href":"https:\/\/exlibris.ee\/en\/wp-json\/wp\/v2\/product_cat?post=47134"},{"taxonomy":"product_tag","embeddable":true,"href":"https:\/\/exlibris.ee\/en\/wp-json\/wp\/v2\/product_tag?post=47134"},{"taxonomy":"series","embeddable":true,"href":"https:\/\/exlibris.ee\/en\/wp-json\/wp\/v2\/series?post=47134"},{"taxonomy":"publisher","embeddable":true,"href":"https:\/\/exlibris.ee\/en\/wp-json\/wp\/v2\/publisher?post=47134"}],"curies":[{"name":"wp","href":"https:\/\/api.w.org\/{rel}","templated":true}]}}