{"id":47137,"date":"2023-05-19T12:23:54","date_gmt":"2023-05-19T09:23:54","guid":{"rendered":"https:\/\/exlibris.ee\/toode\/motive-a1-kompaktkurs-daf-arbeitsbuch-lektion-1-8-mit-audios-online\/"},"modified":"2026-04-04T03:17:04","modified_gmt":"2026-04-04T00:17:04","slug":"motive-a1-kompaktkurs-daf-arbeitsbuch-lektion-1-8-mit-audios-online","status":"publish","type":"product","link":"https:\/\/exlibris.ee\/en\/product\/motive-a1-kompaktkurs-daf-arbeitsbuch-lektion-1-8-mit-audios-online\/","title":{"rendered":"Motive A1  Kompaktkurs DaF \/ Arbeitsbuch, Lektion 1\u20138 mit Audios online"},"content":{"rendered":"<p>\u00dcbungen zum selbstst\u00e4ndigen Arbeiten zu Hause &#8211; Wiederholungsaufgaben zu den Inhalten der H\u00f6r- und Lesetexte im Kursbuch &#8211; zus\u00e4tzliche H\u00f6rtexte &#8211; Aussprachetraining &#8211; systematisches Training der Fertigkeit Schreiben in der Schreibwerkstatt &#8211; Lernwortschatz jeder Lektion mit Angaben zum Sprachgebrauch in der Schweiz und in \u00d6sterreich &#8211; im Lehrwerkservice: MP3-Downloads mit allen H\u00f6rtexten und allen Sprech\u00fcbungen des Arbeitsbuches.<\/p>\n","protected":false},"excerpt":{"rendered":"<p>\u00dcbungen zum selbstst\u00e4ndigen Arbeiten zu Hause &#8211; Wiederholungsaufgaben zu den Inhalten der H\u00f6r- und Lesetexte im Kursbuch &#8211; zus\u00e4tzliche H\u00f6rtexte &#8211; Aussprachetraining &#8211; systematisches Training der Fertigkeit Schreiben in der Schreibwerkstatt &#8211; Lernwortschatz jeder Lektion mit Angaben zum Sprachgebrauch in&#8230;<\/p>\n","protected":false},"featured_media":56059,"template":"","meta":{"_acf_changed":false,"inline_featured_image":false},"product_brand":[],"product_cat":[1121],"product_tag":[],"series":[{"id":1131,"name":"Motive","slug":"motive"}],"publisher":[{"id":497,"name":"Hueber Verlag","slug":"hueber-verlag"}],"class_list":{"0":"post-47137","1":"product","2":"type-product","3":"status-publish","4":"has-post-thumbnail","6":"product_cat-lehrwerke-fur-jugendliche-und-erwachsene","7":"series-motive","8":"publisher-hueber-verlag","10":"first","11":"onbackorder","12":"taxable","13":"shipping-taxable","14":"purchasable","15":"product-type-simple"},"acf":[],"_links":{"self":[{"href":"https:\/\/exlibris.ee\/en\/wp-json\/wp\/v2\/product\/47137","targetHints":{"allow":["GET"]}}],"collection":[{"href":"https:\/\/exlibris.ee\/en\/wp-json\/wp\/v2\/product"}],"about":[{"href":"https:\/\/exlibris.ee\/en\/wp-json\/wp\/v2\/types\/product"}],"wp:featuredmedia":[{"embeddable":true,"href":"https:\/\/exlibris.ee\/en\/wp-json\/wp\/v2\/media\/56059"}],"wp:attachment":[{"href":"https:\/\/exlibris.ee\/en\/wp-json\/wp\/v2\/media?parent=47137"}],"wp:term":[{"taxonomy":"product_brand","embeddable":true,"href":"https:\/\/exlibris.ee\/en\/wp-json\/wp\/v2\/product_brand?post=47137"},{"taxonomy":"product_cat","embeddable":true,"href":"https:\/\/exlibris.ee\/en\/wp-json\/wp\/v2\/product_cat?post=47137"},{"taxonomy":"product_tag","embeddable":true,"href":"https:\/\/exlibris.ee\/en\/wp-json\/wp\/v2\/product_tag?post=47137"},{"taxonomy":"series","embeddable":true,"href":"https:\/\/exlibris.ee\/en\/wp-json\/wp\/v2\/series?post=47137"},{"taxonomy":"publisher","embeddable":true,"href":"https:\/\/exlibris.ee\/en\/wp-json\/wp\/v2\/publisher?post=47137"}],"curies":[{"name":"wp","href":"https:\/\/api.w.org\/{rel}","templated":true}]}}