{"id":47166,"date":"2023-05-19T12:24:00","date_gmt":"2023-05-19T09:24:00","guid":{"rendered":"https:\/\/exlibris.ee\/toode\/gefahrliche-spaziergange-pdf-download\/"},"modified":"2026-04-05T15:30:04","modified_gmt":"2026-04-05T12:30:04","slug":"gefahrliche-spaziergange-pdf-download","status":"publish","type":"product","link":"https:\/\/exlibris.ee\/en\/product\/gefahrliche-spaziergange-pdf-download\/","title":{"rendered":"Gef\u00e4hrliche Spazierg\u00e4nge  PDF-Download"},"content":{"rendered":"<p>Die Witwe Sophie von Breymann lebt allein und einsam in einer Villa in Hamburg. Ihr Enkel, sp\u00e4terer Alleinerbe, meldet sich nur selten, vor allem wenn er, so wie jetzt, Geld braucht. Eines Tages vermisst Sophie nach einem Spaziergang mit ihrem Hund ihre Geldb\u00f6rse. Zu ihrer gro\u00dfen Erleichterung kommt kurz darauf eine Dame und bringt sie ihr. Sophie bittet sie zu Kaffee und Kuchen ins Haus. Beide erfreuen sich an den Kunstsch\u00e4tzen, die Sophie und ihr Mann gesammelt haben. Am n\u00e4chsten Tag jedoch erscheint die neue Freundin nicht zum vereinbarten gemeinsamen Spaziergang. Traurig geht Sophie nach Hause. Dort trifft sie fast der Schlag: Wertvolle Gem\u00e4lde fehlen in der Wohnung. Sie hat einen schlimmen Verdacht \u2026 Zielgruppe: Erwachsene Lernende der Niveaustufe A1 (erste Kenntnisse). Die Reihe Spannender Lernkrimi bietet spannende Krimis, bei denen das Lernen ganz nebenbei abl\u00e4uft. Die Lekt\u00fcren werden immer erg\u00e4nzt durch einen MP3-Download des kompletten Krimis sowie \u00dcbungen zum H\u00f6r- und Leseverstehen. Vierfarbige Illustrationen unterst\u00fctzen das Leseverstehen. Wortschatzerkl\u00e4rungen in der Fu\u00dfzeile und in Wortfeldern.<\/p>\n","protected":false},"excerpt":{"rendered":"<p>Die Witwe Sophie von Breymann lebt allein und einsam in einer Villa in Hamburg. Ihr Enkel, sp\u00e4terer Alleinerbe, meldet sich nur selten, vor allem wenn er, so wie jetzt, Geld braucht. Eines Tages vermisst Sophie nach einem Spaziergang mit ihrem&#8230;<\/p>\n","protected":false},"featured_media":56272,"template":"","meta":{"_acf_changed":false,"inline_featured_image":false},"product_brand":[],"product_cat":[851],"product_tag":[],"series":[{"id":1157,"name":"Gef\u00e4hrliche Spazierg\u00e4nge","slug":"gefahrliche-spaziergange"}],"publisher":[{"id":497,"name":"Hueber Verlag","slug":"hueber-verlag"}],"class_list":{"0":"post-47166","1":"product","2":"type-product","3":"status-publish","4":"has-post-thumbnail","6":"product_cat-lesetexte-deutsch","7":"series-gefahrliche-spaziergange","8":"publisher-hueber-verlag","10":"first","11":"onbackorder","12":"taxable","13":"shipping-taxable","14":"purchasable","15":"product-type-simple"},"acf":[],"_links":{"self":[{"href":"https:\/\/exlibris.ee\/en\/wp-json\/wp\/v2\/product\/47166","targetHints":{"allow":["GET"]}}],"collection":[{"href":"https:\/\/exlibris.ee\/en\/wp-json\/wp\/v2\/product"}],"about":[{"href":"https:\/\/exlibris.ee\/en\/wp-json\/wp\/v2\/types\/product"}],"wp:featuredmedia":[{"embeddable":true,"href":"https:\/\/exlibris.ee\/en\/wp-json\/wp\/v2\/media\/56272"}],"wp:attachment":[{"href":"https:\/\/exlibris.ee\/en\/wp-json\/wp\/v2\/media?parent=47166"}],"wp:term":[{"taxonomy":"product_brand","embeddable":true,"href":"https:\/\/exlibris.ee\/en\/wp-json\/wp\/v2\/product_brand?post=47166"},{"taxonomy":"product_cat","embeddable":true,"href":"https:\/\/exlibris.ee\/en\/wp-json\/wp\/v2\/product_cat?post=47166"},{"taxonomy":"product_tag","embeddable":true,"href":"https:\/\/exlibris.ee\/en\/wp-json\/wp\/v2\/product_tag?post=47166"},{"taxonomy":"series","embeddable":true,"href":"https:\/\/exlibris.ee\/en\/wp-json\/wp\/v2\/series?post=47166"},{"taxonomy":"publisher","embeddable":true,"href":"https:\/\/exlibris.ee\/en\/wp-json\/wp\/v2\/publisher?post=47166"}],"curies":[{"name":"wp","href":"https:\/\/api.w.org\/{rel}","templated":true}]}}