{"id":47169,"date":"2023-05-19T12:24:01","date_gmt":"2023-05-19T09:24:01","guid":{"rendered":"https:\/\/exlibris.ee\/toode\/grammatik-leicht-a1-entdecken-und-uben-einsprachige-ausgabe-pdf-download\/"},"modified":"2026-04-07T21:23:10","modified_gmt":"2026-04-07T18:23:10","slug":"grammatik-leicht-a1-entdecken-und-uben-einsprachige-ausgabe-pdf-download","status":"publish","type":"product","link":"https:\/\/exlibris.ee\/en\/product\/grammatik-leicht-a1-entdecken-und-uben-einsprachige-ausgabe-pdf-download\/","title":{"rendered":"Grammatik leicht A1  Entdecken und \u00fcben \/ Einsprachige Ausgabe, PDF-Download"},"content":{"rendered":"<p>F\u00fcr Selbstlerner und Kursteilnehmer mit wenigen Vorkenntnissen bietet die neue Grammatik leicht A1 einen einfachen Einstieg in die deutsche Grammatik. In kleinen Schritten und mit anschlie\u00dfenden \u00dcbungen wird der Lernende sicher zu Niveau A1 gef\u00fchrt.<\/p>\n","protected":false},"excerpt":{"rendered":"<p>F\u00fcr Selbstlerner und Kursteilnehmer mit wenigen Vorkenntnissen bietet die neue Grammatik leicht A1 einen einfachen Einstieg in die deutsche Grammatik. In kleinen Schritten und mit anschlie\u00dfenden \u00dcbungen wird der Lernende sicher zu Niveau A1 gef\u00fchrt.<\/p>\n","protected":false},"featured_media":56314,"template":"","meta":{"_acf_changed":false,"inline_featured_image":false},"product_brand":[],"product_cat":[480],"product_tag":[],"series":[{"id":1149,"name":"Grammatik leicht","slug":"grammatik-leicht"}],"publisher":[{"id":497,"name":"Hueber Verlag","slug":"hueber-verlag"}],"class_list":{"0":"post-47169","1":"product","2":"type-product","3":"status-publish","4":"has-post-thumbnail","6":"product_cat-grammatiken","7":"series-grammatik-leicht","8":"publisher-hueber-verlag","10":"first","11":"onbackorder","12":"taxable","13":"shipping-taxable","14":"purchasable","15":"product-type-simple"},"acf":[],"_links":{"self":[{"href":"https:\/\/exlibris.ee\/en\/wp-json\/wp\/v2\/product\/47169","targetHints":{"allow":["GET"]}}],"collection":[{"href":"https:\/\/exlibris.ee\/en\/wp-json\/wp\/v2\/product"}],"about":[{"href":"https:\/\/exlibris.ee\/en\/wp-json\/wp\/v2\/types\/product"}],"wp:featuredmedia":[{"embeddable":true,"href":"https:\/\/exlibris.ee\/en\/wp-json\/wp\/v2\/media\/56314"}],"wp:attachment":[{"href":"https:\/\/exlibris.ee\/en\/wp-json\/wp\/v2\/media?parent=47169"}],"wp:term":[{"taxonomy":"product_brand","embeddable":true,"href":"https:\/\/exlibris.ee\/en\/wp-json\/wp\/v2\/product_brand?post=47169"},{"taxonomy":"product_cat","embeddable":true,"href":"https:\/\/exlibris.ee\/en\/wp-json\/wp\/v2\/product_cat?post=47169"},{"taxonomy":"product_tag","embeddable":true,"href":"https:\/\/exlibris.ee\/en\/wp-json\/wp\/v2\/product_tag?post=47169"},{"taxonomy":"series","embeddable":true,"href":"https:\/\/exlibris.ee\/en\/wp-json\/wp\/v2\/series?post=47169"},{"taxonomy":"publisher","embeddable":true,"href":"https:\/\/exlibris.ee\/en\/wp-json\/wp\/v2\/publisher?post=47169"}],"curies":[{"name":"wp","href":"https:\/\/api.w.org\/{rel}","templated":true}]}}