{"id":47177,"date":"2023-05-19T12:24:03","date_gmt":"2023-05-19T09:24:03","guid":{"rendered":"https:\/\/exlibris.ee\/toode\/mit-uns-b1-digitales-videopaket\/"},"modified":"2026-04-23T05:46:49","modified_gmt":"2026-04-23T02:46:49","slug":"mit-uns-b1-digitales-videopaket","status":"publish","type":"product","link":"https:\/\/exlibris.ee\/en\/product\/mit-uns-b1-digitales-videopaket\/","title":{"rendered":"Mit uns B1+    \/ Digitales Videopaket"},"content":{"rendered":"<p>Das digitale Videopaket zu Mit uns B1+ enth\u00e4lt sechs kurze landeskundliche Filme (\u00e0 zwei bis f\u00fcnf Minuten), die thematisch auf 6 der 12 Lektionen von Mit uns B1+ abgestimmt sind. Im Videopaket gibt es dazu PDF-Arbeitsbl\u00e4tter (2 Seiten pro Video), Hinweise f\u00fcr Lehrende sowie die Transkriptionen. Sie k\u00f6nnen auf alles \u00fcber die Medienplattform Hueber interaktiv zugreifen.<\/p>\n","protected":false},"excerpt":{"rendered":"<p>Das digitale Videopaket zu Mit uns B1+ enth\u00e4lt sechs kurze landeskundliche Filme (\u00e0 zwei bis f\u00fcnf Minuten), die thematisch auf 6 der 12 Lektionen von Mit uns B1+ abgestimmt sind. Im Videopaket gibt es dazu PDF-Arbeitsbl\u00e4tter (2 Seiten pro Video),&#8230;<\/p>\n","protected":false},"featured_media":56380,"template":"","meta":{"_acf_changed":false,"inline_featured_image":false},"product_brand":[],"product_cat":[477],"product_tag":[],"series":[{"id":1117,"name":"Mit uns","slug":"mit-uns"}],"publisher":[{"id":497,"name":"Hueber Verlag","slug":"hueber-verlag"}],"class_list":{"0":"post-47177","1":"product","2":"type-product","3":"status-publish","4":"has-post-thumbnail","6":"product_cat-lehrwerke-fur-jugendliche","7":"series-mit-uns","8":"publisher-hueber-verlag","10":"first","11":"onbackorder","12":"taxable","13":"shipping-taxable","14":"purchasable","15":"product-type-simple"},"acf":[],"_links":{"self":[{"href":"https:\/\/exlibris.ee\/en\/wp-json\/wp\/v2\/product\/47177","targetHints":{"allow":["GET"]}}],"collection":[{"href":"https:\/\/exlibris.ee\/en\/wp-json\/wp\/v2\/product"}],"about":[{"href":"https:\/\/exlibris.ee\/en\/wp-json\/wp\/v2\/types\/product"}],"wp:featuredmedia":[{"embeddable":true,"href":"https:\/\/exlibris.ee\/en\/wp-json\/wp\/v2\/media\/56380"}],"wp:attachment":[{"href":"https:\/\/exlibris.ee\/en\/wp-json\/wp\/v2\/media?parent=47177"}],"wp:term":[{"taxonomy":"product_brand","embeddable":true,"href":"https:\/\/exlibris.ee\/en\/wp-json\/wp\/v2\/product_brand?post=47177"},{"taxonomy":"product_cat","embeddable":true,"href":"https:\/\/exlibris.ee\/en\/wp-json\/wp\/v2\/product_cat?post=47177"},{"taxonomy":"product_tag","embeddable":true,"href":"https:\/\/exlibris.ee\/en\/wp-json\/wp\/v2\/product_tag?post=47177"},{"taxonomy":"series","embeddable":true,"href":"https:\/\/exlibris.ee\/en\/wp-json\/wp\/v2\/series?post=47177"},{"taxonomy":"publisher","embeddable":true,"href":"https:\/\/exlibris.ee\/en\/wp-json\/wp\/v2\/publisher?post=47177"}],"curies":[{"name":"wp","href":"https:\/\/api.w.org\/{rel}","templated":true}]}}