{"id":47227,"date":"2023-05-19T12:24:24","date_gmt":"2023-05-19T09:24:24","guid":{"rendered":"https:\/\/exlibris.ee\/toode\/fortbildung-fur-kursleitende-deutsch-als-zweitsprache-band-1-migration-interkulturalitat-daz\/"},"modified":"2026-04-11T17:36:25","modified_gmt":"2026-04-11T14:36:25","slug":"fortbildung-fur-kursleitende-deutsch-als-zweitsprache-band-1-migration-interkulturalitat-daz","status":"publish","type":"product","link":"https:\/\/exlibris.ee\/en\/product\/fortbildung-fur-kursleitende-deutsch-als-zweitsprache-band-1-migration-interkulturalitat-daz\/","title":{"rendered":"Fortbildung f\u00fcr Kursleitende Deutsch als Zweitsprache  Band 1 \u2013 Migration \u2013 Interkulturalit\u00e4t \u2013 DaZ"},"content":{"rendered":"<p>Eine Sammlung von Fortbildungsmaterialien in 4 B\u00e4nden f\u00fcr Kursleiter\/innen und Fortbildner\/innen im Bereich Deutsch als Zweitsprache f\u00fcr Erwachsene. Diese Fortbildungsmaterialien orientieren sich an den Lernzielen und curricularen Inhalten der &#8220;&#8221;Konzeption f\u00fcr die Qualifizierung von Lehrkr\u00e4ften im Bereich Deutsch als Zweitsprache&#8221;&#8221; des Bundesamtes f\u00fcr Migration und Fl\u00fcchtlinge. Sie enthalten: &#8211; Hintergrundinformationen zu allen Fragen rund um Deutsch als Zweitsprache &#8211; eine Vielzahl von methodischen Ideen &#8211; Tipps f\u00fcr spezielle Unterrichtssituationen &#8211; Hinweise auf Lehrwerke und andere Materialien (gedruckt oder im Internet) &#8211; konkrete Vorschl\u00e4ge f\u00fcr Aktivit\u00e4ten, die sofort und ohne gro\u00dfen Aufwand im Unterricht umgesetzt werden k\u00f6nnen.<\/p>\n","protected":false},"excerpt":{"rendered":"<p>Eine Sammlung von Fortbildungsmaterialien in 4 B\u00e4nden f\u00fcr Kursleiter\/innen und Fortbildner\/innen im Bereich Deutsch als Zweitsprache f\u00fcr Erwachsene. Diese Fortbildungsmaterialien orientieren sich an den Lernzielen und curricularen Inhalten der &#8220;&#8221;Konzeption f\u00fcr die Qualifizierung von Lehrkr\u00e4ften im Bereich Deutsch als Zweitsprache&#8221;&#8221;&#8230;<\/p>\n","protected":false},"featured_media":56446,"template":"","meta":{"_acf_changed":false,"inline_featured_image":false},"product_brand":[],"product_cat":[1121],"product_tag":[],"series":[{"id":1165,"name":"Fortbildung f\u00fcr Kursleitende Deutsch","slug":"fortbildung-fur-kursleitende-deutsch"}],"publisher":[{"id":497,"name":"Hueber Verlag","slug":"hueber-verlag"}],"class_list":{"0":"post-47227","1":"product","2":"type-product","3":"status-publish","4":"has-post-thumbnail","6":"product_cat-lehrwerke-fur-jugendliche-und-erwachsene","7":"series-fortbildung-fur-kursleitende-deutsch","8":"publisher-hueber-verlag","10":"first","11":"onbackorder","12":"taxable","13":"shipping-taxable","14":"purchasable","15":"product-type-simple"},"acf":[],"_links":{"self":[{"href":"https:\/\/exlibris.ee\/en\/wp-json\/wp\/v2\/product\/47227","targetHints":{"allow":["GET"]}}],"collection":[{"href":"https:\/\/exlibris.ee\/en\/wp-json\/wp\/v2\/product"}],"about":[{"href":"https:\/\/exlibris.ee\/en\/wp-json\/wp\/v2\/types\/product"}],"wp:featuredmedia":[{"embeddable":true,"href":"https:\/\/exlibris.ee\/en\/wp-json\/wp\/v2\/media\/56446"}],"wp:attachment":[{"href":"https:\/\/exlibris.ee\/en\/wp-json\/wp\/v2\/media?parent=47227"}],"wp:term":[{"taxonomy":"product_brand","embeddable":true,"href":"https:\/\/exlibris.ee\/en\/wp-json\/wp\/v2\/product_brand?post=47227"},{"taxonomy":"product_cat","embeddable":true,"href":"https:\/\/exlibris.ee\/en\/wp-json\/wp\/v2\/product_cat?post=47227"},{"taxonomy":"product_tag","embeddable":true,"href":"https:\/\/exlibris.ee\/en\/wp-json\/wp\/v2\/product_tag?post=47227"},{"taxonomy":"series","embeddable":true,"href":"https:\/\/exlibris.ee\/en\/wp-json\/wp\/v2\/series?post=47227"},{"taxonomy":"publisher","embeddable":true,"href":"https:\/\/exlibris.ee\/en\/wp-json\/wp\/v2\/publisher?post=47227"}],"curies":[{"name":"wp","href":"https:\/\/api.w.org\/{rel}","templated":true}]}}