{"id":47236,"date":"2023-05-19T12:24:26","date_gmt":"2023-05-19T09:24:26","guid":{"rendered":"https:\/\/exlibris.ee\/toode\/kikus-interaktiv-multilinguale-sprach-lern-software-einzellizenz\/"},"modified":"2026-04-12T11:31:17","modified_gmt":"2026-04-12T08:31:17","slug":"kikus-interaktiv-multilinguale-sprach-lern-software-einzellizenz","status":"publish","type":"product","link":"https:\/\/exlibris.ee\/en\/product\/kikus-interaktiv-multilinguale-sprach-lern-software-einzellizenz\/","title":{"rendered":"KIKUS interaktiv  Multilinguale Sprach-Lern-Software \/ Einzellizenz"},"content":{"rendered":"<p>Mit der Sprach-Lern-Software KIKUS interaktiv stehen Ihnen die beliebten KIKUS Bildkarten nicht nur digital \u00fcber PC, Laptop und Whiteboard zur Verf\u00fcgung. Sie k\u00f6nnen auch ganz einfach eigene Bildkarten mit Text, Audio und Fotos hinzuf\u00fcgen oder interaktiv in der Gruppe oder zu Hause mit der Mutter- und Zweitsprache \u00fcben und lernen.<\/p>\n","protected":false},"excerpt":{"rendered":"<p>Mit der Sprach-Lern-Software KIKUS interaktiv stehen Ihnen die beliebten KIKUS Bildkarten nicht nur digital \u00fcber PC, Laptop und Whiteboard zur Verf\u00fcgung. Sie k\u00f6nnen auch ganz einfach eigene Bildkarten mit Text, Audio und Fotos hinzuf\u00fcgen oder interaktiv in der Gruppe oder&#8230;<\/p>\n","protected":false},"featured_media":56530,"template":"","meta":{"_acf_changed":false,"inline_featured_image":false},"product_brand":[],"product_cat":[471],"product_tag":[],"series":[{"id":575,"name":"Kikus","slug":"kikus"}],"publisher":[{"id":497,"name":"Hueber Verlag","slug":"hueber-verlag"}],"class_list":{"0":"post-47236","1":"product","2":"type-product","3":"status-publish","4":"has-post-thumbnail","6":"product_cat-lehrwerke-fur-kinder","7":"series-kikus","8":"publisher-hueber-verlag","10":"first","11":"onbackorder","12":"taxable","13":"shipping-taxable","14":"purchasable","15":"product-type-simple"},"acf":[],"_links":{"self":[{"href":"https:\/\/exlibris.ee\/en\/wp-json\/wp\/v2\/product\/47236","targetHints":{"allow":["GET"]}}],"collection":[{"href":"https:\/\/exlibris.ee\/en\/wp-json\/wp\/v2\/product"}],"about":[{"href":"https:\/\/exlibris.ee\/en\/wp-json\/wp\/v2\/types\/product"}],"wp:featuredmedia":[{"embeddable":true,"href":"https:\/\/exlibris.ee\/en\/wp-json\/wp\/v2\/media\/56530"}],"wp:attachment":[{"href":"https:\/\/exlibris.ee\/en\/wp-json\/wp\/v2\/media?parent=47236"}],"wp:term":[{"taxonomy":"product_brand","embeddable":true,"href":"https:\/\/exlibris.ee\/en\/wp-json\/wp\/v2\/product_brand?post=47236"},{"taxonomy":"product_cat","embeddable":true,"href":"https:\/\/exlibris.ee\/en\/wp-json\/wp\/v2\/product_cat?post=47236"},{"taxonomy":"product_tag","embeddable":true,"href":"https:\/\/exlibris.ee\/en\/wp-json\/wp\/v2\/product_tag?post=47236"},{"taxonomy":"series","embeddable":true,"href":"https:\/\/exlibris.ee\/en\/wp-json\/wp\/v2\/series?post=47236"},{"taxonomy":"publisher","embeddable":true,"href":"https:\/\/exlibris.ee\/en\/wp-json\/wp\/v2\/publisher?post=47236"}],"curies":[{"name":"wp","href":"https:\/\/api.w.org\/{rel}","templated":true}]}}