{"id":47239,"date":"2023-05-19T12:24:27","date_gmt":"2023-05-19T09:24:27","guid":{"rendered":"https:\/\/exlibris.ee\/toode\/fortbildung-fur-kursleitende-deutsch-als-zweitsprache-band-3-unterrichtsplanung-und-durchfuhrung\/"},"modified":"2026-04-06T09:12:50","modified_gmt":"2026-04-06T06:12:50","slug":"fortbildung-fur-kursleitende-deutsch-als-zweitsprache-band-3-unterrichtsplanung-und-durchfuhrung","status":"publish","type":"product","link":"https:\/\/exlibris.ee\/en\/product\/fortbildung-fur-kursleitende-deutsch-als-zweitsprache-band-3-unterrichtsplanung-und-durchfuhrung\/","title":{"rendered":"Fortbildung f\u00fcr Kursleitende Deutsch als Zweitsprache 3"},"content":{"rendered":"<p>Band 3 behandelt die Grundlagen zu Unterrichtsplanung und -durchf\u00fchrung: \u00dcbungstypologien, Visualisierung, Spiele, Fehlerkorrektur, Testen und Pr\u00fcfen etc.<\/p>\n","protected":false},"excerpt":{"rendered":"<p>Band 3 behandelt die Grundlagen zu Unterrichtsplanung und -durchf\u00fchrung: \u00dcbungstypologien, Visualisierung, Spiele, Fehlerkorrektur, Testen und Pr\u00fcfen etc.<\/p>\n","protected":false},"featured_media":56617,"template":"","meta":{"_acf_changed":false,"inline_featured_image":false},"product_brand":[],"product_cat":[1121],"product_tag":[],"series":[{"id":1165,"name":"Fortbildung f\u00fcr Kursleitende Deutsch","slug":"fortbildung-fur-kursleitende-deutsch"}],"publisher":[{"id":497,"name":"Hueber Verlag","slug":"hueber-verlag"}],"class_list":{"0":"post-47239","1":"product","2":"type-product","3":"status-publish","4":"has-post-thumbnail","6":"product_cat-lehrwerke-fur-jugendliche-und-erwachsene","7":"series-fortbildung-fur-kursleitende-deutsch","8":"publisher-hueber-verlag","10":"first","11":"instock","12":"taxable","13":"shipping-taxable","14":"purchasable","15":"product-type-simple"},"acf":[],"_links":{"self":[{"href":"https:\/\/exlibris.ee\/en\/wp-json\/wp\/v2\/product\/47239","targetHints":{"allow":["GET"]}}],"collection":[{"href":"https:\/\/exlibris.ee\/en\/wp-json\/wp\/v2\/product"}],"about":[{"href":"https:\/\/exlibris.ee\/en\/wp-json\/wp\/v2\/types\/product"}],"wp:featuredmedia":[{"embeddable":true,"href":"https:\/\/exlibris.ee\/en\/wp-json\/wp\/v2\/media\/56617"}],"wp:attachment":[{"href":"https:\/\/exlibris.ee\/en\/wp-json\/wp\/v2\/media?parent=47239"}],"wp:term":[{"taxonomy":"product_brand","embeddable":true,"href":"https:\/\/exlibris.ee\/en\/wp-json\/wp\/v2\/product_brand?post=47239"},{"taxonomy":"product_cat","embeddable":true,"href":"https:\/\/exlibris.ee\/en\/wp-json\/wp\/v2\/product_cat?post=47239"},{"taxonomy":"product_tag","embeddable":true,"href":"https:\/\/exlibris.ee\/en\/wp-json\/wp\/v2\/product_tag?post=47239"},{"taxonomy":"series","embeddable":true,"href":"https:\/\/exlibris.ee\/en\/wp-json\/wp\/v2\/series?post=47239"},{"taxonomy":"publisher","embeddable":true,"href":"https:\/\/exlibris.ee\/en\/wp-json\/wp\/v2\/publisher?post=47239"}],"curies":[{"name":"wp","href":"https:\/\/api.w.org\/{rel}","templated":true}]}}