{"id":47240,"date":"2023-05-19T12:24:27","date_gmt":"2023-05-19T09:24:27","guid":{"rendered":"https:\/\/exlibris.ee\/toode\/schatten-uber-der-vergangenheit-lekture-mit-audios-online\/"},"modified":"2026-05-04T08:24:11","modified_gmt":"2026-05-04T05:24:11","slug":"schatten-uber-der-vergangenheit-lekture-mit-audios-online","status":"publish","type":"product","link":"https:\/\/exlibris.ee\/en\/product\/schatten-uber-der-vergangenheit-lekture-mit-audios-online\/","title":{"rendered":"Schatten \u00fcber der Vergangenheit  Lekt\u00fcre mit Audios online"},"content":{"rendered":"<p>Eigentlich wollte die frisch pensionierte Kriminalkommissarin Emma Wagner ihren Ruhestand genie\u00dfen. Doch die Entf\u00fchrung von Felix, ein Kindergarten-Freund ihres Enkels Simon, und das sonderbare Verhalten von Felix\u00b4 Vater l\u00e4sst der Kommissarin keine Ruhe&#8230; Zielgruppe: Erwachsene Lernende der Niveaustufe A1 (erste Kenntnisse). Die Reihe Spannender Lernkrimi bietet spannende Krimis, bei denen das Lernen ganz nebenbei abl\u00e4uft. Die Lekt\u00fcren werden immer erg\u00e4nzt durch einen MP3-Download des kompletten Krimis sowie \u00dcbungen zum H\u00f6r- und Leseverstehen. Vierfarbige Illustrationen unterst\u00fctzen das Leseverstehen. Wortschatzerkl\u00e4rungen in der Fu\u00dfzeile und in Wortfeldern.<\/p>\n","protected":false},"excerpt":{"rendered":"<p>Eigentlich wollte die frisch pensionierte Kriminalkommissarin Emma Wagner ihren Ruhestand genie\u00dfen. Doch die Entf\u00fchrung von Felix, ein Kindergarten-Freund ihres Enkels Simon, und das sonderbare Verhalten von Felix\u00b4 Vater l\u00e4sst der Kommissarin keine Ruhe&#8230; Zielgruppe: Erwachsene Lernende der Niveaustufe A1 (erste&#8230;<\/p>\n","protected":false},"featured_media":56632,"template":"","meta":{"_acf_changed":false,"inline_featured_image":false},"product_brand":[],"product_cat":[851],"product_tag":[],"series":[{"id":1142,"name":"Schatten \u00fcber der Vergangenheit","slug":"schatten-uber-der-vergangenheit"}],"publisher":[{"id":497,"name":"Hueber Verlag","slug":"hueber-verlag"}],"class_list":{"0":"post-47240","1":"product","2":"type-product","3":"status-publish","4":"has-post-thumbnail","6":"product_cat-lesetexte-deutsch","7":"series-schatten-uber-der-vergangenheit","8":"publisher-hueber-verlag","10":"first","11":"onbackorder","12":"taxable","13":"shipping-taxable","14":"purchasable","15":"product-type-simple"},"acf":[],"_links":{"self":[{"href":"https:\/\/exlibris.ee\/en\/wp-json\/wp\/v2\/product\/47240","targetHints":{"allow":["GET"]}}],"collection":[{"href":"https:\/\/exlibris.ee\/en\/wp-json\/wp\/v2\/product"}],"about":[{"href":"https:\/\/exlibris.ee\/en\/wp-json\/wp\/v2\/types\/product"}],"wp:featuredmedia":[{"embeddable":true,"href":"https:\/\/exlibris.ee\/en\/wp-json\/wp\/v2\/media\/56632"}],"wp:attachment":[{"href":"https:\/\/exlibris.ee\/en\/wp-json\/wp\/v2\/media?parent=47240"}],"wp:term":[{"taxonomy":"product_brand","embeddable":true,"href":"https:\/\/exlibris.ee\/en\/wp-json\/wp\/v2\/product_brand?post=47240"},{"taxonomy":"product_cat","embeddable":true,"href":"https:\/\/exlibris.ee\/en\/wp-json\/wp\/v2\/product_cat?post=47240"},{"taxonomy":"product_tag","embeddable":true,"href":"https:\/\/exlibris.ee\/en\/wp-json\/wp\/v2\/product_tag?post=47240"},{"taxonomy":"series","embeddable":true,"href":"https:\/\/exlibris.ee\/en\/wp-json\/wp\/v2\/series?post=47240"},{"taxonomy":"publisher","embeddable":true,"href":"https:\/\/exlibris.ee\/en\/wp-json\/wp\/v2\/publisher?post=47240"}],"curies":[{"name":"wp","href":"https:\/\/api.w.org\/{rel}","templated":true}]}}