{"id":47244,"date":"2023-05-19T12:24:28","date_gmt":"2023-05-19T09:24:28","guid":{"rendered":"https:\/\/exlibris.ee\/toode\/menschen-im-beruf-training-besprechen-und-prasentieren-kursbuch-mit-audio-cd\/"},"modified":"2026-04-19T11:57:22","modified_gmt":"2026-04-19T08:57:22","slug":"menschen-im-beruf-training-besprechen-und-prasentieren-kursbuch-mit-audio-cd","status":"publish","type":"product","link":"https:\/\/exlibris.ee\/en\/product\/menschen-im-beruf-training-besprechen-und-prasentieren-kursbuch-mit-audio-cd\/","title":{"rendered":"Menschen im Beruf &#8211; Training Besprechen und Pr\u00e4sentieren  Kursbuch mit Audio-CD"},"content":{"rendered":"<p>Zielgruppe: Lernende in den Niveaustufen B1 und B2, die aus beruflichen Gr\u00fcnden Deutsch lernen \u2022 \u00fcbt systematisch die sprachlichen Fertigkeiten f\u00fcr Besprechungen und Pr\u00e4sentationen im beruflichen Umfeld \u2022 ideal als kursbegleitendes Material im Unterricht (z.B. als Erweiterungsmaterial zu Im Beruf Neu) \u2022 durch den integrierten L\u00f6sungsschl\u00fcssel auch f\u00fcr Selbstlernende geeignet.<\/p>\n","protected":false},"excerpt":{"rendered":"<p>Zielgruppe: Lernende in den Niveaustufen B1 und B2, die aus beruflichen Gr\u00fcnden Deutsch lernen \u2022 \u00fcbt systematisch die sprachlichen Fertigkeiten f\u00fcr Besprechungen und Pr\u00e4sentationen im beruflichen Umfeld \u2022 ideal als kursbegleitendes Material im Unterricht (z.B. als Erweiterungsmaterial zu Im Beruf&#8230;<\/p>\n","protected":false},"featured_media":56647,"template":"","meta":{"_acf_changed":false,"inline_featured_image":false},"product_brand":[],"product_cat":[885],"product_tag":[],"series":[{"id":1163,"name":"Menschen im Beruf","slug":"menschen-im-beruf"}],"publisher":[{"id":497,"name":"Hueber Verlag","slug":"hueber-verlag"}],"class_list":{"0":"post-47244","1":"product","2":"type-product","3":"status-publish","4":"has-post-thumbnail","6":"product_cat-berufssprache","7":"series-menschen-im-beruf","8":"publisher-hueber-verlag","10":"first","11":"instock","12":"taxable","13":"shipping-taxable","14":"purchasable","15":"product-type-simple"},"acf":[],"_links":{"self":[{"href":"https:\/\/exlibris.ee\/en\/wp-json\/wp\/v2\/product\/47244","targetHints":{"allow":["GET"]}}],"collection":[{"href":"https:\/\/exlibris.ee\/en\/wp-json\/wp\/v2\/product"}],"about":[{"href":"https:\/\/exlibris.ee\/en\/wp-json\/wp\/v2\/types\/product"}],"wp:featuredmedia":[{"embeddable":true,"href":"https:\/\/exlibris.ee\/en\/wp-json\/wp\/v2\/media\/56647"}],"wp:attachment":[{"href":"https:\/\/exlibris.ee\/en\/wp-json\/wp\/v2\/media?parent=47244"}],"wp:term":[{"taxonomy":"product_brand","embeddable":true,"href":"https:\/\/exlibris.ee\/en\/wp-json\/wp\/v2\/product_brand?post=47244"},{"taxonomy":"product_cat","embeddable":true,"href":"https:\/\/exlibris.ee\/en\/wp-json\/wp\/v2\/product_cat?post=47244"},{"taxonomy":"product_tag","embeddable":true,"href":"https:\/\/exlibris.ee\/en\/wp-json\/wp\/v2\/product_tag?post=47244"},{"taxonomy":"series","embeddable":true,"href":"https:\/\/exlibris.ee\/en\/wp-json\/wp\/v2\/series?post=47244"},{"taxonomy":"publisher","embeddable":true,"href":"https:\/\/exlibris.ee\/en\/wp-json\/wp\/v2\/publisher?post=47244"}],"curies":[{"name":"wp","href":"https:\/\/api.w.org\/{rel}","templated":true}]}}