{"id":47246,"date":"2023-05-19T12:24:29","date_gmt":"2023-05-19T09:24:29","guid":{"rendered":"https:\/\/exlibris.ee\/toode\/motive-a1-b1-interaktive-digitale-ausgabe-kompaktkurs-daf-digitalisiertes-arbeitsbuch-lektion-1-30-mit-integrierten-audiodateien\/"},"modified":"2026-04-07T03:34:37","modified_gmt":"2026-04-07T00:34:37","slug":"motive-a1-b1-interaktive-digitale-ausgabe-kompaktkurs-daf-digitalisiertes-arbeitsbuch-lektion-1-30-mit-integrierten-audiodateien","status":"publish","type":"product","link":"https:\/\/exlibris.ee\/en\/product\/motive-a1-b1-interaktive-digitale-ausgabe-kompaktkurs-daf-digitalisiertes-arbeitsbuch-lektion-1-30-mit-integrierten-audiodateien\/","title":{"rendered":"Motive A1\u2013B1 \u2013 interaktive Digitale Ausgabe  Kompaktkurs DaF \/ Digitalisiertes Arbeitsbuch, Lektion 1\u201330 mit integrierten Audiodateien"},"content":{"rendered":"<p>Digitalisiertes Arbeitsbuch mit integrierten Audiodateien und interaktiven \u00dcbungen &#8211; \u00dcbungen zum selbstst\u00e4ndigen Arbeiten zu Hause &#8211; Wiederholungsaufgaben zu den Inhalten der H\u00f6r- und Lesetexte im Kursbuch &#8211; zus\u00e4tzliche H\u00f6rtexte &#8211; Aussprachetraining &#8211; systematisches Training der Fertigkeit Schreiben in der Schreibwerkstatt &#8211; Lernwortschatz jeder Lektion mit Angaben zum Sprachgebrauch in der Schweiz und in \u00d6sterreich &#8211; mit MP3-Dateien mit allen H\u00f6rtexten und allen Sprech\u00fcbungen des Arbeitsbuches.<\/p>\n","protected":false},"excerpt":{"rendered":"<p>Digitalisiertes Arbeitsbuch mit integrierten Audiodateien und interaktiven \u00dcbungen &#8211; \u00dcbungen zum selbstst\u00e4ndigen Arbeiten zu Hause &#8211; Wiederholungsaufgaben zu den Inhalten der H\u00f6r- und Lesetexte im Kursbuch &#8211; zus\u00e4tzliche H\u00f6rtexte &#8211; Aussprachetraining &#8211; systematisches Training der Fertigkeit Schreiben in der Schreibwerkstatt&#8230;<\/p>\n","protected":false},"featured_media":56665,"template":"","meta":{"_acf_changed":false,"inline_featured_image":false},"product_brand":[],"product_cat":[1121],"product_tag":[],"series":[{"id":1131,"name":"Motive","slug":"motive"}],"publisher":[{"id":497,"name":"Hueber Verlag","slug":"hueber-verlag"}],"class_list":{"0":"post-47246","1":"product","2":"type-product","3":"status-publish","4":"has-post-thumbnail","6":"product_cat-lehrwerke-fur-jugendliche-und-erwachsene","7":"series-motive","8":"publisher-hueber-verlag","10":"first","11":"onbackorder","12":"taxable","13":"shipping-taxable","14":"purchasable","15":"product-type-simple"},"acf":[],"_links":{"self":[{"href":"https:\/\/exlibris.ee\/en\/wp-json\/wp\/v2\/product\/47246","targetHints":{"allow":["GET"]}}],"collection":[{"href":"https:\/\/exlibris.ee\/en\/wp-json\/wp\/v2\/product"}],"about":[{"href":"https:\/\/exlibris.ee\/en\/wp-json\/wp\/v2\/types\/product"}],"wp:featuredmedia":[{"embeddable":true,"href":"https:\/\/exlibris.ee\/en\/wp-json\/wp\/v2\/media\/56665"}],"wp:attachment":[{"href":"https:\/\/exlibris.ee\/en\/wp-json\/wp\/v2\/media?parent=47246"}],"wp:term":[{"taxonomy":"product_brand","embeddable":true,"href":"https:\/\/exlibris.ee\/en\/wp-json\/wp\/v2\/product_brand?post=47246"},{"taxonomy":"product_cat","embeddable":true,"href":"https:\/\/exlibris.ee\/en\/wp-json\/wp\/v2\/product_cat?post=47246"},{"taxonomy":"product_tag","embeddable":true,"href":"https:\/\/exlibris.ee\/en\/wp-json\/wp\/v2\/product_tag?post=47246"},{"taxonomy":"series","embeddable":true,"href":"https:\/\/exlibris.ee\/en\/wp-json\/wp\/v2\/series?post=47246"},{"taxonomy":"publisher","embeddable":true,"href":"https:\/\/exlibris.ee\/en\/wp-json\/wp\/v2\/publisher?post=47246"}],"curies":[{"name":"wp","href":"https:\/\/api.w.org\/{rel}","templated":true}]}}