{"id":47253,"date":"2023-05-19T12:24:30","date_gmt":"2023-05-19T09:24:30","guid":{"rendered":"https:\/\/exlibris.ee\/toode\/menschen-im-beruf-schreibtraining-kursbuch\/"},"modified":"2026-04-14T19:26:42","modified_gmt":"2026-04-14T16:26:42","slug":"menschen-im-beruf-schreibtraining-kursbuch","status":"publish","type":"product","link":"https:\/\/exlibris.ee\/en\/product\/menschen-im-beruf-schreibtraining-kursbuch\/","title":{"rendered":"Menschen im Beruf &#8211; Schreibtraining  Kursbuch"},"content":{"rendered":"<p>\u00fcbt systematisch die Schreibfertigkeit im beruflichen Umfeld &#8211; pr\u00e4sentiert typische Textsorten wie E-Mails und Briefe etc. und die daf\u00fcr notwendigen sprachlichen Mittel &#8211; Formulierungs- und Schreibtraining sowie \u00dcbungen zur Grammatik &#8211; ideal als kursbegleitendes Material im Unterricht &#8211; durch den integrierten L\u00f6sungsschl\u00fcssel auch f\u00fcr Selbstlernende geeignet.<\/p>\n","protected":false},"excerpt":{"rendered":"<p>\u00fcbt systematisch die Schreibfertigkeit im beruflichen Umfeld &#8211; pr\u00e4sentiert typische Textsorten wie E-Mails und Briefe etc. und die daf\u00fcr notwendigen sprachlichen Mittel &#8211; Formulierungs- und Schreibtraining sowie \u00dcbungen zur Grammatik &#8211; ideal als kursbegleitendes Material im Unterricht &#8211; durch den&#8230;<\/p>\n","protected":false},"featured_media":56698,"template":"","meta":{"_acf_changed":false,"inline_featured_image":false},"product_brand":[],"product_cat":[885],"product_tag":[],"series":[{"id":1163,"name":"Menschen im Beruf","slug":"menschen-im-beruf"}],"publisher":[{"id":497,"name":"Hueber Verlag","slug":"hueber-verlag"}],"class_list":{"0":"post-47253","1":"product","2":"type-product","3":"status-publish","4":"has-post-thumbnail","6":"product_cat-berufssprache","7":"series-menschen-im-beruf","8":"publisher-hueber-verlag","10":"first","11":"instock","12":"taxable","13":"shipping-taxable","14":"purchasable","15":"product-type-simple"},"acf":[],"_links":{"self":[{"href":"https:\/\/exlibris.ee\/en\/wp-json\/wp\/v2\/product\/47253","targetHints":{"allow":["GET"]}}],"collection":[{"href":"https:\/\/exlibris.ee\/en\/wp-json\/wp\/v2\/product"}],"about":[{"href":"https:\/\/exlibris.ee\/en\/wp-json\/wp\/v2\/types\/product"}],"wp:featuredmedia":[{"embeddable":true,"href":"https:\/\/exlibris.ee\/en\/wp-json\/wp\/v2\/media\/56698"}],"wp:attachment":[{"href":"https:\/\/exlibris.ee\/en\/wp-json\/wp\/v2\/media?parent=47253"}],"wp:term":[{"taxonomy":"product_brand","embeddable":true,"href":"https:\/\/exlibris.ee\/en\/wp-json\/wp\/v2\/product_brand?post=47253"},{"taxonomy":"product_cat","embeddable":true,"href":"https:\/\/exlibris.ee\/en\/wp-json\/wp\/v2\/product_cat?post=47253"},{"taxonomy":"product_tag","embeddable":true,"href":"https:\/\/exlibris.ee\/en\/wp-json\/wp\/v2\/product_tag?post=47253"},{"taxonomy":"series","embeddable":true,"href":"https:\/\/exlibris.ee\/en\/wp-json\/wp\/v2\/series?post=47253"},{"taxonomy":"publisher","embeddable":true,"href":"https:\/\/exlibris.ee\/en\/wp-json\/wp\/v2\/publisher?post=47253"}],"curies":[{"name":"wp","href":"https:\/\/api.w.org\/{rel}","templated":true}]}}