{"id":47259,"date":"2023-05-19T12:24:31","date_gmt":"2023-05-19T09:24:31","guid":{"rendered":"https:\/\/exlibris.ee\/toode\/horkurs-deutsch-fur-anfanger-russisch-%d0%b0%d1%83%d0%b4%d0%b8%d0%be%d0%ba%d1%83%d1%80%d1%81-%d0%bd%d0%b5%d0%bc%d0%b5%d1%86%d0%ba%d0%be%d0%b3%d0%be-%d1%8f%d0%b7%d1%8b%d0%ba%d0%b0-%d0%b4%d0%bb\/"},"modified":"2026-04-22T09:57:35","modified_gmt":"2026-04-22T06:57:35","slug":"horkurs-deutsch-fur-anfanger-russisch-%d0%b0%d1%83%d0%b4%d0%b8%d0%be%d0%ba%d1%83%d1%80%d1%81-%d0%bd%d0%b5%d0%bc%d0%b5%d1%86%d0%ba%d0%be%d0%b3%d0%be-%d1%8f%d0%b7%d1%8b%d0%ba%d0%b0-%d0%b4%d0%bb","status":"publish","type":"product","link":"https:\/\/exlibris.ee\/en\/product\/horkurs-deutsch-fur-anfanger-russisch-%d0%b0%d1%83%d0%b4%d0%b8%d0%be%d0%ba%d1%83%d1%80%d1%81-%d0%bd%d0%b5%d0%bc%d0%b5%d1%86%d0%ba%d0%be%d0%b3%d0%be-%d1%8f%d0%b7%d1%8b%d0%ba%d0%b0-%d0%b4%d0%bb\/","title":{"rendered":"H\u00f6rkurs &#8211; Deutsch f\u00fcr Anf\u00e4nger, Russisch  \u0410\u0443\u0434\u0438\u043e\u043a\u0443\u0440\u0441 \u043d\u0435\u043c\u0435\u0446\u043a\u043e\u0433\u043e \u044f\u0437\u044b\u043a\u0430 \u0434\u043b\u044f \u043d\u0430\u0447\u0438\u043d\u0430\u044e\u0449\u0438\u0445 \/ PDF\/MP3-Download Ausgabe Russisch"},"content":{"rendered":"<p>Zielgruppe: Anf\u00e4nger ohne Vorkenntnisse, die Kenntnisse f\u00fcr Beruf, Freizeit und Alltag auf Niveau A1 erwerben wollen und ein Lernen ohne Buch bevorzugen. Unkompliziertes Lernen ohne Buch: Diesen Ansatz verwirklicht der neue H\u00f6rkurs f\u00fcr Deutsch als Fremdsprache. Der H\u00f6rkurs besteht aus 15 Lektionen und ist ideal f\u00fcr das mobile Lernen unterwegs. Der muttersprachliche Moderator holt den Anf\u00e4nger ohne Vorkenntnisse ab und f\u00fchrt ihn sicher und unterhaltsam zum Niveau A1. Der Kurs vermittelt die Umgangssprache im Alltag und Beruf in Form einer fortlaufenden Geschichte. Grammatische Grundkenntnisse und die Aussprache werden gr\u00fcndlich trainiert und auch landeskundliche Informationen \u00fcber Deutschland, \u00d6sterreich und die Schweiz kommen nicht zu kurz. Das knappe Begleitheft enth\u00e4lt eine Auflistung der einzelnen Tracks, die Dialoge sowie Grammatiktabellen, Sprachtipps und ein zweisprachiges Glossar.<\/p>\n","protected":false},"excerpt":{"rendered":"<p>Zielgruppe: Anf\u00e4nger ohne Vorkenntnisse, die Kenntnisse f\u00fcr Beruf, Freizeit und Alltag auf Niveau A1 erwerben wollen und ein Lernen ohne Buch bevorzugen. Unkompliziertes Lernen ohne Buch: Diesen Ansatz verwirklicht der neue H\u00f6rkurs f\u00fcr Deutsch als Fremdsprache. Der H\u00f6rkurs besteht aus&#8230;<\/p>\n","protected":false},"featured_media":56752,"template":"","meta":{"_acf_changed":false,"inline_featured_image":false},"product_brand":[],"product_cat":[538],"product_tag":[],"series":[],"publisher":[{"id":497,"name":"Hueber Verlag","slug":"hueber-verlag"}],"class_list":{"0":"post-47259","1":"product","2":"type-product","3":"status-publish","4":"has-post-thumbnail","6":"product_cat-lehrwerke-fur-erwachsene","7":"publisher-hueber-verlag","9":"first","10":"onbackorder","11":"taxable","12":"shipping-taxable","13":"purchasable","14":"product-type-simple"},"acf":[],"_links":{"self":[{"href":"https:\/\/exlibris.ee\/en\/wp-json\/wp\/v2\/product\/47259","targetHints":{"allow":["GET"]}}],"collection":[{"href":"https:\/\/exlibris.ee\/en\/wp-json\/wp\/v2\/product"}],"about":[{"href":"https:\/\/exlibris.ee\/en\/wp-json\/wp\/v2\/types\/product"}],"wp:featuredmedia":[{"embeddable":true,"href":"https:\/\/exlibris.ee\/en\/wp-json\/wp\/v2\/media\/56752"}],"wp:attachment":[{"href":"https:\/\/exlibris.ee\/en\/wp-json\/wp\/v2\/media?parent=47259"}],"wp:term":[{"taxonomy":"product_brand","embeddable":true,"href":"https:\/\/exlibris.ee\/en\/wp-json\/wp\/v2\/product_brand?post=47259"},{"taxonomy":"product_cat","embeddable":true,"href":"https:\/\/exlibris.ee\/en\/wp-json\/wp\/v2\/product_cat?post=47259"},{"taxonomy":"product_tag","embeddable":true,"href":"https:\/\/exlibris.ee\/en\/wp-json\/wp\/v2\/product_tag?post=47259"},{"taxonomy":"series","embeddable":true,"href":"https:\/\/exlibris.ee\/en\/wp-json\/wp\/v2\/series?post=47259"},{"taxonomy":"publisher","embeddable":true,"href":"https:\/\/exlibris.ee\/en\/wp-json\/wp\/v2\/publisher?post=47259"}],"curies":[{"name":"wp","href":"https:\/\/api.w.org\/{rel}","templated":true}]}}