{"id":47263,"date":"2023-05-19T12:24:32","date_gmt":"2023-05-19T09:24:32","guid":{"rendered":"https:\/\/exlibris.ee\/toode\/menschen-hier-a2-arbeitsbuch-mit-2-audio-cds\/"},"modified":"2026-04-05T15:33:00","modified_gmt":"2026-04-05T12:33:00","slug":"menschen-hier-a2-arbeitsbuch-mit-2-audio-cds","status":"publish","type":"product","link":"https:\/\/exlibris.ee\/en\/product\/menschen-hier-a2-arbeitsbuch-mit-2-audio-cds\/","title":{"rendered":"Menschen hier A2: Arbeitsbuch mit 2 Audio-CDs"},"content":{"rendered":"<p>Arbeitsbuch Niveau A2 der dreib\u00e4ndigen Ausgabe Menschen hier \u2013 stellt das Leben in einem deutschsprachigen Land in den Fokus Wie bringt man Menschen am schnellsten zum Lernerfolg? Mit interessanten Inhalten, medialer Vielfalt und zielgruppenspezifischen Lernstrategien. Mit dem Kursbuch Menschen und dem Arbeitsbuch Menschen hier liegt nun ein optimales Paket f\u00fcr Integrationskurse vor. Das Arbeitsbuch Menschen hier setzt die inhaltlichen Anforderungen des Rahmencurriculums des Bundesamts f\u00fcr Migration und Fl\u00fcchtlinge (BAMF) um und bereitet auf den Deutschtest f\u00fcr Zuwanderer (DTZ) vor. Das optimale \u201ePaket\u201c f\u00fcr den Unterricht mit Zuwanderern Zu unserem sehr erfolgreichen Kursbuch Menschen mit seinem bew\u00e4hrten Konzept gibt es das Arbeitsbuch Menschen hier, das sich an der Lebenswirklichkeit von Zuwanderern und ausl\u00e4ndischen Besch\u00e4ftigten orientiert und sowohl die Inhalte des Rahmencurriculums des Bundesamts f\u00fcr Migration und Fl\u00fcchtlinge (BAMF) als auch die Pr\u00fcfungsziele des Deutschtests f\u00fcr Zuwanderer (DTZ) aufgreift.<\/p>\n","protected":false},"excerpt":{"rendered":"<p>Arbeitsbuch Niveau A2 der dreib\u00e4ndigen Ausgabe Menschen hier \u2013 stellt das Leben in einem deutschsprachigen Land in den Fokus Wie bringt man Menschen am schnellsten zum Lernerfolg? Mit interessanten Inhalten, medialer Vielfalt und zielgruppenspezifischen Lernstrategien. Mit dem Kursbuch Menschen und&#8230;<\/p>\n","protected":false},"featured_media":56812,"template":"","meta":{"_acf_changed":false,"inline_featured_image":false},"product_brand":[],"product_cat":[1121],"product_tag":[],"series":[{"id":555,"name":"Menschen A2","slug":"menschen-a2"}],"publisher":[{"id":497,"name":"Hueber Verlag","slug":"hueber-verlag"}],"class_list":{"0":"post-47263","1":"product","2":"type-product","3":"status-publish","4":"has-post-thumbnail","6":"product_cat-lehrwerke-fur-jugendliche-und-erwachsene","7":"series-menschen-a2","8":"publisher-hueber-verlag","10":"first","11":"instock","12":"taxable","13":"shipping-taxable","14":"purchasable","15":"product-type-simple"},"acf":[],"_links":{"self":[{"href":"https:\/\/exlibris.ee\/en\/wp-json\/wp\/v2\/product\/47263","targetHints":{"allow":["GET"]}}],"collection":[{"href":"https:\/\/exlibris.ee\/en\/wp-json\/wp\/v2\/product"}],"about":[{"href":"https:\/\/exlibris.ee\/en\/wp-json\/wp\/v2\/types\/product"}],"wp:featuredmedia":[{"embeddable":true,"href":"https:\/\/exlibris.ee\/en\/wp-json\/wp\/v2\/media\/56812"}],"wp:attachment":[{"href":"https:\/\/exlibris.ee\/en\/wp-json\/wp\/v2\/media?parent=47263"}],"wp:term":[{"taxonomy":"product_brand","embeddable":true,"href":"https:\/\/exlibris.ee\/en\/wp-json\/wp\/v2\/product_brand?post=47263"},{"taxonomy":"product_cat","embeddable":true,"href":"https:\/\/exlibris.ee\/en\/wp-json\/wp\/v2\/product_cat?post=47263"},{"taxonomy":"product_tag","embeddable":true,"href":"https:\/\/exlibris.ee\/en\/wp-json\/wp\/v2\/product_tag?post=47263"},{"taxonomy":"series","embeddable":true,"href":"https:\/\/exlibris.ee\/en\/wp-json\/wp\/v2\/series?post=47263"},{"taxonomy":"publisher","embeddable":true,"href":"https:\/\/exlibris.ee\/en\/wp-json\/wp\/v2\/publisher?post=47263"}],"curies":[{"name":"wp","href":"https:\/\/api.w.org\/{rel}","templated":true}]}}