{"id":47271,"date":"2023-05-19T12:24:34","date_gmt":"2023-05-19T09:24:34","guid":{"rendered":"https:\/\/exlibris.ee\/toode\/hueber-sprachkurs-plus-deutsch-a1-a2-englische-ausgabe-a-german-self-study-course-for-beginners-buch-mit-begleitbuch-online-ubungen-mp3-download-und-app\/"},"modified":"2026-04-24T01:48:50","modified_gmt":"2026-04-23T22:48:50","slug":"hueber-sprachkurs-plus-deutsch-a1-a2-englische-ausgabe-a-german-self-study-course-for-beginners-buch-mit-begleitbuch-online-ubungen-mp3-download-und-app","status":"publish","type":"product","link":"https:\/\/exlibris.ee\/en\/product\/hueber-sprachkurs-plus-deutsch-a1-a2-englische-ausgabe-a-german-self-study-course-for-beginners-buch-mit-begleitbuch-online-ubungen-mp3-download-und-app\/","title":{"rendered":"Hueber Sprachkurs Plus Deutsch A1\/A2, Englische Ausgabe  A German Self-Study Course for Beginners \/ Buch mit Begleitbuch, Online-\u00dcbungen, MP3-Download und App"},"content":{"rendered":"<p>Der Sprachkurs Plus Deutsch wurde nach den neuesten Erkenntnissen der Neurodidaktik entwickelt. Ihnen steht ein umfangreiches Lernpaket zur Verf\u00fcgung. Sie lernen Deutsch so abwechslungsreich und effektiv wie noch nie! 16 kurzweilige und motivierende Lektionen f\u00fchren Anf\u00e4nger mit der Ausgangssprache Englisch zum Niveau A2 (grundlegende Kenntnisse): &#8211; sehr gut strukturiert und \u00fcbersichtlich &#8211; abwechslungsreiches Training aller vier Fertigkeiten: Schreiben, Sprechen, Lese- und H\u00f6rverstehen &#8211; mehrkanaliges Lernen: visuell, auditiv und haptisch &#8211; viele Lerntipps &#8211; Begleitbuch mit L\u00f6sungen, Transkriptionen, Glossar und Grammatik\u00fcbersicht &#8211; zahlreiche Tests zur Kontrolle des Lernfortschritts &#8211; interessante Zusatz- Informationen zu Land, Leuten und interkulturellen Unterschieden &#8211; zus\u00e4tzliche Online-\u00dcbungen zu allen Lektionen &#8211; mit der kostenlosen App Hueber Media k\u00f6nnen Sie alle H\u00f6rtexte und Videos bequem per Smartphone oder Tablet abrufen.<\/p>\n","protected":false},"excerpt":{"rendered":"<p>Der Sprachkurs Plus Deutsch wurde nach den neuesten Erkenntnissen der Neurodidaktik entwickelt. Ihnen steht ein umfangreiches Lernpaket zur Verf\u00fcgung. Sie lernen Deutsch so abwechslungsreich und effektiv wie noch nie! 16 kurzweilige und motivierende Lektionen f\u00fchren Anf\u00e4nger mit der Ausgangssprache Englisch&#8230;<\/p>\n","protected":false},"featured_media":56866,"template":"","meta":{"_acf_changed":false,"inline_featured_image":false},"product_brand":[],"product_cat":[538],"product_tag":[],"series":[{"id":1171,"name":"Hueber Sprachkurs Plus","slug":"hueber-sprachkurs-plus"}],"publisher":[{"id":497,"name":"Hueber Verlag","slug":"hueber-verlag"}],"class_list":{"0":"post-47271","1":"product","2":"type-product","3":"status-publish","4":"has-post-thumbnail","6":"product_cat-lehrwerke-fur-erwachsene","7":"series-hueber-sprachkurs-plus","8":"publisher-hueber-verlag","10":"first","11":"onbackorder","12":"taxable","13":"shipping-taxable","14":"purchasable","15":"product-type-simple"},"acf":[],"_links":{"self":[{"href":"https:\/\/exlibris.ee\/en\/wp-json\/wp\/v2\/product\/47271","targetHints":{"allow":["GET"]}}],"collection":[{"href":"https:\/\/exlibris.ee\/en\/wp-json\/wp\/v2\/product"}],"about":[{"href":"https:\/\/exlibris.ee\/en\/wp-json\/wp\/v2\/types\/product"}],"wp:featuredmedia":[{"embeddable":true,"href":"https:\/\/exlibris.ee\/en\/wp-json\/wp\/v2\/media\/56866"}],"wp:attachment":[{"href":"https:\/\/exlibris.ee\/en\/wp-json\/wp\/v2\/media?parent=47271"}],"wp:term":[{"taxonomy":"product_brand","embeddable":true,"href":"https:\/\/exlibris.ee\/en\/wp-json\/wp\/v2\/product_brand?post=47271"},{"taxonomy":"product_cat","embeddable":true,"href":"https:\/\/exlibris.ee\/en\/wp-json\/wp\/v2\/product_cat?post=47271"},{"taxonomy":"product_tag","embeddable":true,"href":"https:\/\/exlibris.ee\/en\/wp-json\/wp\/v2\/product_tag?post=47271"},{"taxonomy":"series","embeddable":true,"href":"https:\/\/exlibris.ee\/en\/wp-json\/wp\/v2\/series?post=47271"},{"taxonomy":"publisher","embeddable":true,"href":"https:\/\/exlibris.ee\/en\/wp-json\/wp\/v2\/publisher?post=47271"}],"curies":[{"name":"wp","href":"https:\/\/api.w.org\/{rel}","templated":true}]}}