{"id":47309,"date":"2023-05-19T12:24:56","date_gmt":"2023-05-19T09:24:56","guid":{"rendered":"https:\/\/exlibris.ee\/toode\/momente-a2-2-kursbuch-plus-interaktive-version\/"},"modified":"2026-04-05T15:33:04","modified_gmt":"2026-04-05T12:33:04","slug":"momente-a2-2-kursbuch-plus-interaktive-version","status":"publish","type":"product","link":"https:\/\/exlibris.ee\/en\/product\/momente-a2-2-kursbuch-plus-interaktive-version\/","title":{"rendered":"Momente A2.2  Kursbuch plus interaktive Version"},"content":{"rendered":"<p>Kursbuch plus interaktive Version (\u00fcber Code im Buch abrufbar) Der Teilband Momente A2.2 umfasst 4 Module. So ist ein Kursbuch-Modul aufgebaut:\u2022 3 Lektionen, die die Lese- und H\u00f6rstrategien trainieren. Auch die produktiven Fertigkeiten Sprechen und Schreiben werden systematisch aufgebaut: \u2022 Eine abwechslungsreiche Geschichte mit vielen Identifikationsm\u00f6glichkeiten bildet den thematischen Rahmen jeder Lektion. \u2022 Aktionsseiten erm\u00f6glichen echte Kommunikation im Kursraum. Das neue Wortfeld der Lektion findet man als Bildlexikon in der Fu\u00dfzeile. \u2022 Die einzelnen W\u00f6rter k\u00f6nnen in einem Erkl\u00e4r-Clip geh\u00f6rt und nachgesprochen werden. Dazu gibt es eine interaktive \u00dcbung. \u2022 Ein fakultativer Extra-Film erz\u00e4hlt gegen Ende der Lektion die Geschichte weiter. \u2022 Jede Lektion schlie\u00dft mit einem Schnelltest, der den Lernerfolg \u00fcberpr\u00fcft. Binnendifferenzierende, interaktive Zusatz\u00fcbungen erm\u00f6glichen das individuelle Weiterlernen. \u2022 Ein buntes Magazin, das die Kursthemen aus neuen Perspektiven beleuchtet, die plurikulturelle Kompetenz f\u00f6rdert, bietet spannende und vielseitige Themen aus den deutschsprachigen L\u00e4ndern \u2022 Au\u00dferdem gibt es klare \u00dcbersichten \u00fcber Grammatik und Redemittel (Kommunikation) Die interaktive Version des Kursbuchs Momente A2.2 enth\u00e4lt: \u2022 alle H\u00f6rdateien und Filme des Buches, direkt bei der jeweiligen Aufgabe abrufbar \u2022 interaktiv umgesetzte Kursbuch\u00fcbungen zum Einsatz im Unterricht oder zum individuellen Wiederholen der Kursinhalte \u2022 Erkl\u00e4r-Clips zu Grammatik, Wortschatz und Kommunikation greifen den gesamten Lernstoff des Buches auf. \u2022 passgenau auf diese Erkl\u00e4r-Clips abgestimmte interaktive \u00dcbungen: damit lassen sich die neuen Lerninhalte individuell oder im Kurs wiederholen und vertiefen \u2022 binnendifferenzierende interaktive \u00dcbungen zu den Schnelltests am Ende jeder Lektion \u2022 eine umfangreiche Toolbar mit vielseitigen Funktionen f\u00fcr den Einsatz am Whiteboard (u. a. markieren, Notizen, Schreibwerkzeuge u.v.m.).<\/p>\n","protected":false},"excerpt":{"rendered":"<p>Kursbuch plus interaktive Version (\u00fcber Code im Buch abrufbar) Der Teilband Momente A2.2 umfasst 4 Module. So ist ein Kursbuch-Modul aufgebaut:\u2022 3 Lektionen, die die Lese- und H\u00f6rstrategien trainieren. Auch die produktiven Fertigkeiten Sprechen und Schreiben werden systematisch aufgebaut: \u2022&#8230;<\/p>\n","protected":false},"featured_media":56911,"template":"","meta":{"_acf_changed":false,"inline_featured_image":false},"product_brand":[],"product_cat":[1121],"product_tag":[],"series":[{"id":1128,"name":"Momente","slug":"momente"}],"publisher":[{"id":497,"name":"Hueber Verlag","slug":"hueber-verlag"}],"class_list":{"0":"post-47309","1":"product","2":"type-product","3":"status-publish","4":"has-post-thumbnail","6":"product_cat-lehrwerke-fur-jugendliche-und-erwachsene","7":"series-momente","8":"publisher-hueber-verlag","10":"first","11":"onbackorder","12":"taxable","13":"shipping-taxable","14":"purchasable","15":"product-type-simple"},"acf":[],"_links":{"self":[{"href":"https:\/\/exlibris.ee\/en\/wp-json\/wp\/v2\/product\/47309","targetHints":{"allow":["GET"]}}],"collection":[{"href":"https:\/\/exlibris.ee\/en\/wp-json\/wp\/v2\/product"}],"about":[{"href":"https:\/\/exlibris.ee\/en\/wp-json\/wp\/v2\/types\/product"}],"wp:featuredmedia":[{"embeddable":true,"href":"https:\/\/exlibris.ee\/en\/wp-json\/wp\/v2\/media\/56911"}],"wp:attachment":[{"href":"https:\/\/exlibris.ee\/en\/wp-json\/wp\/v2\/media?parent=47309"}],"wp:term":[{"taxonomy":"product_brand","embeddable":true,"href":"https:\/\/exlibris.ee\/en\/wp-json\/wp\/v2\/product_brand?post=47309"},{"taxonomy":"product_cat","embeddable":true,"href":"https:\/\/exlibris.ee\/en\/wp-json\/wp\/v2\/product_cat?post=47309"},{"taxonomy":"product_tag","embeddable":true,"href":"https:\/\/exlibris.ee\/en\/wp-json\/wp\/v2\/product_tag?post=47309"},{"taxonomy":"series","embeddable":true,"href":"https:\/\/exlibris.ee\/en\/wp-json\/wp\/v2\/series?post=47309"},{"taxonomy":"publisher","embeddable":true,"href":"https:\/\/exlibris.ee\/en\/wp-json\/wp\/v2\/publisher?post=47309"}],"curies":[{"name":"wp","href":"https:\/\/api.w.org\/{rel}","templated":true}]}}