{"id":47310,"date":"2023-05-19T12:24:56","date_gmt":"2023-05-19T09:24:56","guid":{"rendered":"https:\/\/exlibris.ee\/toode\/fit-furs-goethe-zertifikat-c2-groses-deutsches-sprachdiplom-lehrbuch-mit-2-integrierten-audio-cds\/"},"modified":"2026-04-14T19:27:58","modified_gmt":"2026-04-14T16:27:58","slug":"fit-furs-goethe-zertifikat-c2-groses-deutsches-sprachdiplom-lehrbuch-mit-2-integrierten-audio-cds","status":"publish","type":"product","link":"https:\/\/exlibris.ee\/en\/product\/fit-furs-goethe-zertifikat-c2-groses-deutsches-sprachdiplom-lehrbuch-mit-2-integrierten-audio-cds\/","title":{"rendered":"Fit f\u00fcrs Goethe-Zertifikat C2  Gro\u00dfes Deutsches Sprachdiplom \/ Lehrbuch mit 2 integrierten Audio-CDs"},"content":{"rendered":"<p>Zielgruppe: Richtet sich an alle Lernenden mit Sprachkenntnissen auf dem Niveau C2, die sich auf die Pr\u00fcfung Goethe-Zertifikat C2 \/Gro\u00dfes Deutsches Sprachdiplom vorbereiten wollen. Das Material macht mit den Inhalten und dem Format der Pr\u00fcfung vertraut, vermittelt Pr\u00fcfungsstrategien, erkl\u00e4rt, worauf es in der Pr\u00fcfung ankommt, und gibt authentisches \u00dcbungsmaterial an die Hand.Im Anhang finden sich L\u00f6sungsschl\u00fcssel und Transkriptionen sowie ein &#8220;Antwortbogen&#8221;. Die eingelegte Audio-CD enth\u00e4lt die H\u00f6rtexte.<\/p>\n","protected":false},"excerpt":{"rendered":"<p>Zielgruppe: Richtet sich an alle Lernenden mit Sprachkenntnissen auf dem Niveau C2, die sich auf die Pr\u00fcfung Goethe-Zertifikat C2 \/Gro\u00dfes Deutsches Sprachdiplom vorbereiten wollen. Das Material macht mit den Inhalten und dem Format der Pr\u00fcfung vertraut, vermittelt Pr\u00fcfungsstrategien, erkl\u00e4rt, worauf&#8230;<\/p>\n","protected":false},"featured_media":56920,"template":"","meta":{"_acf_changed":false,"inline_featured_image":false},"product_brand":[],"product_cat":[507],"product_tag":[],"series":[{"id":1130,"name":"Fit f\u00fcrs Goethe-Zertifikat","slug":"fit-furs-goethe-zertifikat"}],"publisher":[{"id":497,"name":"Hueber Verlag","slug":"hueber-verlag"}],"class_list":{"0":"post-47310","1":"product","2":"type-product","3":"status-publish","4":"has-post-thumbnail","6":"product_cat-prufungsvorbereitung","7":"series-fit-furs-goethe-zertifikat","8":"publisher-hueber-verlag","10":"first","11":"instock","12":"taxable","13":"shipping-taxable","14":"purchasable","15":"product-type-simple"},"acf":[],"_links":{"self":[{"href":"https:\/\/exlibris.ee\/en\/wp-json\/wp\/v2\/product\/47310","targetHints":{"allow":["GET"]}}],"collection":[{"href":"https:\/\/exlibris.ee\/en\/wp-json\/wp\/v2\/product"}],"about":[{"href":"https:\/\/exlibris.ee\/en\/wp-json\/wp\/v2\/types\/product"}],"wp:featuredmedia":[{"embeddable":true,"href":"https:\/\/exlibris.ee\/en\/wp-json\/wp\/v2\/media\/56920"}],"wp:attachment":[{"href":"https:\/\/exlibris.ee\/en\/wp-json\/wp\/v2\/media?parent=47310"}],"wp:term":[{"taxonomy":"product_brand","embeddable":true,"href":"https:\/\/exlibris.ee\/en\/wp-json\/wp\/v2\/product_brand?post=47310"},{"taxonomy":"product_cat","embeddable":true,"href":"https:\/\/exlibris.ee\/en\/wp-json\/wp\/v2\/product_cat?post=47310"},{"taxonomy":"product_tag","embeddable":true,"href":"https:\/\/exlibris.ee\/en\/wp-json\/wp\/v2\/product_tag?post=47310"},{"taxonomy":"series","embeddable":true,"href":"https:\/\/exlibris.ee\/en\/wp-json\/wp\/v2\/series?post=47310"},{"taxonomy":"publisher","embeddable":true,"href":"https:\/\/exlibris.ee\/en\/wp-json\/wp\/v2\/publisher?post=47310"}],"curies":[{"name":"wp","href":"https:\/\/api.w.org\/{rel}","templated":true}]}}