{"id":47312,"date":"2023-05-19T12:24:57","date_gmt":"2023-05-19T09:24:57","guid":{"rendered":"https:\/\/exlibris.ee\/toode\/im-beruf-neu-b1-b2-arbeitsbuch\/"},"modified":"2026-04-19T11:59:33","modified_gmt":"2026-04-19T08:59:33","slug":"im-beruf-neu-b1-b2-arbeitsbuch","status":"publish","type":"product","link":"https:\/\/exlibris.ee\/en\/product\/im-beruf-neu-b1-b2-arbeitsbuch\/","title":{"rendered":"Im Beruf NEU B1+\/B2  Arbeitsbuch"},"content":{"rendered":"<p>Arbeitsbuch B1+\/B2 Printausgabe mit Audios online Berufssprachliches Lehrwerk f\u00fcr Lernende ab 16 Jahren mit abgeschlossener Grundstufe, die erweiterte Sprachkenntnisse ben\u00f6tigen, um sich auf eine ihrer Ausbildung ad\u00e4quate Stelle bewerben zu k\u00f6nnen Das Arbeitsbuch ist sowohl f\u00fcr die Integration in den Unterricht als auch f\u00fcr die selbstst\u00e4ndige Nachbereitung des Unterrichtsstoffes geeignet. Es ist sehr gut zur Binnendifferenzierung im Unterricht einsetzbar. Es enth\u00e4lt ein umfangreiches Angebot abwechslungsreicher \u00dcbungen zum Vertiefen und \u00dcben von Grammatik, Wortschatz, Fertigkeiten sowie Redemitteln f\u00fcr typische berufliche Situationen. Inklusive einer \u00dcbersicht \u00fcber den Lernwortschatz der Lektion.<\/p>\n","protected":false},"excerpt":{"rendered":"<p>Arbeitsbuch B1+\/B2 Printausgabe mit Audios online Berufssprachliches Lehrwerk f\u00fcr Lernende ab 16 Jahren mit abgeschlossener Grundstufe, die erweiterte Sprachkenntnisse ben\u00f6tigen, um sich auf eine ihrer Ausbildung ad\u00e4quate Stelle bewerben zu k\u00f6nnen Das Arbeitsbuch ist sowohl f\u00fcr die Integration in den&#8230;<\/p>\n","protected":false},"featured_media":56947,"template":"","meta":{"_acf_changed":false,"inline_featured_image":false},"product_brand":[],"product_cat":[885],"product_tag":[],"series":[{"id":1172,"name":"Im Beruf NEU","slug":"im-beruf-neu"}],"publisher":[{"id":497,"name":"Hueber Verlag","slug":"hueber-verlag"}],"class_list":{"0":"post-47312","1":"product","2":"type-product","3":"status-publish","4":"has-post-thumbnail","6":"product_cat-berufssprache","7":"series-im-beruf-neu","8":"publisher-hueber-verlag","10":"first","11":"instock","12":"taxable","13":"shipping-taxable","14":"purchasable","15":"product-type-simple"},"acf":[],"_links":{"self":[{"href":"https:\/\/exlibris.ee\/en\/wp-json\/wp\/v2\/product\/47312","targetHints":{"allow":["GET"]}}],"collection":[{"href":"https:\/\/exlibris.ee\/en\/wp-json\/wp\/v2\/product"}],"about":[{"href":"https:\/\/exlibris.ee\/en\/wp-json\/wp\/v2\/types\/product"}],"wp:featuredmedia":[{"embeddable":true,"href":"https:\/\/exlibris.ee\/en\/wp-json\/wp\/v2\/media\/56947"}],"wp:attachment":[{"href":"https:\/\/exlibris.ee\/en\/wp-json\/wp\/v2\/media?parent=47312"}],"wp:term":[{"taxonomy":"product_brand","embeddable":true,"href":"https:\/\/exlibris.ee\/en\/wp-json\/wp\/v2\/product_brand?post=47312"},{"taxonomy":"product_cat","embeddable":true,"href":"https:\/\/exlibris.ee\/en\/wp-json\/wp\/v2\/product_cat?post=47312"},{"taxonomy":"product_tag","embeddable":true,"href":"https:\/\/exlibris.ee\/en\/wp-json\/wp\/v2\/product_tag?post=47312"},{"taxonomy":"series","embeddable":true,"href":"https:\/\/exlibris.ee\/en\/wp-json\/wp\/v2\/series?post=47312"},{"taxonomy":"publisher","embeddable":true,"href":"https:\/\/exlibris.ee\/en\/wp-json\/wp\/v2\/publisher?post=47312"}],"curies":[{"name":"wp","href":"https:\/\/api.w.org\/{rel}","templated":true}]}}