{"id":47314,"date":"2023-05-19T12:24:59","date_gmt":"2023-05-19T09:24:59","guid":{"rendered":"https:\/\/exlibris.ee\/toode\/groses-ubungsbuch-deutsch-wortschatz-pdf-download\/"},"modified":"2026-04-16T17:38:15","modified_gmt":"2026-04-16T14:38:15","slug":"groses-ubungsbuch-deutsch-wortschatz-pdf-download","status":"publish","type":"product","link":"https:\/\/exlibris.ee\/en\/product\/groses-ubungsbuch-deutsch-wortschatz-pdf-download\/","title":{"rendered":"Gro\u00dfes \u00dcbungsbuch Deutsch  Wortschatz \/ PDF-Download"},"content":{"rendered":"<p>as Gro\u00dfe \u00dcbungsbuch Deutsch &#8211; Wortschatz bietet eine breite Auswahl an abwechslungsreichen Wortschatz\u00fcbungen zu allen wichtigen Themen der Niveaustufen A2 bis C1 des Gemeinsamen Europ\u00e4ischen Referenzrahmens. Der Titel erm\u00f6glicht das Ein\u00fcben, Wiederholen, Festigen und Erweitern des Wortschatzes und verhilft den Lernenden somit zu mehr Sicherheit beim Sprechen und Schreiben. &#8211; \u00dcbungen zum Wortschatz, zur Wortbildung und zur Idiomatik &#8211; Abwechslungsreiche \u00dcbungsformen mit anwendungs- und handlungsorientierten Aufgaben &#8211; Authentische Textsorten aus dem Alltags- und Arbeitsleben &#8211; Erg\u00e4nzende Informationen zur Landeskunde &#8211; Pr\u00fcfungsvorbereitung auf das Zertifikat Deutsch und alle A2-, B1- und B2-Pr\u00fcfungen &#8211; Unterhaltsame Illustrationen, Fotos und Originaltexte &#8211; \u00dcbersichtlicher und ausf\u00fchrlicher L\u00f6sungsschl\u00fcssel zur Selbstevaluation.<\/p>\n","protected":false},"excerpt":{"rendered":"<p>as Gro\u00dfe \u00dcbungsbuch Deutsch &#8211; Wortschatz bietet eine breite Auswahl an abwechslungsreichen Wortschatz\u00fcbungen zu allen wichtigen Themen der Niveaustufen A2 bis C1 des Gemeinsamen Europ\u00e4ischen Referenzrahmens. Der Titel erm\u00f6glicht das Ein\u00fcben, Wiederholen, Festigen und Erweitern des Wortschatzes und verhilft den&#8230;<\/p>\n","protected":false},"featured_media":56956,"template":"","meta":{"_acf_changed":false,"inline_featured_image":false},"product_brand":[],"product_cat":[884],"product_tag":[],"series":[],"publisher":[{"id":497,"name":"Hueber Verlag","slug":"hueber-verlag"}],"class_list":{"0":"post-47314","1":"product","2":"type-product","3":"status-publish","4":"has-post-thumbnail","6":"product_cat-wortschatz","7":"publisher-hueber-verlag","9":"first","10":"onbackorder","11":"taxable","12":"shipping-taxable","13":"purchasable","14":"product-type-simple"},"acf":[],"_links":{"self":[{"href":"https:\/\/exlibris.ee\/en\/wp-json\/wp\/v2\/product\/47314","targetHints":{"allow":["GET"]}}],"collection":[{"href":"https:\/\/exlibris.ee\/en\/wp-json\/wp\/v2\/product"}],"about":[{"href":"https:\/\/exlibris.ee\/en\/wp-json\/wp\/v2\/types\/product"}],"wp:featuredmedia":[{"embeddable":true,"href":"https:\/\/exlibris.ee\/en\/wp-json\/wp\/v2\/media\/56956"}],"wp:attachment":[{"href":"https:\/\/exlibris.ee\/en\/wp-json\/wp\/v2\/media?parent=47314"}],"wp:term":[{"taxonomy":"product_brand","embeddable":true,"href":"https:\/\/exlibris.ee\/en\/wp-json\/wp\/v2\/product_brand?post=47314"},{"taxonomy":"product_cat","embeddable":true,"href":"https:\/\/exlibris.ee\/en\/wp-json\/wp\/v2\/product_cat?post=47314"},{"taxonomy":"product_tag","embeddable":true,"href":"https:\/\/exlibris.ee\/en\/wp-json\/wp\/v2\/product_tag?post=47314"},{"taxonomy":"series","embeddable":true,"href":"https:\/\/exlibris.ee\/en\/wp-json\/wp\/v2\/series?post=47314"},{"taxonomy":"publisher","embeddable":true,"href":"https:\/\/exlibris.ee\/en\/wp-json\/wp\/v2\/publisher?post=47314"}],"curies":[{"name":"wp","href":"https:\/\/api.w.org\/{rel}","templated":true}]}}