{"id":47324,"date":"2023-05-19T12:25:05","date_gmt":"2023-05-19T09:25:05","guid":{"rendered":"https:\/\/exlibris.ee\/toode\/momente-a2-intensivtrainer-plus-audios-online\/"},"modified":"2026-04-05T15:33:56","modified_gmt":"2026-04-05T12:33:56","slug":"momente-a2-intensivtrainer-plus-audios-online","status":"publish","type":"product","link":"https:\/\/exlibris.ee\/en\/product\/momente-a2-intensivtrainer-plus-audios-online\/","title":{"rendered":"Momente A2  Intensivtrainer plus Audios online"},"content":{"rendered":"<p>Intensivtrainer A2 zum Lehrwerk f\u00fcr Deutsch als Fremdsprache Momente Der Intensivtrainer erm\u00f6glicht das selbstst\u00e4ndige \u00dcben und Wiederholen des Lernstoffs mit abwechslungsreichen und genau passenden \u00dcbungen. Die 24 Lektionen des Intensivtrainers umfassen je 3 Seiten \u00dcbungen.zu Wortschatz, Grammatik und Redemitteln. Zus\u00e4tzlich werden die Fertigkeiten Lesen, H\u00f6ren und Schreiben abwechselnd in den Lektionen trainiert. Landeskunde-Infos und Aufgaben zum Alltag in den deutschsprachigen L\u00e4ndern gibt es nach jedem Modul auf der Seite \u201eExtra\u201c.<\/p>\n","protected":false},"excerpt":{"rendered":"<p>Intensivtrainer A2 zum Lehrwerk f\u00fcr Deutsch als Fremdsprache Momente Der Intensivtrainer erm\u00f6glicht das selbstst\u00e4ndige \u00dcben und Wiederholen des Lernstoffs mit abwechslungsreichen und genau passenden \u00dcbungen. Die 24 Lektionen des Intensivtrainers umfassen je 3 Seiten \u00dcbungen.zu Wortschatz, Grammatik und Redemitteln. Zus\u00e4tzlich&#8230;<\/p>\n","protected":false},"featured_media":57055,"template":"","meta":{"_acf_changed":false,"inline_featured_image":false},"product_brand":[],"product_cat":[1121],"product_tag":[],"series":[{"id":1128,"name":"Momente","slug":"momente"}],"publisher":[{"id":497,"name":"Hueber Verlag","slug":"hueber-verlag"}],"class_list":{"0":"post-47324","1":"product","2":"type-product","3":"status-publish","4":"has-post-thumbnail","6":"product_cat-lehrwerke-fur-jugendliche-und-erwachsene","7":"series-momente","8":"publisher-hueber-verlag","10":"first","11":"onbackorder","12":"taxable","13":"shipping-taxable","14":"purchasable","15":"product-type-simple"},"acf":[],"_links":{"self":[{"href":"https:\/\/exlibris.ee\/en\/wp-json\/wp\/v2\/product\/47324","targetHints":{"allow":["GET"]}}],"collection":[{"href":"https:\/\/exlibris.ee\/en\/wp-json\/wp\/v2\/product"}],"about":[{"href":"https:\/\/exlibris.ee\/en\/wp-json\/wp\/v2\/types\/product"}],"wp:featuredmedia":[{"embeddable":true,"href":"https:\/\/exlibris.ee\/en\/wp-json\/wp\/v2\/media\/57055"}],"wp:attachment":[{"href":"https:\/\/exlibris.ee\/en\/wp-json\/wp\/v2\/media?parent=47324"}],"wp:term":[{"taxonomy":"product_brand","embeddable":true,"href":"https:\/\/exlibris.ee\/en\/wp-json\/wp\/v2\/product_brand?post=47324"},{"taxonomy":"product_cat","embeddable":true,"href":"https:\/\/exlibris.ee\/en\/wp-json\/wp\/v2\/product_cat?post=47324"},{"taxonomy":"product_tag","embeddable":true,"href":"https:\/\/exlibris.ee\/en\/wp-json\/wp\/v2\/product_tag?post=47324"},{"taxonomy":"series","embeddable":true,"href":"https:\/\/exlibris.ee\/en\/wp-json\/wp\/v2\/series?post=47324"},{"taxonomy":"publisher","embeddable":true,"href":"https:\/\/exlibris.ee\/en\/wp-json\/wp\/v2\/publisher?post=47324"}],"curies":[{"name":"wp","href":"https:\/\/api.w.org\/{rel}","templated":true}]}}