{"id":47333,"date":"2023-05-19T12:25:10","date_gmt":"2023-05-19T09:25:10","guid":{"rendered":"https:\/\/exlibris.ee\/toode\/hueber-sprachkurs-plus-deutsch-b1-englische-ausgabe-a-german-self-study-course-for-intermediate-learners-buch-mit-audios-und-videos-online-app-online-ubungen-und-begleitbuch\/"},"modified":"2026-04-24T01:50:57","modified_gmt":"2026-04-23T22:50:57","slug":"hueber-sprachkurs-plus-deutsch-b1-englische-ausgabe-a-german-self-study-course-for-intermediate-learners-buch-mit-audios-und-videos-online-app-online-ubungen-und-begleitbuch","status":"publish","type":"product","link":"https:\/\/exlibris.ee\/en\/product\/hueber-sprachkurs-plus-deutsch-b1-englische-ausgabe-a-german-self-study-course-for-intermediate-learners-buch-mit-audios-und-videos-online-app-online-ubungen-und-begleitbuch\/","title":{"rendered":"Hueber Sprachkurs Plus Deutsch B1, Englische Ausgabe  A German Self-Study Course for Intermediate Learners \/ Buch mit Audios und Videos online, App, Online-\u00dcbungen und Begleitbuch"},"content":{"rendered":"<p>Der Sprachkurs Plus Deutsch wurde nach den neuesten Erkenntnissen der Neurodidaktik entwickelt. Ihnen steht ein umfangreiches Lernpaket zur Verf\u00fcgung. Sie lernen Deutsch so abwechslungsreich und effektiv wie noch nie! Der 2. Band des Sprachkurs Plus Deutsch f\u00fchrt Lernende mit der Ausgangssprache Englisch vom fortgeschrittenem Anf\u00e4ngerniveau (A2) zu erweiterten Grundkenntnissen (B1): &#8211; sehr gut strukturiert und \u00fcbersichtlich &#8211; abwechslungsreiches Training aller vier Fertigkeiten: Schreiben, Sprechen, Lese- und H\u00f6rverstehen &#8211; mehrkanaliges Lernen: visuell, auditiv und haptisch &#8211; viele Lerntipps &#8211; Begleitbuch mit L\u00f6sungen, Transkriptionen, Glossar und Grammatik\u00fcbersicht &#8211; zahlreiche Tests zur Kontrolle des Lernfortschritts &#8211; interessante Zusatz- Informationen zu Land, Leuten und interkulturellen Unterschieden &#8211; zus\u00e4tzliche Online-\u00dcbungen zu allen Lektionen &#8211; mit der kostenlosen App Hueber Media k\u00f6nnen Sie alle H\u00f6rtexte und Videos bequem per Smartphone oder Tablet abrufen.<\/p>\n","protected":false},"excerpt":{"rendered":"<p>Der Sprachkurs Plus Deutsch wurde nach den neuesten Erkenntnissen der Neurodidaktik entwickelt. Ihnen steht ein umfangreiches Lernpaket zur Verf\u00fcgung. Sie lernen Deutsch so abwechslungsreich und effektiv wie noch nie! Der 2. Band des Sprachkurs Plus Deutsch f\u00fchrt Lernende mit der&#8230;<\/p>\n","protected":false},"featured_media":57124,"template":"","meta":{"_acf_changed":false,"inline_featured_image":false},"product_brand":[],"product_cat":[538],"product_tag":[],"series":[{"id":1171,"name":"Hueber Sprachkurs Plus","slug":"hueber-sprachkurs-plus"}],"publisher":[{"id":497,"name":"Hueber Verlag","slug":"hueber-verlag"}],"class_list":{"0":"post-47333","1":"product","2":"type-product","3":"status-publish","4":"has-post-thumbnail","6":"product_cat-lehrwerke-fur-erwachsene","7":"series-hueber-sprachkurs-plus","8":"publisher-hueber-verlag","10":"first","11":"onbackorder","12":"taxable","13":"shipping-taxable","14":"purchasable","15":"product-type-simple"},"acf":[],"_links":{"self":[{"href":"https:\/\/exlibris.ee\/en\/wp-json\/wp\/v2\/product\/47333","targetHints":{"allow":["GET"]}}],"collection":[{"href":"https:\/\/exlibris.ee\/en\/wp-json\/wp\/v2\/product"}],"about":[{"href":"https:\/\/exlibris.ee\/en\/wp-json\/wp\/v2\/types\/product"}],"wp:featuredmedia":[{"embeddable":true,"href":"https:\/\/exlibris.ee\/en\/wp-json\/wp\/v2\/media\/57124"}],"wp:attachment":[{"href":"https:\/\/exlibris.ee\/en\/wp-json\/wp\/v2\/media?parent=47333"}],"wp:term":[{"taxonomy":"product_brand","embeddable":true,"href":"https:\/\/exlibris.ee\/en\/wp-json\/wp\/v2\/product_brand?post=47333"},{"taxonomy":"product_cat","embeddable":true,"href":"https:\/\/exlibris.ee\/en\/wp-json\/wp\/v2\/product_cat?post=47333"},{"taxonomy":"product_tag","embeddable":true,"href":"https:\/\/exlibris.ee\/en\/wp-json\/wp\/v2\/product_tag?post=47333"},{"taxonomy":"series","embeddable":true,"href":"https:\/\/exlibris.ee\/en\/wp-json\/wp\/v2\/series?post=47333"},{"taxonomy":"publisher","embeddable":true,"href":"https:\/\/exlibris.ee\/en\/wp-json\/wp\/v2\/publisher?post=47333"}],"curies":[{"name":"wp","href":"https:\/\/api.w.org\/{rel}","templated":true}]}}