{"id":47337,"date":"2023-05-19T12:25:14","date_gmt":"2023-05-19T09:25:14","guid":{"rendered":"https:\/\/exlibris.ee\/toode\/im-beruf-neu-b2-c1-kursbuch\/"},"modified":"2026-04-18T15:42:58","modified_gmt":"2026-04-18T12:42:58","slug":"im-beruf-neu-b2-c1-kursbuch","status":"publish","type":"product","link":"https:\/\/exlibris.ee\/en\/product\/im-beruf-neu-b2-c1-kursbuch\/","title":{"rendered":"Im Beruf NEU B2+\/C1  Kursbuch"},"content":{"rendered":"<p>Kursbuch B2+\/C1 Printausgabe mit Audios online Berufssprachliches Lehrwerk f\u00fcr Erwachsene und Jugendliche ab 16 Jahren, die aus beruflichen Gr\u00fcnden Sprachkenntnisse auf dem Niveau C1 erwerben m\u00f6chten. Das Kursbuch umfasst 15 kurze Lektionen mit je 6 Seiten. Die erste Seite mit gr\u00f6\u00dferen Fotos bietet einen attraktiven Einstieg und aktiviert mit Aufgaben das Vorwissen. Die folgenden vier Einzelseiten, die jeweils eine Sprachhandlung in den Mittelpunkt stellen und jeweils nur sehr lose miteinander verbunden sind, erm\u00f6glichen eine flexible Unterrichtsgestaltung nach den Bed\u00fcrfnissen der Lernenden. Die \u00dcbersicht Kommunikation &amp; Grammatik schlie\u00dft jede Lektion mit einer Zusammenstellung der Redemittel und Grammatikerkl\u00e4rungen ab.<\/p>\n","protected":false},"excerpt":{"rendered":"<p>Kursbuch B2+\/C1 Printausgabe mit Audios online Berufssprachliches Lehrwerk f\u00fcr Erwachsene und Jugendliche ab 16 Jahren, die aus beruflichen Gr\u00fcnden Sprachkenntnisse auf dem Niveau C1 erwerben m\u00f6chten. Das Kursbuch umfasst 15 kurze Lektionen mit je 6 Seiten. Die erste Seite mit&#8230;<\/p>\n","protected":false},"featured_media":57157,"template":"","meta":{"_acf_changed":false,"inline_featured_image":false},"product_brand":[],"product_cat":[885],"product_tag":[],"series":[{"id":1172,"name":"Im Beruf NEU","slug":"im-beruf-neu"}],"publisher":[{"id":497,"name":"Hueber Verlag","slug":"hueber-verlag"}],"class_list":{"0":"post-47337","1":"product","2":"type-product","3":"status-publish","4":"has-post-thumbnail","6":"product_cat-berufssprache","7":"series-im-beruf-neu","8":"publisher-hueber-verlag","10":"first","11":"onbackorder","12":"taxable","13":"shipping-taxable","14":"purchasable","15":"product-type-simple"},"acf":[],"_links":{"self":[{"href":"https:\/\/exlibris.ee\/en\/wp-json\/wp\/v2\/product\/47337","targetHints":{"allow":["GET"]}}],"collection":[{"href":"https:\/\/exlibris.ee\/en\/wp-json\/wp\/v2\/product"}],"about":[{"href":"https:\/\/exlibris.ee\/en\/wp-json\/wp\/v2\/types\/product"}],"wp:featuredmedia":[{"embeddable":true,"href":"https:\/\/exlibris.ee\/en\/wp-json\/wp\/v2\/media\/57157"}],"wp:attachment":[{"href":"https:\/\/exlibris.ee\/en\/wp-json\/wp\/v2\/media?parent=47337"}],"wp:term":[{"taxonomy":"product_brand","embeddable":true,"href":"https:\/\/exlibris.ee\/en\/wp-json\/wp\/v2\/product_brand?post=47337"},{"taxonomy":"product_cat","embeddable":true,"href":"https:\/\/exlibris.ee\/en\/wp-json\/wp\/v2\/product_cat?post=47337"},{"taxonomy":"product_tag","embeddable":true,"href":"https:\/\/exlibris.ee\/en\/wp-json\/wp\/v2\/product_tag?post=47337"},{"taxonomy":"series","embeddable":true,"href":"https:\/\/exlibris.ee\/en\/wp-json\/wp\/v2\/series?post=47337"},{"taxonomy":"publisher","embeddable":true,"href":"https:\/\/exlibris.ee\/en\/wp-json\/wp\/v2\/publisher?post=47337"}],"curies":[{"name":"wp","href":"https:\/\/api.w.org\/{rel}","templated":true}]}}