{"id":47341,"date":"2023-05-19T12:25:16","date_gmt":"2023-05-19T09:25:16","guid":{"rendered":"https:\/\/exlibris.ee\/toode\/fraulein-else-arthur-schnitzlers-novelle-neu-erzahlt-pdf-download\/"},"modified":"2026-04-05T15:35:01","modified_gmt":"2026-04-05T12:35:01","slug":"fraulein-else-arthur-schnitzlers-novelle-neu-erzahlt-pdf-download","status":"publish","type":"product","link":"https:\/\/exlibris.ee\/en\/product\/fraulein-else-arthur-schnitzlers-novelle-neu-erzahlt-pdf-download\/","title":{"rendered":"Fr\u00e4ulein Else  Arthur Schnitzlers Novelle neu erz\u00e4hlt \/ PDF-Download"},"content":{"rendered":"<p>Anfang der 20er-Jahre. Fr\u00e4ulein Else, die 19-j\u00e4hrige Tochter eines Wiener Rechtsanwalts, macht Ferien. Verwandte haben die sch\u00f6ne junge Frau in ein tolles Hotel in den italienischen Alpen mitgenommen. Dort gef\u00e4llt es ihr und wenn sie die vielen M\u00e4nner sieht, muss sie nat\u00fcrlich an Liebe denken und \u2026 an mehr. Aber dann kommt ein Eilbrief und pl\u00f6tzlich sieht Elses Welt anders aus: Der Vater braucht 30.000 Gulden. Wenn er sie nicht sofort bekommt, sind er und die Familie am Ende. In Wien will ihm niemand mehr etwas leihen. Aber in Elses Hotel ist doch der alte Herr von Dorsday zu Gast, ein Bekannter der Familie und Freund sch\u00f6ner junger M\u00e4dchen. &#8211; Wie bitte? Ihn soll Else um das Geld bitten? IHN?!!.<\/p>\n","protected":false},"excerpt":{"rendered":"<p>Anfang der 20er-Jahre. Fr\u00e4ulein Else, die 19-j\u00e4hrige Tochter eines Wiener Rechtsanwalts, macht Ferien. Verwandte haben die sch\u00f6ne junge Frau in ein tolles Hotel in den italienischen Alpen mitgenommen. Dort gef\u00e4llt es ihr und wenn sie die vielen M\u00e4nner sieht, muss&#8230;<\/p>\n","protected":false},"featured_media":57202,"template":"","meta":{"_acf_changed":false,"inline_featured_image":false},"product_brand":[],"product_cat":[851],"product_tag":[],"series":[{"id":1174,"name":"Fr\u00e4ulein Else Arthur Schnitzlers Novelle","slug":"fraulein-else-arthur-schnitzlers-novelle"}],"publisher":[{"id":497,"name":"Hueber Verlag","slug":"hueber-verlag"}],"class_list":{"0":"post-47341","1":"product","2":"type-product","3":"status-publish","4":"has-post-thumbnail","6":"product_cat-lesetexte-deutsch","7":"series-fraulein-else-arthur-schnitzlers-novelle","8":"publisher-hueber-verlag","10":"first","11":"onbackorder","12":"taxable","13":"shipping-taxable","14":"purchasable","15":"product-type-simple"},"acf":[],"_links":{"self":[{"href":"https:\/\/exlibris.ee\/en\/wp-json\/wp\/v2\/product\/47341","targetHints":{"allow":["GET"]}}],"collection":[{"href":"https:\/\/exlibris.ee\/en\/wp-json\/wp\/v2\/product"}],"about":[{"href":"https:\/\/exlibris.ee\/en\/wp-json\/wp\/v2\/types\/product"}],"wp:featuredmedia":[{"embeddable":true,"href":"https:\/\/exlibris.ee\/en\/wp-json\/wp\/v2\/media\/57202"}],"wp:attachment":[{"href":"https:\/\/exlibris.ee\/en\/wp-json\/wp\/v2\/media?parent=47341"}],"wp:term":[{"taxonomy":"product_brand","embeddable":true,"href":"https:\/\/exlibris.ee\/en\/wp-json\/wp\/v2\/product_brand?post=47341"},{"taxonomy":"product_cat","embeddable":true,"href":"https:\/\/exlibris.ee\/en\/wp-json\/wp\/v2\/product_cat?post=47341"},{"taxonomy":"product_tag","embeddable":true,"href":"https:\/\/exlibris.ee\/en\/wp-json\/wp\/v2\/product_tag?post=47341"},{"taxonomy":"series","embeddable":true,"href":"https:\/\/exlibris.ee\/en\/wp-json\/wp\/v2\/series?post=47341"},{"taxonomy":"publisher","embeddable":true,"href":"https:\/\/exlibris.ee\/en\/wp-json\/wp\/v2\/publisher?post=47341"}],"curies":[{"name":"wp","href":"https:\/\/api.w.org\/{rel}","templated":true}]}}