{"id":47347,"date":"2023-05-19T12:25:20","date_gmt":"2023-05-19T09:25:20","guid":{"rendered":"https:\/\/exlibris.ee\/toode\/gefahrlicher-ausflug-lekture-mit-audios-online\/"},"modified":"2026-04-28T18:17:59","modified_gmt":"2026-04-28T15:17:59","slug":"gefahrlicher-ausflug-lekture-mit-audios-online","status":"publish","type":"product","link":"https:\/\/exlibris.ee\/en\/product\/gefahrlicher-ausflug-lekture-mit-audios-online\/","title":{"rendered":"Gef\u00e4hrlicher Ausflug  Lekt\u00fcre mit Audios online"},"content":{"rendered":"<p>Zielgruppe: Kinder\/Jugendliche von 12\u201317 Jahren (Niveaustufe A2) Marie (15) und ihr kleiner Bruder Tim (10), machen zum ersten Mal Urlaub an der Nordsee, in einem kleinen Ferienhaus in Ostfriesland. Marie ist entsetzt \u2013 bis sie Paul (17) kennenlernt, einen Jungen aus Berlin, der auch zum ersten Mal im Norden Urlaub macht. Schnell wird klar, dass dieser Urlaub alles andere als langweilig wird. Eines Tages, als Maries Eltern einen Gro\u00dfeinkauf machen, gehen die Geschwister alleine zum Strand. Paul kommt und schl\u00e4gt vor, zu den Sandb\u00e4nken zu gehen, wo es jede Menge Seehunde geben soll. Cool! Sie machen sich auf den Weg ins Watt. Die Wattlandschaft ist fantastisch, so als w\u00fcrden sie auf dem Mond herumspazieren. Nichts ist zu sehen, nur der gl\u00e4nzende Meeresboden, der die Sonne reflektiert. Irgendwann erinnert Marie sich, dass sie nicht mehr so weit gehen d\u00fcrfen. Paul kann sich nicht vorstellen, dass das Wasser schneller sein soll als sie. Und da Marie nicht will, dass die Wanderung jemals aufh\u00f6rt, l\u00e4sst sie sich \u00fcberreden und sie gehen weiter, immer weiter &#8230; Doch dann werden sie vom Wasser eingeschlossen. Jetzt ist klar: Sie m\u00fcssen Hilfe holen! Die Handys sind nass und funktionieren nicht, ihr Rufen wird nicht geh\u00f6rt, das Wasser steigt und steigt. Da kommt Tim die rettende Idee &#8230; Das gesamte H\u00f6rbuch der Lekt\u00fcre und die Tracks zu den \u00dcbungen stehen als kostenloser MP3-Download zur Verf\u00fcgung. Mit vierfarbigen Zeichnungen: Portr\u00e4ts bei direkter Rede und beschriftete Illustrationen zur Wortschatzarbeit.<\/p>\n","protected":false},"excerpt":{"rendered":"<p>Zielgruppe: Kinder\/Jugendliche von 12\u201317 Jahren (Niveaustufe A2) Marie (15) und ihr kleiner Bruder Tim (10), machen zum ersten Mal Urlaub an der Nordsee, in einem kleinen Ferienhaus in Ostfriesland. Marie ist entsetzt \u2013 bis sie Paul (17) kennenlernt, einen Jungen&#8230;<\/p>\n","protected":false},"featured_media":57235,"template":"","meta":{"_acf_changed":false,"inline_featured_image":false},"product_brand":[],"product_cat":[851],"product_tag":[],"series":[{"id":1180,"name":"Gef\u00e4hrlicher Ausflug","slug":"gefahrlicher-ausflug"}],"publisher":[{"id":497,"name":"Hueber Verlag","slug":"hueber-verlag"}],"class_list":{"0":"post-47347","1":"product","2":"type-product","3":"status-publish","4":"has-post-thumbnail","6":"product_cat-lesetexte-deutsch","7":"series-gefahrlicher-ausflug","8":"publisher-hueber-verlag","10":"first","11":"onbackorder","12":"taxable","13":"shipping-taxable","14":"purchasable","15":"product-type-simple"},"acf":[],"_links":{"self":[{"href":"https:\/\/exlibris.ee\/en\/wp-json\/wp\/v2\/product\/47347","targetHints":{"allow":["GET"]}}],"collection":[{"href":"https:\/\/exlibris.ee\/en\/wp-json\/wp\/v2\/product"}],"about":[{"href":"https:\/\/exlibris.ee\/en\/wp-json\/wp\/v2\/types\/product"}],"wp:featuredmedia":[{"embeddable":true,"href":"https:\/\/exlibris.ee\/en\/wp-json\/wp\/v2\/media\/57235"}],"wp:attachment":[{"href":"https:\/\/exlibris.ee\/en\/wp-json\/wp\/v2\/media?parent=47347"}],"wp:term":[{"taxonomy":"product_brand","embeddable":true,"href":"https:\/\/exlibris.ee\/en\/wp-json\/wp\/v2\/product_brand?post=47347"},{"taxonomy":"product_cat","embeddable":true,"href":"https:\/\/exlibris.ee\/en\/wp-json\/wp\/v2\/product_cat?post=47347"},{"taxonomy":"product_tag","embeddable":true,"href":"https:\/\/exlibris.ee\/en\/wp-json\/wp\/v2\/product_tag?post=47347"},{"taxonomy":"series","embeddable":true,"href":"https:\/\/exlibris.ee\/en\/wp-json\/wp\/v2\/series?post=47347"},{"taxonomy":"publisher","embeddable":true,"href":"https:\/\/exlibris.ee\/en\/wp-json\/wp\/v2\/publisher?post=47347"}],"curies":[{"name":"wp","href":"https:\/\/api.w.org\/{rel}","templated":true}]}}