{"id":47349,"date":"2023-05-19T12:25:21","date_gmt":"2023-05-19T09:25:21","guid":{"rendered":"https:\/\/exlibris.ee\/toode\/menschen-im-beruf-pflege-a2-kursbuch-mit-audios-online\/"},"modified":"2026-04-11T17:40:59","modified_gmt":"2026-04-11T14:40:59","slug":"menschen-im-beruf-pflege-a2-kursbuch-mit-audios-online","status":"publish","type":"product","link":"https:\/\/exlibris.ee\/en\/product\/menschen-im-beruf-pflege-a2-kursbuch-mit-audios-online\/","title":{"rendered":"Menschen im Beruf &#8211; Pflege A2  Kursbuch mit Audios online"},"content":{"rendered":"<p>Das Lehrwerk vermittelt und trainiert den Wortschatz, h\u00e4ufig gebrauchte Ausdr\u00fccke und Redemittel, die Pflegekr\u00e4fte f\u00fcr ihre Arbeit in Kliniken, Altenheimen und bei der h\u00e4uslichen Pflege ben\u00f6tigen. Bei der Vermittlung der Fachsprache stehen die kommunikativen Fertigkeiten im Vordergrund. Die Inhalte entsprechen den Anforderungen der Pr\u00fcfung Deutsch Pflege. Parallel einsetzbar zu jedem allgemeinsprachlichen Lehrwerk der Niveaustufe A2 \u2013 wegen der \u00fcbereinstimmenden Progression besonders geeignet als fachsprachliche Erg\u00e4nzung zu dem Lehrwerk Menschen A2.<\/p>\n","protected":false},"excerpt":{"rendered":"<p>Das Lehrwerk vermittelt und trainiert den Wortschatz, h\u00e4ufig gebrauchte Ausdr\u00fccke und Redemittel, die Pflegekr\u00e4fte f\u00fcr ihre Arbeit in Kliniken, Altenheimen und bei der h\u00e4uslichen Pflege ben\u00f6tigen. Bei der Vermittlung der Fachsprache stehen die kommunikativen Fertigkeiten im Vordergrund. Die Inhalte entsprechen&#8230;<\/p>\n","protected":false},"featured_media":202689,"template":"","meta":{"_acf_changed":false,"inline_featured_image":false},"product_brand":[],"product_cat":[885],"product_tag":[],"series":[{"id":1163,"name":"Menschen im Beruf","slug":"menschen-im-beruf"}],"publisher":[{"id":497,"name":"Hueber Verlag","slug":"hueber-verlag"}],"class_list":{"0":"post-47349","1":"product","2":"type-product","3":"status-publish","4":"has-post-thumbnail","6":"product_cat-berufssprache","7":"series-menschen-im-beruf","8":"publisher-hueber-verlag","10":"first","11":"instock","12":"taxable","13":"shipping-taxable","14":"purchasable","15":"product-type-simple"},"acf":[],"_links":{"self":[{"href":"https:\/\/exlibris.ee\/en\/wp-json\/wp\/v2\/product\/47349","targetHints":{"allow":["GET"]}}],"collection":[{"href":"https:\/\/exlibris.ee\/en\/wp-json\/wp\/v2\/product"}],"about":[{"href":"https:\/\/exlibris.ee\/en\/wp-json\/wp\/v2\/types\/product"}],"wp:featuredmedia":[{"embeddable":true,"href":"https:\/\/exlibris.ee\/en\/wp-json\/wp\/v2\/media\/202689"}],"wp:attachment":[{"href":"https:\/\/exlibris.ee\/en\/wp-json\/wp\/v2\/media?parent=47349"}],"wp:term":[{"taxonomy":"product_brand","embeddable":true,"href":"https:\/\/exlibris.ee\/en\/wp-json\/wp\/v2\/product_brand?post=47349"},{"taxonomy":"product_cat","embeddable":true,"href":"https:\/\/exlibris.ee\/en\/wp-json\/wp\/v2\/product_cat?post=47349"},{"taxonomy":"product_tag","embeddable":true,"href":"https:\/\/exlibris.ee\/en\/wp-json\/wp\/v2\/product_tag?post=47349"},{"taxonomy":"series","embeddable":true,"href":"https:\/\/exlibris.ee\/en\/wp-json\/wp\/v2\/series?post=47349"},{"taxonomy":"publisher","embeddable":true,"href":"https:\/\/exlibris.ee\/en\/wp-json\/wp\/v2\/publisher?post=47349"}],"curies":[{"name":"wp","href":"https:\/\/api.w.org\/{rel}","templated":true}]}}