{"id":47403,"date":"2023-05-19T12:25:48","date_gmt":"2023-05-19T09:25:48","guid":{"rendered":"https:\/\/exlibris.ee\/toode\/rumpelstilzchen-drei-marchen-der-bruder-grimm-nacherzahlt-von-franz-specht-lekture-mit-audios-online\/"},"modified":"2026-04-06T09:15:01","modified_gmt":"2026-04-06T06:15:01","slug":"rumpelstilzchen-drei-marchen-der-bruder-grimm-nacherzahlt-von-franz-specht-lekture-mit-audios-online","status":"publish","type":"product","link":"https:\/\/exlibris.ee\/en\/product\/rumpelstilzchen-drei-marchen-der-bruder-grimm-nacherzahlt-von-franz-specht-lekture-mit-audios-online\/","title":{"rendered":"Rumpelstilzchen  Drei M\u00e4rchen der Br\u00fcder Grimm nacherz\u00e4hlt von Franz Specht \/ Lekt\u00fcre mit Audios online"},"content":{"rendered":"<p>Es war einmal vor vielen Jahren, da lebten in Deutschland zwei Br\u00fcder. Der eine hie\u00df Jakob und der andere hie\u00df Wilhelm. Sie sind durchs Land gewandert und haben M\u00e4rchen gesammelt. Sp\u00e4ter haben sie ein Buch daraus gemacht. Manche M\u00e4rchen der Br\u00fcder Grimm kennt man heute auf der ganzen Welt: \u201eH\u00e4nsel und Gretel\u201c zum Beispiel, \u201eSchneewittchen\u201c oder \u201eRotk\u00e4ppchen\u201c. Andere sind nicht so ber\u00fchmt, aber genauso sch\u00f6n. Drei davon finden Sie in diesem Heft: \u201eRumpelstilzchen\u201c, \u201eFrau Holle\u201c und \u201eVom Fischer und seiner Frau\u201c.<\/p>\n","protected":false},"excerpt":{"rendered":"<p>Es war einmal vor vielen Jahren, da lebten in Deutschland zwei Br\u00fcder. Der eine hie\u00df Jakob und der andere hie\u00df Wilhelm. Sie sind durchs Land gewandert und haben M\u00e4rchen gesammelt. Sp\u00e4ter haben sie ein Buch daraus gemacht. Manche M\u00e4rchen der&#8230;<\/p>\n","protected":false},"featured_media":55996,"template":"","meta":{"_acf_changed":false,"inline_featured_image":false},"product_brand":[],"product_cat":[851],"product_tag":[],"series":[{"id":1150,"name":"Rumpelstilzchen Drei M\u00e4rchen","slug":"rumpelstilzchen-drei-marchen"}],"publisher":[{"id":497,"name":"Hueber Verlag","slug":"hueber-verlag"}],"class_list":{"0":"post-47403","1":"product","2":"type-product","3":"status-publish","4":"has-post-thumbnail","6":"product_cat-lesetexte-deutsch","7":"series-rumpelstilzchen-drei-marchen","8":"publisher-hueber-verlag","10":"first","11":"onbackorder","12":"taxable","13":"shipping-taxable","14":"purchasable","15":"product-type-simple"},"acf":[],"_links":{"self":[{"href":"https:\/\/exlibris.ee\/en\/wp-json\/wp\/v2\/product\/47403","targetHints":{"allow":["GET"]}}],"collection":[{"href":"https:\/\/exlibris.ee\/en\/wp-json\/wp\/v2\/product"}],"about":[{"href":"https:\/\/exlibris.ee\/en\/wp-json\/wp\/v2\/types\/product"}],"wp:featuredmedia":[{"embeddable":true,"href":"https:\/\/exlibris.ee\/en\/wp-json\/wp\/v2\/media\/55996"}],"wp:attachment":[{"href":"https:\/\/exlibris.ee\/en\/wp-json\/wp\/v2\/media?parent=47403"}],"wp:term":[{"taxonomy":"product_brand","embeddable":true,"href":"https:\/\/exlibris.ee\/en\/wp-json\/wp\/v2\/product_brand?post=47403"},{"taxonomy":"product_cat","embeddable":true,"href":"https:\/\/exlibris.ee\/en\/wp-json\/wp\/v2\/product_cat?post=47403"},{"taxonomy":"product_tag","embeddable":true,"href":"https:\/\/exlibris.ee\/en\/wp-json\/wp\/v2\/product_tag?post=47403"},{"taxonomy":"series","embeddable":true,"href":"https:\/\/exlibris.ee\/en\/wp-json\/wp\/v2\/series?post=47403"},{"taxonomy":"publisher","embeddable":true,"href":"https:\/\/exlibris.ee\/en\/wp-json\/wp\/v2\/publisher?post=47403"}],"curies":[{"name":"wp","href":"https:\/\/api.w.org\/{rel}","templated":true}]}}