{"id":47406,"date":"2023-05-19T12:25:49","date_gmt":"2023-05-19T09:25:49","guid":{"rendered":"https:\/\/exlibris.ee\/toode\/phonetik-ubungen-und-tipps-fur-eine-gute-aussprache-b1-pdf-download\/"},"modified":"2026-04-26T12:08:57","modified_gmt":"2026-04-26T09:08:57","slug":"phonetik-ubungen-und-tipps-fur-eine-gute-aussprache-b1-pdf-download","status":"publish","type":"product","link":"https:\/\/exlibris.ee\/en\/product\/phonetik-ubungen-und-tipps-fur-eine-gute-aussprache-b1-pdf-download\/","title":{"rendered":"Phonetik \u2013 \u00dcbungen und Tipps f\u00fcr eine gute Aussprache B1  PDF-Download"},"content":{"rendered":"<p>Zielgruppe: F\u00fcr Selbstlerner und f\u00fcr den Einsatz im Unterricht &#8211; wenig Theorie und viele \u00dcbungen f\u00fcr die richtige Betonung und Aussprache &#8211; lernf\u00f6rdernde, humorvolle Illustrationen &#8211; inklusive der App Hueber Media mit Audiodateien und Videos zur Festigung des Gelernten.<\/p>\n","protected":false},"excerpt":{"rendered":"<p>Zielgruppe: F\u00fcr Selbstlerner und f\u00fcr den Einsatz im Unterricht &#8211; wenig Theorie und viele \u00dcbungen f\u00fcr die richtige Betonung und Aussprache &#8211; lernf\u00f6rdernde, humorvolle Illustrationen &#8211; inklusive der App Hueber Media mit Audiodateien und Videos zur Festigung des Gelernten.<\/p>\n","protected":false},"featured_media":55987,"template":"","meta":{"_acf_changed":false,"inline_featured_image":false},"product_brand":[],"product_cat":[558],"product_tag":[],"series":[{"id":1147,"name":"Phonetik","slug":"phonetik"}],"publisher":[{"id":497,"name":"Hueber Verlag","slug":"hueber-verlag"}],"class_list":{"0":"post-47406","1":"product","2":"type-product","3":"status-publish","4":"has-post-thumbnail","6":"product_cat-deutsch-uben","7":"series-phonetik","8":"publisher-hueber-verlag","10":"first","11":"onbackorder","12":"taxable","13":"shipping-taxable","14":"purchasable","15":"product-type-simple"},"acf":[],"_links":{"self":[{"href":"https:\/\/exlibris.ee\/en\/wp-json\/wp\/v2\/product\/47406","targetHints":{"allow":["GET"]}}],"collection":[{"href":"https:\/\/exlibris.ee\/en\/wp-json\/wp\/v2\/product"}],"about":[{"href":"https:\/\/exlibris.ee\/en\/wp-json\/wp\/v2\/types\/product"}],"wp:featuredmedia":[{"embeddable":true,"href":"https:\/\/exlibris.ee\/en\/wp-json\/wp\/v2\/media\/55987"}],"wp:attachment":[{"href":"https:\/\/exlibris.ee\/en\/wp-json\/wp\/v2\/media?parent=47406"}],"wp:term":[{"taxonomy":"product_brand","embeddable":true,"href":"https:\/\/exlibris.ee\/en\/wp-json\/wp\/v2\/product_brand?post=47406"},{"taxonomy":"product_cat","embeddable":true,"href":"https:\/\/exlibris.ee\/en\/wp-json\/wp\/v2\/product_cat?post=47406"},{"taxonomy":"product_tag","embeddable":true,"href":"https:\/\/exlibris.ee\/en\/wp-json\/wp\/v2\/product_tag?post=47406"},{"taxonomy":"series","embeddable":true,"href":"https:\/\/exlibris.ee\/en\/wp-json\/wp\/v2\/series?post=47406"},{"taxonomy":"publisher","embeddable":true,"href":"https:\/\/exlibris.ee\/en\/wp-json\/wp\/v2\/publisher?post=47406"}],"curies":[{"name":"wp","href":"https:\/\/api.w.org\/{rel}","templated":true}]}}