{"id":47418,"date":"2023-05-19T12:25:52","date_gmt":"2023-05-19T09:25:52","guid":{"rendered":"https:\/\/exlibris.ee\/toode\/horen-sprechen-c2-pdf-mp3-download\/"},"modified":"2026-04-07T03:37:53","modified_gmt":"2026-04-07T00:37:53","slug":"horen-sprechen-c2-pdf-mp3-download","status":"publish","type":"product","link":"https:\/\/exlibris.ee\/en\/product\/horen-sprechen-c2-pdf-mp3-download\/","title":{"rendered":"H\u00f6ren &amp; Sprechen C2  PDF\/MP3-Download"},"content":{"rendered":"<p>H\u00f6ren &amp; Sprechen C2 bietet ein gezieltes Training durch \u00dcbungen zum H\u00f6rverst\u00e4ndnis sowie Sprech\u00fcbungen zu allt\u00e4glichen Themen, Situationen in Beruf und Ausbildung sowie popul\u00e4rwissenschaftlichen Themen und Sprechanl\u00e4ssen.<\/p>\n","protected":false},"excerpt":{"rendered":"<p>H\u00f6ren &amp; Sprechen C2 bietet ein gezieltes Training durch \u00dcbungen zum H\u00f6rverst\u00e4ndnis sowie Sprech\u00fcbungen zu allt\u00e4glichen Themen, Situationen in Beruf und Ausbildung sowie popul\u00e4rwissenschaftlichen Themen und Sprechanl\u00e4ssen.<\/p>\n","protected":false},"featured_media":57556,"template":"","meta":{"_acf_changed":false,"inline_featured_image":false},"product_brand":[],"product_cat":[558],"product_tag":[],"series":[{"id":606,"name":"H\u00f6ren &amp; Sprechen","slug":"horen-sprechen"}],"publisher":[{"id":497,"name":"Hueber Verlag","slug":"hueber-verlag"}],"class_list":{"0":"post-47418","1":"product","2":"type-product","3":"status-publish","4":"has-post-thumbnail","6":"product_cat-deutsch-uben","7":"series-horen-sprechen","8":"publisher-hueber-verlag","10":"first","11":"onbackorder","12":"taxable","13":"shipping-taxable","14":"purchasable","15":"product-type-simple"},"acf":[],"_links":{"self":[{"href":"https:\/\/exlibris.ee\/en\/wp-json\/wp\/v2\/product\/47418","targetHints":{"allow":["GET"]}}],"collection":[{"href":"https:\/\/exlibris.ee\/en\/wp-json\/wp\/v2\/product"}],"about":[{"href":"https:\/\/exlibris.ee\/en\/wp-json\/wp\/v2\/types\/product"}],"wp:featuredmedia":[{"embeddable":true,"href":"https:\/\/exlibris.ee\/en\/wp-json\/wp\/v2\/media\/57556"}],"wp:attachment":[{"href":"https:\/\/exlibris.ee\/en\/wp-json\/wp\/v2\/media?parent=47418"}],"wp:term":[{"taxonomy":"product_brand","embeddable":true,"href":"https:\/\/exlibris.ee\/en\/wp-json\/wp\/v2\/product_brand?post=47418"},{"taxonomy":"product_cat","embeddable":true,"href":"https:\/\/exlibris.ee\/en\/wp-json\/wp\/v2\/product_cat?post=47418"},{"taxonomy":"product_tag","embeddable":true,"href":"https:\/\/exlibris.ee\/en\/wp-json\/wp\/v2\/product_tag?post=47418"},{"taxonomy":"series","embeddable":true,"href":"https:\/\/exlibris.ee\/en\/wp-json\/wp\/v2\/series?post=47418"},{"taxonomy":"publisher","embeddable":true,"href":"https:\/\/exlibris.ee\/en\/wp-json\/wp\/v2\/publisher?post=47418"}],"curies":[{"name":"wp","href":"https:\/\/api.w.org\/{rel}","templated":true}]}}