{"id":47431,"date":"2023-05-19T12:25:54","date_gmt":"2023-05-19T09:25:54","guid":{"rendered":"https:\/\/exlibris.ee\/toode\/lehr-und-ubungsbuch-der-deutschen-grammatik-aktuell-neubearbeitung-losungsschlussel-zu-allen-sprachfassungen-pdf-download\/"},"modified":"2026-04-13T05:38:06","modified_gmt":"2026-04-13T02:38:06","slug":"lehr-und-ubungsbuch-der-deutschen-grammatik-aktuell-neubearbeitung-losungsschlussel-zu-allen-sprachfassungen-pdf-download","status":"publish","type":"product","link":"https:\/\/exlibris.ee\/en\/product\/lehr-und-ubungsbuch-der-deutschen-grammatik-aktuell-neubearbeitung-losungsschlussel-zu-allen-sprachfassungen-pdf-download\/","title":{"rendered":"Lehr- und \u00dcbungsbuch der deutschen Grammatik \u2013 aktuell  Neubearbeitung \/ L\u00f6sungsschl\u00fcssel zu allen Sprachfassungen \/ PDF-Download"},"content":{"rendered":"<p>L\u00f6sungsschl\u00fcssel zum Lehr- und \u00dcbungsbuch der deutschen Grammatik.<\/p>\n","protected":false},"excerpt":{"rendered":"<p>L\u00f6sungsschl\u00fcssel zum Lehr- und \u00dcbungsbuch der deutschen Grammatik.<\/p>\n","protected":false},"featured_media":57664,"template":"","meta":{"_acf_changed":false,"inline_featured_image":false},"product_brand":[],"product_cat":[480],"product_tag":[],"series":[{"id":1133,"name":"Lehr- und \u00dcbungsbuch der deutschen Grammatik","slug":"lehr-und-ubungsbuch-der-deutschen-grammatik"}],"publisher":[{"id":497,"name":"Hueber Verlag","slug":"hueber-verlag"}],"class_list":{"0":"post-47431","1":"product","2":"type-product","3":"status-publish","4":"has-post-thumbnail","6":"product_cat-grammatiken","7":"series-lehr-und-ubungsbuch-der-deutschen-grammatik","8":"publisher-hueber-verlag","10":"first","11":"onbackorder","12":"taxable","13":"shipping-taxable","14":"purchasable","15":"product-type-simple"},"acf":[],"_links":{"self":[{"href":"https:\/\/exlibris.ee\/en\/wp-json\/wp\/v2\/product\/47431","targetHints":{"allow":["GET"]}}],"collection":[{"href":"https:\/\/exlibris.ee\/en\/wp-json\/wp\/v2\/product"}],"about":[{"href":"https:\/\/exlibris.ee\/en\/wp-json\/wp\/v2\/types\/product"}],"wp:featuredmedia":[{"embeddable":true,"href":"https:\/\/exlibris.ee\/en\/wp-json\/wp\/v2\/media\/57664"}],"wp:attachment":[{"href":"https:\/\/exlibris.ee\/en\/wp-json\/wp\/v2\/media?parent=47431"}],"wp:term":[{"taxonomy":"product_brand","embeddable":true,"href":"https:\/\/exlibris.ee\/en\/wp-json\/wp\/v2\/product_brand?post=47431"},{"taxonomy":"product_cat","embeddable":true,"href":"https:\/\/exlibris.ee\/en\/wp-json\/wp\/v2\/product_cat?post=47431"},{"taxonomy":"product_tag","embeddable":true,"href":"https:\/\/exlibris.ee\/en\/wp-json\/wp\/v2\/product_tag?post=47431"},{"taxonomy":"series","embeddable":true,"href":"https:\/\/exlibris.ee\/en\/wp-json\/wp\/v2\/series?post=47431"},{"taxonomy":"publisher","embeddable":true,"href":"https:\/\/exlibris.ee\/en\/wp-json\/wp\/v2\/publisher?post=47431"}],"curies":[{"name":"wp","href":"https:\/\/api.w.org\/{rel}","templated":true}]}}