{"id":47450,"date":"2023-05-19T12:25:58","date_gmt":"2023-05-19T09:25:58","guid":{"rendered":"https:\/\/exlibris.ee\/toode\/lesen-schreiben-a1-pdf-download\/"},"modified":"2026-04-04T03:23:57","modified_gmt":"2026-04-04T00:23:57","slug":"lesen-schreiben-a1-pdf-download","status":"publish","type":"product","link":"https:\/\/exlibris.ee\/en\/product\/lesen-schreiben-a1-pdf-download\/","title":{"rendered":"Lesen &amp; Schreiben A1  PDF-Download"},"content":{"rendered":"<p>Lesen &amp; Schreiben A1 regt mit abwechslungsreichen Texten zum Lesen an. \u00dcbungen zum Leseverstehen und zum schriftlichen Ausdruck trainieren gezielt die Fertigkeiten Lesen und Schreiben anhand der wichtigsten allt\u00e4glichen Themen \u2013 besonders f\u00fcr lernungewohnte Deutschlerner geeignet. Mit L\u00f6sungen zu den Aufgaben. Zur Vorbereitung auf die Pr\u00fcfung A1 geeignet.<\/p>\n","protected":false},"excerpt":{"rendered":"<p>Lesen &amp; Schreiben A1 regt mit abwechslungsreichen Texten zum Lesen an. \u00dcbungen zum Leseverstehen und zum schriftlichen Ausdruck trainieren gezielt die Fertigkeiten Lesen und Schreiben anhand der wichtigsten allt\u00e4glichen Themen \u2013 besonders f\u00fcr lernungewohnte Deutschlerner geeignet. Mit L\u00f6sungen zu den&#8230;<\/p>\n","protected":false},"featured_media":57760,"template":"","meta":{"_acf_changed":false,"inline_featured_image":false},"product_brand":[],"product_cat":[558],"product_tag":[],"series":[{"id":1167,"name":"Lesen &amp; Schreiben","slug":"lesen-schreiben"}],"publisher":[{"id":497,"name":"Hueber Verlag","slug":"hueber-verlag"}],"class_list":{"0":"post-47450","1":"product","2":"type-product","3":"status-publish","4":"has-post-thumbnail","6":"product_cat-deutsch-uben","7":"series-lesen-schreiben","8":"publisher-hueber-verlag","10":"first","11":"onbackorder","12":"taxable","13":"shipping-taxable","14":"purchasable","15":"product-type-simple"},"acf":[],"_links":{"self":[{"href":"https:\/\/exlibris.ee\/en\/wp-json\/wp\/v2\/product\/47450","targetHints":{"allow":["GET"]}}],"collection":[{"href":"https:\/\/exlibris.ee\/en\/wp-json\/wp\/v2\/product"}],"about":[{"href":"https:\/\/exlibris.ee\/en\/wp-json\/wp\/v2\/types\/product"}],"wp:featuredmedia":[{"embeddable":true,"href":"https:\/\/exlibris.ee\/en\/wp-json\/wp\/v2\/media\/57760"}],"wp:attachment":[{"href":"https:\/\/exlibris.ee\/en\/wp-json\/wp\/v2\/media?parent=47450"}],"wp:term":[{"taxonomy":"product_brand","embeddable":true,"href":"https:\/\/exlibris.ee\/en\/wp-json\/wp\/v2\/product_brand?post=47450"},{"taxonomy":"product_cat","embeddable":true,"href":"https:\/\/exlibris.ee\/en\/wp-json\/wp\/v2\/product_cat?post=47450"},{"taxonomy":"product_tag","embeddable":true,"href":"https:\/\/exlibris.ee\/en\/wp-json\/wp\/v2\/product_tag?post=47450"},{"taxonomy":"series","embeddable":true,"href":"https:\/\/exlibris.ee\/en\/wp-json\/wp\/v2\/series?post=47450"},{"taxonomy":"publisher","embeddable":true,"href":"https:\/\/exlibris.ee\/en\/wp-json\/wp\/v2\/publisher?post=47450"}],"curies":[{"name":"wp","href":"https:\/\/api.w.org\/{rel}","templated":true}]}}