{"id":47451,"date":"2023-05-19T12:25:58","date_gmt":"2023-05-19T09:25:58","guid":{"rendered":"https:\/\/exlibris.ee\/toode\/menschen-hier-a2-1-arbeitsbuch-mit-audios-online\/"},"modified":"2026-04-05T15:36:53","modified_gmt":"2026-04-05T12:36:53","slug":"menschen-hier-a2-1-arbeitsbuch-mit-audios-online","status":"publish","type":"product","link":"https:\/\/exlibris.ee\/en\/product\/menschen-hier-a2-1-arbeitsbuch-mit-audios-online\/","title":{"rendered":"Menschen hier A2.1  Arbeitsbuch mit Audios online"},"content":{"rendered":"<p>Arbeitsbuch Niveau A2.1 der sechsb\u00e4ndigen Ausgabe Mit der praktischen kostenlosen App Hueber Media k\u00f6nnen Sie die Audios per Smartphone abspielen.  Menschen hier \u2013 stellt das Leben in einem deutschsprachigen Land in den Fokus Wie bringt man Menschen am schnellsten zum Lernerfolg? Mit interessanten Inhalten, medialer Vielfalt und zielgruppenspezifischen Lernstrategien. Mit dem Kursbuch Menschen und dem Arbeitsbuch Menschen hier liegt nun ein optimales Paket f\u00fcr Integrationskurse vor. Das Arbeitsbuch Menschen hier setzt die inhaltlichen Anforderungen des Rahmencurriculums des Bundesamts f\u00fcr Migration und Fl\u00fcchtlinge (BAMF) um und bereitet auf den Deutschtest f\u00fcr Zuwanderer (DTZ) vor.<\/p>\n","protected":false},"excerpt":{"rendered":"<p>Arbeitsbuch Niveau A2.1 der sechsb\u00e4ndigen Ausgabe Mit der praktischen kostenlosen App Hueber Media k\u00f6nnen Sie die Audios per Smartphone abspielen. Menschen hier \u2013 stellt das Leben in einem deutschsprachigen Land in den Fokus Wie bringt man Menschen am schnellsten zum&#8230;<\/p>\n","protected":false},"featured_media":57769,"template":"","meta":{"_acf_changed":false,"inline_featured_image":false},"product_brand":[],"product_cat":[1121],"product_tag":[],"series":[{"id":555,"name":"Menschen A2","slug":"menschen-a2"}],"publisher":[{"id":497,"name":"Hueber Verlag","slug":"hueber-verlag"}],"class_list":{"0":"post-47451","1":"product","2":"type-product","3":"status-publish","4":"has-post-thumbnail","6":"product_cat-lehrwerke-fur-jugendliche-und-erwachsene","7":"series-menschen-a2","8":"publisher-hueber-verlag","10":"first","11":"onbackorder","12":"taxable","13":"shipping-taxable","14":"purchasable","15":"product-type-simple"},"acf":[],"_links":{"self":[{"href":"https:\/\/exlibris.ee\/en\/wp-json\/wp\/v2\/product\/47451","targetHints":{"allow":["GET"]}}],"collection":[{"href":"https:\/\/exlibris.ee\/en\/wp-json\/wp\/v2\/product"}],"about":[{"href":"https:\/\/exlibris.ee\/en\/wp-json\/wp\/v2\/types\/product"}],"wp:featuredmedia":[{"embeddable":true,"href":"https:\/\/exlibris.ee\/en\/wp-json\/wp\/v2\/media\/57769"}],"wp:attachment":[{"href":"https:\/\/exlibris.ee\/en\/wp-json\/wp\/v2\/media?parent=47451"}],"wp:term":[{"taxonomy":"product_brand","embeddable":true,"href":"https:\/\/exlibris.ee\/en\/wp-json\/wp\/v2\/product_brand?post=47451"},{"taxonomy":"product_cat","embeddable":true,"href":"https:\/\/exlibris.ee\/en\/wp-json\/wp\/v2\/product_cat?post=47451"},{"taxonomy":"product_tag","embeddable":true,"href":"https:\/\/exlibris.ee\/en\/wp-json\/wp\/v2\/product_tag?post=47451"},{"taxonomy":"series","embeddable":true,"href":"https:\/\/exlibris.ee\/en\/wp-json\/wp\/v2\/series?post=47451"},{"taxonomy":"publisher","embeddable":true,"href":"https:\/\/exlibris.ee\/en\/wp-json\/wp\/v2\/publisher?post=47451"}],"curies":[{"name":"wp","href":"https:\/\/api.w.org\/{rel}","templated":true}]}}