{"id":47458,"date":"2023-05-19T12:26:00","date_gmt":"2023-05-19T09:26:00","guid":{"rendered":"https:\/\/exlibris.ee\/toode\/momente-a2-kursbuch-plus-interaktive-version-2\/"},"modified":"2026-04-05T15:36:56","modified_gmt":"2026-04-05T12:36:56","slug":"momente-a2-kursbuch-plus-interaktive-version-2","status":"publish","type":"product","link":"https:\/\/exlibris.ee\/en\/product\/momente-a2-kursbuch-plus-interaktive-version-2\/","title":{"rendered":"Momente A2  Kursbuch plus interaktive Version"},"content":{"rendered":"<p>Momente \u2013 das intermediale Grundstufenlehrwerk f\u00fcr Deutsch als Fremdsprache Kursbuch A2 plus interaktive Version (\u00fcber Code im Buch abrufbar) der dreib\u00e4ndigen Ausgabe Zielgruppe: Erwachsene und Jugendliche ab 16 Jahren in A2-Kursen weltweit &#8211; modularer Aufbau: drei Lektionen \u00e0 vier Seiten plus ein \u201eMagazin\u201c pro Modul &#8211; jede Lektion beginnt mit einem interessanten und emotional ansprechenden Bildimpuls, in dem die Geschichte eines oder mehrerer Protagonisten erz\u00e4hlt wird &#8211; diese Geschichten bilden den thematischen Rahmen f\u00fcr die Erarbeitung des Lektionsstoffs mit Fokus auf Fertigkeiten, Grammatik, Wortschatz und Redemittel &#8211; in ausgew\u00e4hlten Lektionen gibt es einen fakultativen Film, in dem die Geschichte weitererz\u00e4hlt wird &#8211; das neue Wortfeld der Lektion wird in der Fu\u00dfzeile prominent als Bildlexikon pr\u00e4sentiert &#8211; der Lernstoff der Lektion ist intelligent verzahnt mit einem umfassenden und vielf\u00e4ltigen interaktiven Medienangebot an Clips zu Wortschatz, Grammatik und Kommunikation sowie passenden Zusatz\u00fcbungen &#8211; abwechslungsreiche kooperative Aufgabenformen f\u00f6rdern das gemeinsame Lernen &#8211; die Rubrik \u201eschon fertig\u201c in der Lektion und alternative Aufgaben auf den Aktionsseiten er\u00f6ffnen unkomplizierte Wege zu einem binnendifferenzierenden Unterricht &#8211; am Ende jeder Lektion bietet ein kurzer \u201eSchnelltest\u201c zu den Lernzielen die M\u00f6glichkeit, den eigenen Lernfortschritt zu \u00fcberpr\u00fcfen und mit binnendifferenzierenden interaktiven Zusatz\u00fcbungen individuell weiter zu lernen &#8211; jedes Modul wird durch ein vielseitiges \u201eMagazin\u201c abgerundet, das die Lektionsthemen sowie interessante landeskundliche Aspekte aus neuen inter- und plurikulturellen Perspektiven beleuchtet &#8211; Grammatik und Redemittel werden am Ende des Moduls \u00fcbersichtlich zusammengefasst, kleine erg\u00e4nzende \u00dcbungen helfen, den Lernstoff noch einmal zu wiederholen und zu vertiefen Die interaktive Version des Kursbuchs Momente A2 enth\u00e4lt: &#8211; digitales Kursbuch f\u00fcr Whiteboard, PC\/Mac und Tablet &#8211; alle H\u00f6rdateien und Filme des B<\/p>\n","protected":false},"excerpt":{"rendered":"<p>Momente \u2013 das intermediale Grundstufenlehrwerk f\u00fcr Deutsch als Fremdsprache Kursbuch A2 plus interaktive Version (\u00fcber Code im Buch abrufbar) der dreib\u00e4ndigen Ausgabe Zielgruppe: Erwachsene und Jugendliche ab 16 Jahren in A2-Kursen weltweit &#8211; modularer Aufbau: drei Lektionen \u00e0 vier Seiten&#8230;<\/p>\n","protected":false},"featured_media":57826,"template":"","meta":{"_acf_changed":false,"inline_featured_image":false},"product_brand":[],"product_cat":[1121],"product_tag":[],"series":[{"id":1128,"name":"Momente","slug":"momente"}],"publisher":[{"id":497,"name":"Hueber Verlag","slug":"hueber-verlag"}],"class_list":{"0":"post-47458","1":"product","2":"type-product","3":"status-publish","4":"has-post-thumbnail","6":"product_cat-lehrwerke-fur-jugendliche-und-erwachsene","7":"series-momente","8":"publisher-hueber-verlag","10":"first","11":"instock","12":"taxable","13":"shipping-taxable","14":"purchasable","15":"product-type-simple"},"acf":[],"_links":{"self":[{"href":"https:\/\/exlibris.ee\/en\/wp-json\/wp\/v2\/product\/47458","targetHints":{"allow":["GET"]}}],"collection":[{"href":"https:\/\/exlibris.ee\/en\/wp-json\/wp\/v2\/product"}],"about":[{"href":"https:\/\/exlibris.ee\/en\/wp-json\/wp\/v2\/types\/product"}],"wp:featuredmedia":[{"embeddable":true,"href":"https:\/\/exlibris.ee\/en\/wp-json\/wp\/v2\/media\/57826"}],"wp:attachment":[{"href":"https:\/\/exlibris.ee\/en\/wp-json\/wp\/v2\/media?parent=47458"}],"wp:term":[{"taxonomy":"product_brand","embeddable":true,"href":"https:\/\/exlibris.ee\/en\/wp-json\/wp\/v2\/product_brand?post=47458"},{"taxonomy":"product_cat","embeddable":true,"href":"https:\/\/exlibris.ee\/en\/wp-json\/wp\/v2\/product_cat?post=47458"},{"taxonomy":"product_tag","embeddable":true,"href":"https:\/\/exlibris.ee\/en\/wp-json\/wp\/v2\/product_tag?post=47458"},{"taxonomy":"series","embeddable":true,"href":"https:\/\/exlibris.ee\/en\/wp-json\/wp\/v2\/series?post=47458"},{"taxonomy":"publisher","embeddable":true,"href":"https:\/\/exlibris.ee\/en\/wp-json\/wp\/v2\/publisher?post=47458"}],"curies":[{"name":"wp","href":"https:\/\/api.w.org\/{rel}","templated":true}]}}