{"id":47464,"date":"2023-05-19T12:26:01","date_gmt":"2023-05-19T09:26:01","guid":{"rendered":"https:\/\/exlibris.ee\/toode\/momente-a2-arbeitsbuch-plus-interaktive-version-2\/"},"modified":"2026-04-05T15:36:58","modified_gmt":"2026-04-05T12:36:58","slug":"momente-a2-arbeitsbuch-plus-interaktive-version-2","status":"publish","type":"product","link":"https:\/\/exlibris.ee\/en\/product\/momente-a2-arbeitsbuch-plus-interaktive-version-2\/","title":{"rendered":"Momente A2  Arbeitsbuch plus interaktive Version"},"content":{"rendered":"<p>Momente \u2013 das intermediale Grundstufenlehrwerk f\u00fcr Deutsch als Fremdsprache Arbeitsbuch A2 plus interaktive Version (\u00fcber Code im Buch abrufbar) der dreib\u00e4ndigen Ausgabe Zielgruppe: Erwachsene und Jugendliche ab 16 Jahren in A2-Kursen weltweit &#8211; \u00dcbungen zum selbstst\u00e4ndigen Vertiefen von Grammatik, Wortschatz und Redemitteln &#8211; plurilinguale Aufgaben &#8211; binnendifferenzierende Aufgaben &#8211; systematisches Schreibtraining &#8211; gezieltes Aussprachetraining &#8211; fertigkeitenorientierte Tests &#8211; umfassendes Pr\u00fcfungstraining mit Tipps und Lernstrategien &#8211; Wiederholung Grammatik, Wortschatz und Redemittel &#8211; Fokusseiten zu berufsbezogenen Themen &#8211; binnendifferenzierende Aufgaben Lernwortschatz mit Kontexts\u00e4tzen und Lerntipps.<\/p>\n","protected":false},"excerpt":{"rendered":"<p>Momente \u2013 das intermediale Grundstufenlehrwerk f\u00fcr Deutsch als Fremdsprache Arbeitsbuch A2 plus interaktive Version (\u00fcber Code im Buch abrufbar) der dreib\u00e4ndigen Ausgabe Zielgruppe: Erwachsene und Jugendliche ab 16 Jahren in A2-Kursen weltweit &#8211; \u00dcbungen zum selbstst\u00e4ndigen Vertiefen von Grammatik, Wortschatz&#8230;<\/p>\n","protected":false},"featured_media":57877,"template":"","meta":{"_acf_changed":false,"inline_featured_image":false},"product_brand":[],"product_cat":[1121],"product_tag":[],"series":[{"id":1128,"name":"Momente","slug":"momente"}],"publisher":[{"id":497,"name":"Hueber Verlag","slug":"hueber-verlag"}],"class_list":{"0":"post-47464","1":"product","2":"type-product","3":"status-publish","4":"has-post-thumbnail","6":"product_cat-lehrwerke-fur-jugendliche-und-erwachsene","7":"series-momente","8":"publisher-hueber-verlag","10":"first","11":"instock","12":"taxable","13":"shipping-taxable","14":"purchasable","15":"product-type-simple"},"acf":[],"_links":{"self":[{"href":"https:\/\/exlibris.ee\/en\/wp-json\/wp\/v2\/product\/47464","targetHints":{"allow":["GET"]}}],"collection":[{"href":"https:\/\/exlibris.ee\/en\/wp-json\/wp\/v2\/product"}],"about":[{"href":"https:\/\/exlibris.ee\/en\/wp-json\/wp\/v2\/types\/product"}],"wp:featuredmedia":[{"embeddable":true,"href":"https:\/\/exlibris.ee\/en\/wp-json\/wp\/v2\/media\/57877"}],"wp:attachment":[{"href":"https:\/\/exlibris.ee\/en\/wp-json\/wp\/v2\/media?parent=47464"}],"wp:term":[{"taxonomy":"product_brand","embeddable":true,"href":"https:\/\/exlibris.ee\/en\/wp-json\/wp\/v2\/product_brand?post=47464"},{"taxonomy":"product_cat","embeddable":true,"href":"https:\/\/exlibris.ee\/en\/wp-json\/wp\/v2\/product_cat?post=47464"},{"taxonomy":"product_tag","embeddable":true,"href":"https:\/\/exlibris.ee\/en\/wp-json\/wp\/v2\/product_tag?post=47464"},{"taxonomy":"series","embeddable":true,"href":"https:\/\/exlibris.ee\/en\/wp-json\/wp\/v2\/series?post=47464"},{"taxonomy":"publisher","embeddable":true,"href":"https:\/\/exlibris.ee\/en\/wp-json\/wp\/v2\/publisher?post=47464"}],"curies":[{"name":"wp","href":"https:\/\/api.w.org\/{rel}","templated":true}]}}