{"id":47478,"date":"2023-05-19T12:26:20","date_gmt":"2023-05-19T09:26:20","guid":{"rendered":"https:\/\/exlibris.ee\/toode\/im-berufssprachkurs-paket-bruckenelement-und-b2-kurs-und-arbeitsbucher-plus-interaktive-versionen\/"},"modified":"2026-04-18T17:18:56","modified_gmt":"2026-04-18T14:18:56","slug":"im-berufssprachkurs-paket-bruckenelement-und-b2-kurs-und-arbeitsbucher-plus-interaktive-versionen","status":"publish","type":"product","link":"https:\/\/exlibris.ee\/en\/product\/im-berufssprachkurs-paket-bruckenelement-und-b2-kurs-und-arbeitsbucher-plus-interaktive-versionen\/","title":{"rendered":"Im Berufssprachkurs Paket Br\u00fcckenelement und B2  Kurs- und Arbeitsb\u00fccher plus interaktive Versionen"},"content":{"rendered":"<p>Im Berufssprachkurs Br\u00fcckenelement B1\/B2 und Im Berufssprachkurs B2 zum Paket-Vorteilspreis \u2013 nat\u00fcrlich inklusive interaktiver Version. Im Berufssprachkurs ist ma\u00dfgeschneidert f\u00fcr den Einsatz in Berufssprachkursen (gem. \u00a7 45a AufenthG des BAMF) sowie in allgemeinen DaZ-\/DaF-Kursen mit berufssprachlicher Ausrichtung. Im Berufssprachkurs Br\u00fcckenelement B1\/B2.<\/p>\n","protected":false},"excerpt":{"rendered":"<p>Im Berufssprachkurs Br\u00fcckenelement B1\/B2 und Im Berufssprachkurs B2 zum Paket-Vorteilspreis \u2013 nat\u00fcrlich inklusive interaktiver Version. Im Berufssprachkurs ist ma\u00dfgeschneidert f\u00fcr den Einsatz in Berufssprachkursen (gem. \u00a7 45a AufenthG des BAMF) sowie in allgemeinen DaZ-\/DaF-Kursen mit berufssprachlicher Ausrichtung. Im Berufssprachkurs Br\u00fcckenelement&#8230;<\/p>\n","protected":false},"featured_media":57976,"template":"","meta":{"_acf_changed":false,"inline_featured_image":false},"product_brand":[],"product_cat":[885],"product_tag":[],"series":[{"id":1185,"name":"Im Berufssprachkurs","slug":"im-berufssprachkurs"}],"publisher":[{"id":497,"name":"Hueber Verlag","slug":"hueber-verlag"}],"class_list":{"0":"post-47478","1":"product","2":"type-product","3":"status-publish","4":"has-post-thumbnail","6":"product_cat-berufssprache","7":"series-im-berufssprachkurs","8":"publisher-hueber-verlag","10":"first","11":"onbackorder","12":"taxable","13":"shipping-taxable","14":"purchasable","15":"product-type-simple"},"acf":[],"_links":{"self":[{"href":"https:\/\/exlibris.ee\/en\/wp-json\/wp\/v2\/product\/47478","targetHints":{"allow":["GET"]}}],"collection":[{"href":"https:\/\/exlibris.ee\/en\/wp-json\/wp\/v2\/product"}],"about":[{"href":"https:\/\/exlibris.ee\/en\/wp-json\/wp\/v2\/types\/product"}],"wp:featuredmedia":[{"embeddable":true,"href":"https:\/\/exlibris.ee\/en\/wp-json\/wp\/v2\/media\/57976"}],"wp:attachment":[{"href":"https:\/\/exlibris.ee\/en\/wp-json\/wp\/v2\/media?parent=47478"}],"wp:term":[{"taxonomy":"product_brand","embeddable":true,"href":"https:\/\/exlibris.ee\/en\/wp-json\/wp\/v2\/product_brand?post=47478"},{"taxonomy":"product_cat","embeddable":true,"href":"https:\/\/exlibris.ee\/en\/wp-json\/wp\/v2\/product_cat?post=47478"},{"taxonomy":"product_tag","embeddable":true,"href":"https:\/\/exlibris.ee\/en\/wp-json\/wp\/v2\/product_tag?post=47478"},{"taxonomy":"series","embeddable":true,"href":"https:\/\/exlibris.ee\/en\/wp-json\/wp\/v2\/series?post=47478"},{"taxonomy":"publisher","embeddable":true,"href":"https:\/\/exlibris.ee\/en\/wp-json\/wp\/v2\/publisher?post=47478"}],"curies":[{"name":"wp","href":"https:\/\/api.w.org\/{rel}","templated":true}]}}