{"id":47481,"date":"2023-05-19T12:26:21","date_gmt":"2023-05-19T09:26:21","guid":{"rendered":"https:\/\/exlibris.ee\/toode\/prufung-express-zertifikat-deutsch-telc-deutsch-b1-ubungsbuch-mit-audios-online\/"},"modified":"2026-04-04T21:29:46","modified_gmt":"2026-04-04T18:29:46","slug":"prufung-express-zertifikat-deutsch-telc-deutsch-b1-ubungsbuch-mit-audios-online","status":"publish","type":"product","link":"https:\/\/exlibris.ee\/en\/product\/prufung-express-zertifikat-deutsch-telc-deutsch-b1-ubungsbuch-mit-audios-online\/","title":{"rendered":"Pr\u00fcfung Express \u2013 Zertifikat Deutsch \u2013 telc Deutsch B1  \u00dcbungsbuch mit Audios online"},"content":{"rendered":"<p>Zielgruppe: F\u00fcr Selbstlerner, die sich schnell auf ihre Deutschpr\u00fcfung vorbereiten m\u00f6chten, sowie f\u00fcr Lehrende, die die sich einen schnellen \u00dcberblick \u00fcber die Pr\u00fcfung und deren Anforderungen verschaffen wollen Das \u00dcbungsbuch enth\u00e4lt 2 Pr\u00fcfungss\u00e4tze: &#8211; Pr\u00fcfungssatz 1 mit Hinweisen zu den einzelnen Pr\u00fcfungsteilen (Umfang, Dauer, Punkte, Aufgaben) sowie zu Strategien f\u00fcr ein erfolgreiches Bestehen der Pr\u00fcfung. &#8211; Pr\u00fcfungssatz 2 ohne Hinweise, zur selbstst\u00e4ndigen Bearbeitung einer kompletten Pr\u00fcfung Im Anhang gibt es Redemittellisten zu den Pr\u00fcfungsteilen Schreiben und Sprechen. Sammlung der wichtigsten Ausdr\u00fccke f\u00fcr die Pr\u00fcfungsteile \u201eSchreiben\u201c und \u201eSprechen\u201c Kommentierte L\u00f6sungen und Transkriptionen der H\u00f6rtexte.<\/p>\n","protected":false},"excerpt":{"rendered":"<p>Zielgruppe: F\u00fcr Selbstlerner, die sich schnell auf ihre Deutschpr\u00fcfung vorbereiten m\u00f6chten, sowie f\u00fcr Lehrende, die die sich einen schnellen \u00dcberblick \u00fcber die Pr\u00fcfung und deren Anforderungen verschaffen wollen Das \u00dcbungsbuch enth\u00e4lt 2 Pr\u00fcfungss\u00e4tze: &#8211; Pr\u00fcfungssatz 1 mit Hinweisen zu den&#8230;<\/p>\n","protected":false},"featured_media":57988,"template":"","meta":{"_acf_changed":false,"inline_featured_image":false},"product_brand":[],"product_cat":[507],"product_tag":[],"series":[{"id":1187,"name":"Pr\u00fcfung Express","slug":"prufung-express"}],"publisher":[{"id":497,"name":"Hueber Verlag","slug":"hueber-verlag"}],"class_list":{"0":"post-47481","1":"product","2":"type-product","3":"status-publish","4":"has-post-thumbnail","6":"product_cat-prufungsvorbereitung","7":"series-prufung-express","8":"publisher-hueber-verlag","10":"first","11":"onbackorder","12":"taxable","13":"shipping-taxable","14":"purchasable","15":"product-type-simple"},"acf":[],"_links":{"self":[{"href":"https:\/\/exlibris.ee\/en\/wp-json\/wp\/v2\/product\/47481","targetHints":{"allow":["GET"]}}],"collection":[{"href":"https:\/\/exlibris.ee\/en\/wp-json\/wp\/v2\/product"}],"about":[{"href":"https:\/\/exlibris.ee\/en\/wp-json\/wp\/v2\/types\/product"}],"wp:featuredmedia":[{"embeddable":true,"href":"https:\/\/exlibris.ee\/en\/wp-json\/wp\/v2\/media\/57988"}],"wp:attachment":[{"href":"https:\/\/exlibris.ee\/en\/wp-json\/wp\/v2\/media?parent=47481"}],"wp:term":[{"taxonomy":"product_brand","embeddable":true,"href":"https:\/\/exlibris.ee\/en\/wp-json\/wp\/v2\/product_brand?post=47481"},{"taxonomy":"product_cat","embeddable":true,"href":"https:\/\/exlibris.ee\/en\/wp-json\/wp\/v2\/product_cat?post=47481"},{"taxonomy":"product_tag","embeddable":true,"href":"https:\/\/exlibris.ee\/en\/wp-json\/wp\/v2\/product_tag?post=47481"},{"taxonomy":"series","embeddable":true,"href":"https:\/\/exlibris.ee\/en\/wp-json\/wp\/v2\/series?post=47481"},{"taxonomy":"publisher","embeddable":true,"href":"https:\/\/exlibris.ee\/en\/wp-json\/wp\/v2\/publisher?post=47481"}],"curies":[{"name":"wp","href":"https:\/\/api.w.org\/{rel}","templated":true}]}}